{"id":3328,"date":"2025-06-18T02:20:25","date_gmt":"2025-06-18T02:20:25","guid":{"rendered":"https:\/\/windboostersales.com\/?post_type=product&#038;p=3328"},"modified":"2025-06-18T07:56:20","modified_gmt":"2025-06-18T07:56:20","slug":"mini","status":"publish","type":"product","link":"https:\/\/windboostersales.com\/pt\/mini\/","title":{"rendered":"WINDBOOSTER BLUETOOTH THRROTTLE CONTROLLER PARA MINI"},"content":{"rendered":"","protected":false},"excerpt":{"rendered":"<p><a><strong>Controle de aplicativos m\u00f3veis<\/strong><\/a>:  F\u00e1cil opera\u00e7\u00e3o sem fio com aplicativos Android\/iOS.<br \/>\n<strong>: Curvas de acelera\u00e7\u00e3o personaliz\u00e1veis<\/strong>: Adjust the throttle curve to match your driving style for a personalized experience.<br \/>\n<strong>Resposta do acelerador aprimorada<\/strong>:  Aproveite uma resposta de pedal mais r\u00e1pida do que os sistemas de estoque para melhor desempenho.<br \/>\n<strong>Elimine o atraso de acelera\u00e7\u00e3o<\/strong> : Experimente entrega de energia instant\u00e2nea, sem atrasos.<br \/>\n<strong>Compatibilidade Universal de Ve\u00edculos<\/strong>: Funciona com ve\u00edculos a diesel, gasolina e outros, incluindo modelos com volante \u00e0 esquerda e \u00e0 direita.<br \/>\n<strong>V\u00e1rios modos de acelera\u00e7\u00e3o<\/strong>: Selecione entre 10 modos de curvas de acelera\u00e7\u00e3o e 40 op\u00e7\u00f5es de ajuste personaliz\u00e1veis para sua sensa\u00e7\u00e3o de dire\u00e7\u00e3o preferida.<br \/>\n<strong>Instala\u00e7\u00e3o simples<\/strong>: Conex\u00e3o direta plug-and-play ao chicote do acelerador \u2014 sem necessidade de corte de fio e porta OBDII.<br \/>\n<strong>Garantia de 30 dias<\/strong>:  Experimente sem preocupa\u00e7\u00f5es com nossa garantia de devolu\u00e7\u00e3o de dinheiro se voc\u00ea n\u00e3o estiver satisfeito.<\/p>","protected":false},"featured_media":3345,"comment_status":"closed","ping_status":"closed","template":"","meta":[],"product_brand":[423],"product_cat":[352],"product_tag":[133,290,285,424,299],"class_list":{"0":"post-3328","1":"product","2":"type-product","3":"status-publish","4":"has-post-thumbnail","6":"product_brand-mini","7":"product_cat-mini","8":"product_tag-drive-by-wire-throttle-enhancement-device","9":"product_tag-fine-tuned-throttle-control-for-cars","10":"product_tag-improved-acceleration-with-windbooster","11":"product_tag-mini","12":"product_tag-vehicle-acceleration-improvement-tool","13":"wcpa_has_options","15":"first","16":"instock","17":"sale","18":"shipping-taxable","19":"purchasable","20":"product-type-simple"},"wcpa_form_fields":{"wcpaData":{"product":{"product_price":189,"price_html":"<del aria-hidden=\"true\"><span class=\"woocommerce-Price-amount amount\"><bdi><span class=\"woocommerce-Price-currencySymbol\">&#36;<\/span>259.00<\/bdi><\/span><\/del> <span class=\"screen-reader-text\">O pre\u00e7o original era: &#036;259.00.<\/span><ins aria-hidden=\"true\"><span class=\"woocommerce-Price-amount amount\"><bdi><span class=\"woocommerce-Price-currencySymbol\">&#36;<\/span>189.00<\/bdi><\/span><\/ins><span class=\"screen-reader-text\">O pre\u00e7o atual \u00e9: &#036;189.00.<\/span>","original_product_price":259,"price_including_tax":189,"price_excluding_tax":189,"product_id":{"parent":3328,"variation":false},"is_variable":false,"stock_status":"instock","stock_quantity":null,"parent_sku":"Acura-2-1-1-1-1-1-1-1-1-1-2-2-1-1-1-1-1-1-1-1-1-1-1-1-1-1-1-2-1-1-1-1-1-1-1-2-1","product_attributes":[],"custom_fields":[],"is_taxable":false,"product_name":"WINDBOOSTER BLUETOOTH THRROTTLE CONTROLLER FOR MINI"},"fields":{"sec_368493a8777c86":{"extra":{"key":"sec_368493a8777c86","section_id":"sec_368493a8777c86","name":"Default","status":1,"cl_rule":"show","enableCl":false,"relations":[],"toggle":true,"title_tag":"h3","show_title":false,"showPrice":"default","form_id":2738,"form_rules":{"exclude_from_discount":false,"fee_label":"Fee","disp_hide_options_price":false,"disp_show_section_price":false,"disp_show_field_price":true,"layout_option":"standard","pric_use_as_fee":false,"process_fee_as":"woo_fee"},"layout_option":"standard"},"fields":[[{"active":true,"col":6,"relations":[],"cl_rule":"show","enableCl":true,"price":"","enablePrice":false,"className":"","label_position":"default","desc_position":"default","type":"select","required":true,"elementId":"select_968493a8777caa","label":"MAKE","name":"select_968493a8777caa","values":[{"label":"MINI","value":"Option - 1","selected":false,"tempId":"aco_214","gt_translate_keys":["label"]}],"dropdown_type":"basic","error":false,"multiple":false,"repeater":false,"repeater_field_label":"{field_label}","repeater_bind":"","gt_translate_keys":["label","repeater_field_label"],"price_dependency":false,"cl_dependency":["select_868493a8777cb5"],"value":""}]]},"sec_368493a8777cac":{"extra":{"key":"sec_368493a8777cac","section_id":"sec_368493a8777cac","name":"Car Model","status":1,"cl_rule":"show","enableCl":false,"relations":[],"toggle":true,"title_tag":"h4","show_title":false,"showPrice":"default","form_id":2738,"form_rules":{"exclude_from_discount":false,"fee_label":"Fee","disp_hide_options_price":false,"disp_show_section_price":false,"disp_show_field_price":true,"layout_option":"standard","pric_use_as_fee":false,"process_fee_as":"woo_fee"},"layout_option":"standard"},"fields":[[{"active":true,"col":6,"relations":[{"operator":false,"rules":[{"operator":"AND","rules":{"cl_field":"select_968493a8777caa","cl_relation":"is_visible","cl_val":""}}]}],"cl_rule":"show","enableCl":true,"price":"","enablePrice":false,"className":"","label_position":"default","desc_position":"default","type":"select","required":true,"elementId":"select_868493a8777cb5","label":"MODEL","name":"select_868493a8777cb5","values":[{"label":"ALL MODELS","value":"Option - 1","selected":false,"tempId":"aco_1126","gt_translate_keys":["label"]}],"dropdown_type":"basic","error":false,"placeholder":"Please Select a Model","gt_translate_keys":["label","placeholder"],"price_dependency":false,"cl_dependency":["select_568493a8777cbd"],"value":""}]]},"sec_268493a8777cb6":{"extra":{"key":"sec_268493a8777cb6","section_id":"sec_268493a8777cb6","name":"Year","status":1,"cl_rule":"show","enableCl":true,"relations":[],"toggle":true,"title_tag":"h4","show_title":false,"showPrice":"default","form_id":2738,"form_rules":{"exclude_from_discount":false,"fee_label":"Fee","disp_hide_options_price":false,"disp_show_section_price":false,"disp_show_field_price":true,"layout_option":"standard","pric_use_as_fee":false,"process_fee_as":"woo_fee"},"layout_option":"standard"},"fields":[[{"active":true,"col":6,"relations":[{"operator":false,"rules":[{"operator":"AND","rules":{"cl_field":"select_868493a8777cb5","cl_relation":"is_visible","cl_val":""}}]}],"cl_rule":"show","enableCl":true,"price":"","enablePrice":false,"className":"","label_position":"default","desc_position":"default","type":"select","required":true,"elementId":"select_568493a8777cbd","label":"YEAR","name":"select_568493a8777cbd","values":[{"label":"2000 - ONWARDS","value":"Option - 1","selected":false,"tempId":"aco_1811","gt_translate_keys":["label"]}],"dropdown_type":"basic","error":false,"placeholder":"Please Select a Year","gt_translate_keys":["label","placeholder"],"price_dependency":false,"cl_dependency":false,"value":""}]]}},"config":{"price_override":"","enable_recaptcha":false,"bind_quantity":false,"quantity_bind_formula":false,"disp_summ_show_option_price":true,"disp_summ_show_product_price":true,"disp_summ_show_total_price":true,"disp_summ_show_fee":false,"disp_summ_show_discount":false,"summary_title":"","options_total_label":"Options Price","total_label":"Total","options_product_label":"Product Price","fee_label":"Fee","discount_label":"Discount","has_price":true,"has_quantity_formula":false},"mc_unit":1,"tax_rate":1,"tax_rate_real":1,"discount":{"percentage":0,"fixed":0},"design":{"conf":{"LabelPosition":"left","DescPosition":"left","UploadField":"custom_1","QuantityFieldStyle":"custom_1"},"css":{"LeftLabelWidth":"62px"}},"formulas":[],"clones":false,"cartKey":false}},"_links":{"self":[{"href":"https:\/\/windboostersales.com\/pt\/wp-json\/wp\/v2\/product\/3328","targetHints":{"allow":["GET"]}}],"collection":[{"href":"https:\/\/windboostersales.com\/pt\/wp-json\/wp\/v2\/product"}],"about":[{"href":"https:\/\/windboostersales.com\/pt\/wp-json\/wp\/v2\/types\/product"}],"replies":[{"embeddable":true,"href":"https:\/\/windboostersales.com\/pt\/wp-json\/wp\/v2\/comments?post=3328"}],"version-history":[{"count":0,"href":"https:\/\/windboostersales.com\/pt\/wp-json\/wp\/v2\/product\/3328\/revisions"}],"wp:featuredmedia":[{"embeddable":true,"href":"https:\/\/windboostersales.com\/pt\/wp-json\/wp\/v2\/media\/3345"}],"wp:attachment":[{"href":"https:\/\/windboostersales.com\/pt\/wp-json\/wp\/v2\/media?parent=3328"}],"wp:term":[{"taxonomy":"product_brand","embeddable":true,"href":"https:\/\/windboostersales.com\/pt\/wp-json\/wp\/v2\/product_brand?post=3328"},{"taxonomy":"product_cat","embeddable":true,"href":"https:\/\/windboostersales.com\/pt\/wp-json\/wp\/v2\/product_cat?post=3328"},{"taxonomy":"product_tag","embeddable":true,"href":"https:\/\/windboostersales.com\/pt\/wp-json\/wp\/v2\/product_tag?post=3328"}],"curies":[{"name":"wp","href":"https:\/\/api.w.org\/{rel}","templated":true}]}}