{"id":3325,"date":"2025-06-18T02:16:01","date_gmt":"2025-06-18T02:16:01","guid":{"rendered":"https:\/\/windboostersales.com\/?post_type=product&#038;p=3325"},"modified":"2025-06-18T02:17:18","modified_gmt":"2025-06-18T02:17:18","slug":"mazda","status":"publish","type":"product","link":"https:\/\/windboostersales.com\/pt\/mazda\/","title":{"rendered":"WINDBOOSTER BLUETOOTH THRROTTLE CONTROLLER PARA MAZDA"},"content":{"rendered":"","protected":false},"excerpt":{"rendered":"<p><a><strong>Controle de aplicativos m\u00f3veis<\/strong><\/a>:  F\u00e1cil opera\u00e7\u00e3o sem fio com aplicativos Android\/iOS.<br \/>\n<strong>: Curvas de acelera\u00e7\u00e3o personaliz\u00e1veis<\/strong>: Adjust the throttle curve to match your driving style for a personalized experience.<br \/>\n<strong>Resposta do acelerador aprimorada<\/strong>:  Aproveite uma resposta de pedal mais r\u00e1pida do que os sistemas de estoque para melhor desempenho.<br \/>\n<strong>Elimine o atraso de acelera\u00e7\u00e3o<\/strong> : Experimente entrega de energia instant\u00e2nea, sem atrasos.<br \/>\n<strong>Compatibilidade Universal de Ve\u00edculos<\/strong>: Funciona com ve\u00edculos a diesel, gasolina e outros, incluindo modelos com volante \u00e0 esquerda e \u00e0 direita.<br \/>\n<strong>V\u00e1rios modos de acelera\u00e7\u00e3o<\/strong>: Selecione entre 10 modos de curvas de acelera\u00e7\u00e3o e 40 op\u00e7\u00f5es de ajuste personaliz\u00e1veis para sua sensa\u00e7\u00e3o de dire\u00e7\u00e3o preferida.<br \/>\n<strong>Instala\u00e7\u00e3o simples<\/strong>: Conex\u00e3o direta plug-and-play ao chicote do acelerador \u2014 sem necessidade de corte de fio e porta OBDII.<br \/>\n<strong>Garantia de 30 dias<\/strong>:  Experimente sem preocupa\u00e7\u00f5es com nossa garantia de devolu\u00e7\u00e3o de dinheiro se voc\u00ea n\u00e3o estiver satisfeito.<\/p>","protected":false},"featured_media":3313,"comment_status":"closed","ping_status":"closed","template":"","meta":[],"product_brand":[417],"product_cat":[349],"product_tag":[133,290,285,418,299],"class_list":{"0":"post-3325","1":"product","2":"type-product","3":"status-publish","4":"has-post-thumbnail","6":"product_brand-mazda","7":"product_cat-mazda","8":"product_tag-drive-by-wire-throttle-enhancement-device","9":"product_tag-fine-tuned-throttle-control-for-cars","10":"product_tag-improved-acceleration-with-windbooster","11":"product_tag-mazda","12":"product_tag-vehicle-acceleration-improvement-tool","13":"wcpa_has_options","15":"first","16":"instock","17":"sale","18":"shipping-taxable","19":"purchasable","20":"product-type-simple"},"wcpa_form_fields":{"wcpaData":{"product":{"product_price":189,"price_html":"<del aria-hidden=\"true\"><span class=\"woocommerce-Price-amount amount\"><bdi><span class=\"woocommerce-Price-currencySymbol\">&#36;<\/span>259.00<\/bdi><\/span><\/del> <span class=\"screen-reader-text\">O pre\u00e7o original era: &#036;259.00.<\/span><ins aria-hidden=\"true\"><span class=\"woocommerce-Price-amount amount\"><bdi><span class=\"woocommerce-Price-currencySymbol\">&#36;<\/span>189.00<\/bdi><\/span><\/ins><span class=\"screen-reader-text\">O pre\u00e7o atual \u00e9: &#036;189.00.<\/span>","original_product_price":259,"price_including_tax":189,"price_excluding_tax":189,"product_id":{"parent":3325,"variation":false},"is_variable":false,"stock_status":"instock","stock_quantity":null,"parent_sku":"Acura-2-1-1-1-1-1-1-1-1-1-2-2-1-1-1-1-1-1-1-1-1-1-1-1-1-1-1-2-1-1-1-1-1-1-1","product_attributes":[],"custom_fields":[],"is_taxable":false,"product_name":"WINDBOOSTER BLUETOOTH THRROTTLE CONTROLLER FOR MAZDA"},"fields":{"sec_96849209b6bd67":{"extra":{"key":"sec_96849209b6bd67","section_id":"sec_96849209b6bd67","name":"Default","status":1,"cl_rule":"show","enableCl":false,"relations":[],"toggle":true,"title_tag":"h3","show_title":false,"showPrice":"default","form_id":2734,"form_rules":{"exclude_from_discount":false,"fee_label":"Fee","disp_hide_options_price":false,"disp_show_section_price":false,"disp_show_field_price":true,"layout_option":"standard","pric_use_as_fee":false,"process_fee_as":"woo_fee"},"layout_option":"standard"},"fields":[[{"active":true,"col":6,"relations":[],"cl_rule":"show","enableCl":true,"price":"","enablePrice":false,"className":"","label_position":"default","desc_position":"default","type":"select","required":true,"elementId":"select_06849209b6bd8d","label":"MAKE","name":"select_06849209b6bd8d","values":[{"label":"MAZDA","value":"Option - 1","selected":false,"tempId":"aco_214","gt_translate_keys":["label"]}],"dropdown_type":"basic","error":false,"multiple":false,"repeater":false,"repeater_field_label":"{field_label}","repeater_bind":"","gt_translate_keys":["label","repeater_field_label"],"price_dependency":false,"cl_dependency":["select_36849209b6bd98"],"value":""}]]},"sec_46849209b6bd90":{"extra":{"key":"sec_46849209b6bd90","section_id":"sec_46849209b6bd90","name":"Car Model","status":1,"cl_rule":"show","enableCl":false,"relations":[],"toggle":true,"title_tag":"h4","show_title":false,"showPrice":"default","form_id":2734,"form_rules":{"exclude_from_discount":false,"fee_label":"Fee","disp_hide_options_price":false,"disp_show_section_price":false,"disp_show_field_price":true,"layout_option":"standard","pric_use_as_fee":false,"process_fee_as":"woo_fee"},"layout_option":"standard"},"fields":[[{"active":true,"col":6,"relations":[{"operator":false,"rules":[{"operator":"AND","rules":{"cl_field":"select_06849209b6bd8d","cl_relation":"is_visible","cl_val":""}}]}],"cl_rule":"show","enableCl":true,"price":"","enablePrice":false,"className":"","label_position":"default","desc_position":"default","type":"select","required":true,"elementId":"select_36849209b6bd98","label":"MODEL","name":"select_36849209b6bd98","values":[{"label":"BT-50\u00a0- 1nd Gen ","value":"Option - 1","selected":false,"tempId":"aco_1126","gt_translate_keys":["label"]},{"label":"BT-50\u00a0- 2nd Gen UP\/UR ","value":"Option - 2","selected":false,"tempId":"aco_1127","gt_translate_keys":["label"]},{"label":"BT-50 -3rd Gen","value":"Option - 3","selected":false,"tempId":"aco_1128","gt_translate_keys":["label"]},{"label":"CX-3 - DK(2.0L)","value":"Option - 4","selected":false,"tempId":"aco_1129","gt_translate_keys":["label"]},{"label":"CX-30 - DM(2.0L)","value":"Option - 5","selected":false,"tempId":"aco_1130","gt_translate_keys":["label"]},{"label":"CX-5 -\u00a0KE(2.0L-2.5L)","value":"Option - 6","selected":false,"tempId":"aco_1131","gt_translate_keys":["label"]},{"label":"CX-5 - KF(2.0L-2.2 L Diesel-2.5L)","value":"Option - 7","selected":false,"tempId":"aco_1132","gt_translate_keys":["label"]},{"label":"CX-50 ","value":"Option - 8","selected":false,"tempId":"aco_1133","gt_translate_keys":["label"]},{"label":"A6 - 4F\/ 2.0L TDI\/2.4L\/2.7L TD\/3.0L TDI\/A6 - 3.2L FSI\/4.2L ","value":"Option - 9","selected":false,"tempId":"aco_1134","gt_translate_keys":["label"]},{"label":"CX-9 - 2nd Gen TC(2.5L)","value":"Option - 10","selected":false,"tempId":"aco_1135","gt_translate_keys":["label"]},{"label":"2\u00a0-\u00a02nd Gen DY\/Demio\u00a0","value":"Option - 11","selected":false,"tempId":"aco_1136","gt_translate_keys":["label"]},{"label":"2 - 3rd Gen DE\/DH 1.5L","value":"Option - 12","selected":false,"tempId":"aco_1137","gt_translate_keys":["label"]},{"label":"2 - 3rd Gen DJ\/DL","value":"Option - 13","selected":false,"tempId":"aco_1138","gt_translate_keys":["label"]},{"label":"3 - 3rd Gen\u00a0BM-BN(2.0L-2.5L)","value":"Option - 14","selected":false,"tempId":"aco_541","gt_translate_keys":["label"]},{"label":"3 - BP((1.5L-2.0L-2.0L Hybrid-2.5L Non Turbo)","value":"Option - 15","selected":false,"tempId":"aco_731","gt_translate_keys":["label"]},{"label":"5 -\u00a03rd Gen CW","value":"Option - 16","selected":false,"tempId":"aco_777","gt_translate_keys":["label"]},{"label":"5 -\u00a0CW(2.5L)","value":"Option - 17","selected":false,"tempId":"aco_823","gt_translate_keys":["label"]},{"label":"6 - GG-GY-GG1(3.0L)","value":"Option - 18","selected":false,"tempId":"aco_869","gt_translate_keys":["label"]},{"label":"6 - GH(2.5L-3.7L)","value":"Option - 19","selected":false,"tempId":"aco_915","gt_translate_keys":["label"]},{"label":"6 - GJ1\/GL (2.5L)","value":"Option - 20","selected":false,"tempId":"aco_952","gt_translate_keys":["label"]},{"label":"MX-5 NC2(2.0L)","value":"Option - 21","selected":false,"tempId":"aco_1034","gt_translate_keys":["label"]},{"label":"MX-5 4 th Gen(2.0L)","value":"Option - 22","selected":false,"tempId":"aco_1107","gt_translate_keys":["label"]},{"label":"RX-8 SE3P(1.3LR0TARY)","value":"Option - 23","selected":false,"tempId":"aco_1171","gt_translate_keys":["label"]}],"dropdown_type":"basic","error":false,"placeholder":"Please Select a Model","gt_translate_keys":["label","placeholder"],"price_dependency":false,"cl_dependency":["select_106849209b6bda0"],"value":""}]]},"sec_86849209b6bd9a":{"extra":{"key":"sec_86849209b6bd9a","section_id":"sec_86849209b6bd9a","name":"Year","status":1,"cl_rule":"show","enableCl":true,"relations":[],"toggle":true,"title_tag":"h4","show_title":false,"showPrice":"default","form_id":2734,"form_rules":{"exclude_from_discount":false,"fee_label":"Fee","disp_hide_options_price":false,"disp_show_section_price":false,"disp_show_field_price":true,"layout_option":"standard","pric_use_as_fee":false,"process_fee_as":"woo_fee"},"layout_option":"standard"},"fields":[[{"active":true,"col":6,"relations":[{"operator":false,"rules":[{"operator":"AND","rules":{"cl_field":"select_36849209b6bd98","cl_relation":"is_visible","cl_val":""}}]}],"cl_rule":"show","enableCl":true,"price":"","enablePrice":false,"className":"","label_position":"default","desc_position":"default","type":"select","required":true,"elementId":"select_106849209b6bda0","label":"YEAR","name":"select_106849209b6bda0","values":[{"label":"2003","value":"Option - 4","selected":false,"tempId":"aco_905","gt_translate_keys":["label"]},{"label":"2004","value":"Option - 5","selected":false,"tempId":"aco_906","gt_translate_keys":["label"]},{"label":"2005","value":"Option - 6","selected":false,"tempId":"aco_907","gt_translate_keys":["label"]},{"label":"2006","value":"Option - 7","selected":false,"tempId":"aco_1133","gt_translate_keys":["label"]},{"label":"2007","value":"Option - 8","selected":false,"tempId":"aco_1179","gt_translate_keys":["label"]},{"label":"2008","value":"Option - 9","selected":false,"tempId":"aco_1225","gt_translate_keys":["label"]},{"label":"2009","value":"Option - 10","selected":false,"tempId":"aco_1325","gt_translate_keys":["label"]},{"label":"2010","value":"Option - 11","selected":false,"tempId":"aco_1542","gt_translate_keys":["label"]},{"label":"2011","value":"Option - 12","selected":false,"tempId":"aco_1606","gt_translate_keys":["label"]},{"label":"2012","value":"Option - 13","selected":false,"tempId":"aco_1670","gt_translate_keys":["label"]},{"label":"2013","value":"Option - 14","selected":false,"tempId":"aco_1734","gt_translate_keys":["label"]},{"label":"2014","value":"Option - 15","selected":false,"tempId":"aco_1800","gt_translate_keys":["label"]},{"label":"2015","value":"Option - 16","selected":false,"tempId":"aco_1864","gt_translate_keys":["label"]},{"label":"2016","value":"Option - 17","selected":false,"tempId":"aco_1946","gt_translate_keys":["label"]},{"label":"2017","value":"Option - 18","selected":false,"tempId":"aco_2028","gt_translate_keys":["label"]},{"label":"2018","value":"Option - 19","selected":false,"tempId":"aco_2092","gt_translate_keys":["label"]},{"label":"2019","value":"Option - 20","selected":false,"tempId":"aco_2156","gt_translate_keys":["label"]},{"label":"2020","value":"Option - 21","selected":false,"tempId":"aco_2202","gt_translate_keys":["label"]},{"label":"2021","value":"Option - 22","selected":false,"tempId":"aco_2302","gt_translate_keys":["label"]},{"label":"2022","value":"Option - 23","selected":false,"tempId":"aco_2366","gt_translate_keys":["label"]},{"label":"2023","value":"Option - 24","selected":false,"tempId":"aco_2430","gt_translate_keys":["label"]},{"label":"2024","value":"Option - 25","selected":false,"tempId":"aco_2512","gt_translate_keys":["label"]},{"label":"2025","value":"Option - 26","selected":false,"tempId":"aco_2576","gt_translate_keys":["label"]}],"dropdown_type":"basic","error":false,"placeholder":"Please Select a Year","gt_translate_keys":["label","placeholder"],"price_dependency":false,"cl_dependency":false,"value":""}]]}},"config":{"price_override":"","enable_recaptcha":false,"bind_quantity":false,"quantity_bind_formula":false,"disp_summ_show_option_price":true,"disp_summ_show_product_price":true,"disp_summ_show_total_price":true,"disp_summ_show_fee":false,"disp_summ_show_discount":false,"summary_title":"","options_total_label":"Options Price","total_label":"Total","options_product_label":"Product Price","fee_label":"Fee","discount_label":"Discount","has_price":true,"has_quantity_formula":false},"mc_unit":1,"tax_rate":1,"tax_rate_real":1,"discount":{"percentage":0,"fixed":0},"design":{"conf":{"LabelPosition":"left","DescPosition":"left","UploadField":"custom_1","QuantityFieldStyle":"custom_1"},"css":{"LeftLabelWidth":"62px"}},"formulas":[],"clones":false,"cartKey":false}},"_links":{"self":[{"href":"https:\/\/windboostersales.com\/pt\/wp-json\/wp\/v2\/product\/3325","targetHints":{"allow":["GET"]}}],"collection":[{"href":"https:\/\/windboostersales.com\/pt\/wp-json\/wp\/v2\/product"}],"about":[{"href":"https:\/\/windboostersales.com\/pt\/wp-json\/wp\/v2\/types\/product"}],"replies":[{"embeddable":true,"href":"https:\/\/windboostersales.com\/pt\/wp-json\/wp\/v2\/comments?post=3325"}],"version-history":[{"count":0,"href":"https:\/\/windboostersales.com\/pt\/wp-json\/wp\/v2\/product\/3325\/revisions"}],"wp:featuredmedia":[{"embeddable":true,"href":"https:\/\/windboostersales.com\/pt\/wp-json\/wp\/v2\/media\/3313"}],"wp:attachment":[{"href":"https:\/\/windboostersales.com\/pt\/wp-json\/wp\/v2\/media?parent=3325"}],"wp:term":[{"taxonomy":"product_brand","embeddable":true,"href":"https:\/\/windboostersales.com\/pt\/wp-json\/wp\/v2\/product_brand?post=3325"},{"taxonomy":"product_cat","embeddable":true,"href":"https:\/\/windboostersales.com\/pt\/wp-json\/wp\/v2\/product_cat?post=3325"},{"taxonomy":"product_tag","embeddable":true,"href":"https:\/\/windboostersales.com\/pt\/wp-json\/wp\/v2\/product_tag?post=3325"}],"curies":[{"name":"wp","href":"https:\/\/api.w.org\/{rel}","templated":true}]}}