{"id":2826,"date":"2025-06-13T06:39:07","date_gmt":"2025-06-13T06:39:07","guid":{"rendered":"https:\/\/windboostersales.com\/?post_type=product&#038;p=2826"},"modified":"2025-06-18T08:10:48","modified_gmt":"2025-06-18T08:10:48","slug":"buick","status":"publish","type":"product","link":"https:\/\/windboostersales.com\/pt\/buick\/","title":{"rendered":"WINDBOOSTER BLUETOOTH THRROTTLE CONTROLLER PARA BUICK"},"content":{"rendered":"","protected":false},"excerpt":{"rendered":"<p><a><strong>Controle de aplicativos m\u00f3veis<\/strong><\/a>:  F\u00e1cil opera\u00e7\u00e3o sem fio com aplicativos Android\/iOS.<br \/>\n<strong>: Curvas de acelera\u00e7\u00e3o personaliz\u00e1veis<\/strong>: Adjust the throttle curve to match your driving style for a personalized experience.<br \/>\n<strong>Resposta do acelerador aprimorada<\/strong>:  Aproveite uma resposta de pedal mais r\u00e1pida do que os sistemas de estoque para melhor desempenho.<br \/>\n<strong>Elimine o atraso de acelera\u00e7\u00e3o<\/strong> : Experimente entrega de energia instant\u00e2nea, sem atrasos.<br \/>\n<strong>Compatibilidade Universal de Ve\u00edculos<\/strong>: Funciona com ve\u00edculos a diesel, gasolina e outros, incluindo modelos com volante \u00e0 esquerda e \u00e0 direita.<br \/>\n<strong>V\u00e1rios modos de acelera\u00e7\u00e3o<\/strong>: Selecione entre 10 modos de curvas de acelera\u00e7\u00e3o e 40 op\u00e7\u00f5es de ajuste personaliz\u00e1veis para sua sensa\u00e7\u00e3o de dire\u00e7\u00e3o preferida.<br \/>\n<strong>Instala\u00e7\u00e3o simples<\/strong>: Conex\u00e3o direta plug-and-play ao chicote do acelerador \u2014 sem necessidade de corte de fio e porta OBDII.<br \/>\n<strong>Garantia de 30 dias<\/strong>:  Experimente sem preocupa\u00e7\u00f5es com nossa garantia de devolu\u00e7\u00e3o de dinheiro se voc\u00ea n\u00e3o estiver satisfeito.<\/p>","protected":false},"featured_media":2819,"comment_status":"closed","ping_status":"closed","template":"","meta":[],"product_brand":[283],"product_cat":[315],"product_tag":[284,131,285],"class_list":{"0":"post-2826","1":"product","2":"type-product","3":"status-publish","4":"has-post-thumbnail","6":"product_brand-buick","7":"product_cat-buick","8":"product_tag-buick","9":"product_tag-enhanced-throttle-sensitivity-controller","10":"product_tag-improved-acceleration-with-windbooster","11":"wcpa_has_options","13":"first","14":"instock","15":"sale","16":"shipping-taxable","17":"purchasable","18":"product-type-simple"},"wcpa_form_fields":{"wcpaData":{"product":{"product_price":189,"price_html":"<del aria-hidden=\"true\"><span class=\"woocommerce-Price-amount amount\"><bdi><span class=\"woocommerce-Price-currencySymbol\">&#36;<\/span>259.00<\/bdi><\/span><\/del> <span class=\"screen-reader-text\">O pre\u00e7o original era: &#036;259.00.<\/span><ins aria-hidden=\"true\"><span class=\"woocommerce-Price-amount amount\"><bdi><span class=\"woocommerce-Price-currencySymbol\">&#36;<\/span>189.00<\/bdi><\/span><\/ins><span class=\"screen-reader-text\">O pre\u00e7o atual \u00e9: &#036;189.00.<\/span>","original_product_price":259,"price_including_tax":189,"price_excluding_tax":189,"product_id":{"parent":2826,"variation":false},"is_variable":false,"stock_status":"instock","stock_quantity":null,"parent_sku":"Acura-2-1-1-1","product_attributes":[],"custom_fields":[],"is_taxable":false,"product_name":"WINDBOOSTER BLUETOOTH THRROTTLE CONTROLLER FOR BUICK"},"fields":{"sec_1068425e9cce589":{"extra":{"key":"sec_1068425e9cce589","section_id":"sec_1068425e9cce589","name":"Default","status":1,"cl_rule":"show","enableCl":false,"relations":[],"toggle":true,"title_tag":"h3","show_title":false,"showPrice":"default","form_id":2693,"form_rules":{"exclude_from_discount":false,"fee_label":"Fee","disp_hide_options_price":false,"disp_show_section_price":false,"disp_show_field_price":true,"layout_option":"standard","pric_use_as_fee":false,"process_fee_as":"woo_fee"},"layout_option":"standard"},"fields":[[{"active":true,"col":6,"relations":false,"cl_rule":"show","enableCl":false,"price":"","enablePrice":false,"className":"","label_position":"default","desc_position":"default","type":"select","required":true,"elementId":"select_768425e9cce5b0","label":"MAKE","name":"select_768425e9cce5b0","values":[{"label":"BUICK","value":"Option - 1","selected":false,"tempId":"aco_214","gt_translate_keys":["label"]}],"dropdown_type":"basic","error":false,"multiple":false,"gt_translate_keys":["label"],"price_dependency":false,"cl_dependency":["select_668425e9cce5bd"],"value":""}]]},"sec_268425e9cce5b4":{"extra":{"key":"sec_268425e9cce5b4","section_id":"sec_268425e9cce5b4","name":"Car Model","status":1,"cl_rule":"show","enableCl":false,"relations":[],"toggle":true,"title_tag":"h4","show_title":false,"showPrice":"default","form_id":2693,"form_rules":{"exclude_from_discount":false,"fee_label":"Fee","disp_hide_options_price":false,"disp_show_section_price":false,"disp_show_field_price":true,"layout_option":"standard","pric_use_as_fee":false,"process_fee_as":"woo_fee"},"layout_option":"standard"},"fields":[[{"active":true,"col":6,"relations":[{"operator":false,"rules":[{"operator":"AND","rules":{"cl_field":"select_768425e9cce5b0","cl_relation":"is_visible","cl_val":""}}]}],"cl_rule":"show","enableCl":true,"price":"","enablePrice":false,"className":"","label_position":"default","desc_position":"default","type":"select","required":true,"elementId":"select_668425e9cce5bd","label":"MODEL","name":"select_668425e9cce5bd","values":[{"label":"CASCADA","value":"Option - 4","selected":false,"tempId":"aco_121","gt_translate_keys":["label"]},{"label":"ENCLAVE","value":"Option - 5","selected":false,"tempId":"aco_158","gt_translate_keys":["label"]},{"label":"ENCORE","value":"Option - 2","selected":false,"tempId":"aco_65","gt_translate_keys":["label"]},{"label":"ENVISION","value":"Option - 6","selected":false,"tempId":"aco_177","gt_translate_keys":["label"]},{"label":"EXCELLE","value":"Option - 1","selected":false,"tempId":"aco_64","gt_translate_keys":["label"]},{"label":"G18","value":"Option - 9","selected":false,"tempId":"aco_5293","gt_translate_keys":["label"]},{"label":"LA CROSS","value":"Option - 7","selected":false,"tempId":"aco_196","gt_translate_keys":["label"]},{"label":"LUCERNE","value":"Option - 8","selected":false,"tempId":"aco_5085","gt_translate_keys":["label"]},{"label":"HIDEO","value":"Option - 10","selected":false,"tempId":"aco_5366","gt_translate_keys":["label"]},{"label":"REGAL","value":"Option - 11","selected":false,"tempId":"aco_5439","gt_translate_keys":["label"]},{"label":"VERANO","value":"12","selected":false,"tempId":"aco_5476","gt_translate_keys":["label"]}],"dropdown_type":"basic","error":false,"placeholder":"Please Select a Model","gt_translate_keys":["label","placeholder"],"price_dependency":false,"cl_dependency":["select_1068425e9cce5c5"],"value":""}]]},"sec_868425e9cce5be":{"extra":{"key":"sec_868425e9cce5be","section_id":"sec_868425e9cce5be","name":"Year","status":1,"cl_rule":"show","enableCl":true,"relations":[],"toggle":true,"title_tag":"h4","show_title":false,"showPrice":"default","form_id":2693,"form_rules":{"exclude_from_discount":false,"fee_label":"Fee","disp_hide_options_price":false,"disp_show_section_price":false,"disp_show_field_price":true,"layout_option":"standard","pric_use_as_fee":false,"process_fee_as":"woo_fee"},"layout_option":"standard"},"fields":[[{"active":true,"col":6,"relations":[{"operator":false,"rules":[{"operator":"AND","rules":{"cl_field":"select_668425e9cce5bd","cl_relation":"is_visible","cl_val":""}}]}],"cl_rule":"show","enableCl":true,"price":"","enablePrice":false,"className":"","label_position":"default","desc_position":"default","type":"select","required":true,"elementId":"select_1068425e9cce5c5","label":"YEAR","name":"select_1068425e9cce5c5","values":[{"label":"2001","value":"Option - 25","selected":false,"tempId":"aco_5540","gt_translate_keys":["label"]},{"label":"2002","value":"Option - 24","selected":false,"tempId":"aco_5649","gt_translate_keys":["label"]},{"label":"2003","value":"1","selected":false,"tempId":"aco_905","gt_translate_keys":["label"]},{"label":"2004","value":"2","selected":false,"tempId":"aco_906","gt_translate_keys":["label"]},{"label":"2005","value":"3","selected":false,"tempId":"aco_907","gt_translate_keys":["label"]},{"label":"2006","value":"4","selected":false,"tempId":"aco_1133","gt_translate_keys":["label"]},{"label":"2007","value":"5","selected":false,"tempId":"aco_1179","gt_translate_keys":["label"]},{"label":"2008","value":"6","selected":false,"tempId":"aco_1225","gt_translate_keys":["label"]},{"label":"2009","value":"7","selected":false,"tempId":"aco_1325","gt_translate_keys":["label"]},{"label":"2010","value":"10","selected":false,"tempId":"aco_1542","gt_translate_keys":["label"]},{"label":"2011","value":"11","selected":false,"tempId":"aco_1606","gt_translate_keys":["label"]},{"label":"2012","value":"12","selected":false,"tempId":"aco_1670","gt_translate_keys":["label"]},{"label":"2013","value":"13","selected":false,"tempId":"aco_1734","gt_translate_keys":["label"]},{"label":"2014","value":"14","selected":false,"tempId":"aco_1800","gt_translate_keys":["label"]},{"label":"2015","value":"15","selected":false,"tempId":"aco_1864","gt_translate_keys":["label"]},{"label":"2016","value":"16","selected":false,"tempId":"aco_1946","gt_translate_keys":["label"]},{"label":"2017","value":"17","selected":false,"tempId":"aco_2028","gt_translate_keys":["label"]},{"label":"2018","value":"18","selected":false,"tempId":"aco_2092","gt_translate_keys":["label"]},{"label":"2019","value":"19","selected":false,"tempId":"aco_2156","gt_translate_keys":["label"]},{"label":"2020","value":"20","selected":false,"tempId":"aco_2202","gt_translate_keys":["label"]},{"label":"2021","value":"21","selected":false,"tempId":"aco_2302","gt_translate_keys":["label"]},{"label":"2022","value":"22","selected":false,"tempId":"aco_2366","gt_translate_keys":["label"]},{"label":"2023","value":"23","selected":false,"tempId":"aco_2430","gt_translate_keys":["label"]},{"label":"2024","value":"24","selected":false,"tempId":"aco_2512","gt_translate_keys":["label"]},{"label":"2025","value":"25","selected":false,"tempId":"aco_2576","gt_translate_keys":["label"]}],"dropdown_type":"basic","error":false,"placeholder":"Please Select a Year","gt_translate_keys":["label","placeholder"],"price_dependency":false,"cl_dependency":false,"value":""}]]}},"config":{"price_override":"","enable_recaptcha":false,"bind_quantity":false,"quantity_bind_formula":false,"disp_summ_show_option_price":true,"disp_summ_show_product_price":true,"disp_summ_show_total_price":true,"disp_summ_show_fee":false,"disp_summ_show_discount":false,"summary_title":"","options_total_label":"Options Price","total_label":"Total","options_product_label":"Product Price","fee_label":"Fee","discount_label":"Discount","has_price":true,"has_quantity_formula":false},"mc_unit":1,"tax_rate":1,"tax_rate_real":1,"discount":{"percentage":0,"fixed":0},"design":{"conf":{"LabelPosition":"left","DescPosition":"left","UploadField":"custom_1","QuantityFieldStyle":"custom_1"},"css":{"LeftLabelWidth":"62px"}},"formulas":[],"clones":false,"cartKey":false}},"_links":{"self":[{"href":"https:\/\/windboostersales.com\/pt\/wp-json\/wp\/v2\/product\/2826","targetHints":{"allow":["GET"]}}],"collection":[{"href":"https:\/\/windboostersales.com\/pt\/wp-json\/wp\/v2\/product"}],"about":[{"href":"https:\/\/windboostersales.com\/pt\/wp-json\/wp\/v2\/types\/product"}],"replies":[{"embeddable":true,"href":"https:\/\/windboostersales.com\/pt\/wp-json\/wp\/v2\/comments?post=2826"}],"version-history":[{"count":0,"href":"https:\/\/windboostersales.com\/pt\/wp-json\/wp\/v2\/product\/2826\/revisions"}],"wp:featuredmedia":[{"embeddable":true,"href":"https:\/\/windboostersales.com\/pt\/wp-json\/wp\/v2\/media\/2819"}],"wp:attachment":[{"href":"https:\/\/windboostersales.com\/pt\/wp-json\/wp\/v2\/media?parent=2826"}],"wp:term":[{"taxonomy":"product_brand","embeddable":true,"href":"https:\/\/windboostersales.com\/pt\/wp-json\/wp\/v2\/product_brand?post=2826"},{"taxonomy":"product_cat","embeddable":true,"href":"https:\/\/windboostersales.com\/pt\/wp-json\/wp\/v2\/product_cat?post=2826"},{"taxonomy":"product_tag","embeddable":true,"href":"https:\/\/windboostersales.com\/pt\/wp-json\/wp\/v2\/product_tag?post=2826"}],"curies":[{"name":"wp","href":"https:\/\/api.w.org\/{rel}","templated":true}]}}