{"id":2810,"date":"2025-06-13T03:29:10","date_gmt":"2025-06-13T03:29:10","guid":{"rendered":"https:\/\/windboostersales.com\/?post_type=product&#038;p=2810"},"modified":"2025-06-16T09:31:54","modified_gmt":"2025-06-16T09:31:54","slug":"baic","status":"publish","type":"product","link":"https:\/\/windboostersales.com\/pt\/baic\/","title":{"rendered":"WINDBOOSTER BLUETOOTH THRROTTLE CONTROLLER PARA BAIC"},"content":{"rendered":"","protected":false},"excerpt":{"rendered":"<p><a><strong>Controle de aplicativos m\u00f3veis<\/strong><\/a>:  F\u00e1cil opera\u00e7\u00e3o sem fio com aplicativos Android\/iOS.<br \/>\n<strong>: Curvas de acelera\u00e7\u00e3o personaliz\u00e1veis<\/strong>: Adjust the throttle curve to match your driving style for a personalized experience.<br \/>\n<strong>Resposta do acelerador aprimorada<\/strong>:  Aproveite uma resposta de pedal mais r\u00e1pida do que os sistemas de estoque para melhor desempenho.<br \/>\n<strong>Elimine o atraso de acelera\u00e7\u00e3o<\/strong> : Experimente entrega de energia instant\u00e2nea, sem atrasos.<br \/>\n<strong>Compatibilidade Universal de Ve\u00edculos<\/strong>: Funciona com ve\u00edculos a diesel, gasolina e outros, incluindo modelos com volante \u00e0 esquerda e \u00e0 direita.<br \/>\n<strong>V\u00e1rios modos de acelera\u00e7\u00e3o<\/strong>: Selecione entre 10 modos de curvas de acelera\u00e7\u00e3o e 40 op\u00e7\u00f5es de ajuste personaliz\u00e1veis para sua sensa\u00e7\u00e3o de dire\u00e7\u00e3o preferida.<br \/>\n<strong>Instala\u00e7\u00e3o simples<\/strong>: Conex\u00e3o direta plug-and-play ao chicote do acelerador \u2014 sem necessidade de corte de fio e porta OBDII.<br \/>\n<strong>Garantia de 30 dias<\/strong>:  Experimente sem preocupa\u00e7\u00f5es com nossa garantia de devolu\u00e7\u00e3o de dinheiro se voc\u00ea n\u00e3o estiver satisfeito.<\/p>","protected":false},"featured_media":2817,"comment_status":"closed","ping_status":"closed","template":"","meta":[],"product_brand":[281],"product_cat":[312],"product_tag":[269,270,282],"class_list":{"0":"post-2810","1":"product","2":"type-product","3":"status-publish","4":"has-post-thumbnail","6":"product_brand-baic","7":"product_cat-baic","8":"product_tag-baic","9":"product_tag-chip-for-trucks","10":"product_tag-drive-by-wire-throttle-remapping-solution","11":"wcpa_has_options","13":"first","14":"instock","15":"sale","16":"shipping-taxable","17":"purchasable","18":"product-type-simple"},"wcpa_form_fields":{"wcpaData":{"product":{"product_price":189,"price_html":"<del aria-hidden=\"true\"><span class=\"woocommerce-Price-amount amount\"><bdi><span class=\"woocommerce-Price-currencySymbol\">&#36;<\/span>259.00<\/bdi><\/span><\/del> <span class=\"screen-reader-text\">O pre\u00e7o original era: &#036;259.00.<\/span><ins aria-hidden=\"true\"><span class=\"woocommerce-Price-amount amount\"><bdi><span class=\"woocommerce-Price-currencySymbol\">&#36;<\/span>189.00<\/bdi><\/span><\/ins><span class=\"screen-reader-text\">O pre\u00e7o atual \u00e9: &#036;189.00.<\/span>","original_product_price":259,"price_including_tax":189,"price_excluding_tax":189,"product_id":{"parent":2810,"variation":false},"is_variable":false,"stock_status":"instock","stock_quantity":null,"parent_sku":"Acura-2","product_attributes":[],"custom_fields":[],"is_taxable":false,"product_name":"WINDBOOSTER BLUETOOTH THRROTTLE CONTROLLER FOR BAIC"},"fields":{"sec_568425b73ccbb2":{"extra":{"key":"sec_568425b73ccbb2","section_id":"sec_568425b73ccbb2","name":"Default","status":1,"cl_rule":"show","enableCl":false,"relations":[],"toggle":true,"title_tag":"h3","show_title":false,"showPrice":"default","form_id":2690,"form_rules":{"exclude_from_discount":false,"fee_label":"Fee","disp_hide_options_price":false,"disp_show_section_price":false,"disp_show_field_price":true,"layout_option":"standard","pric_use_as_fee":false,"process_fee_as":"woo_fee"},"layout_option":"standard"},"fields":[[{"active":true,"col":6,"relations":[],"cl_rule":"show","enableCl":true,"price":"","enablePrice":false,"className":"","label_position":"default","desc_position":"default","type":"select","required":true,"elementId":"select_068425b73ccbd5","label":"MAKE","name":"select_068425b73ccbd5","values":[{"label":"BAIC","value":"Option - 1","selected":false,"tempId":"aco_214","gt_translate_keys":["label"]}],"dropdown_type":"basic","error":false,"multiple":false,"repeater":false,"repeater_field_label":"{field_label}","repeater_bind":"","gt_translate_keys":["label","repeater_field_label"],"price_dependency":false,"cl_dependency":["select_1068425b73ccbe1"],"value":""}]]},"sec_368425b73ccbd8":{"extra":{"key":"sec_368425b73ccbd8","section_id":"sec_368425b73ccbd8","name":"Car Model","status":1,"cl_rule":"show","enableCl":false,"relations":[],"toggle":true,"title_tag":"h4","show_title":false,"showPrice":"default","form_id":2690,"form_rules":{"exclude_from_discount":false,"fee_label":"Fee","disp_hide_options_price":false,"disp_show_section_price":false,"disp_show_field_price":true,"layout_option":"standard","pric_use_as_fee":false,"process_fee_as":"woo_fee"},"layout_option":"standard"},"fields":[[{"active":true,"col":6,"relations":[{"operator":false,"rules":[{"operator":"AND","rules":{"cl_field":"select_068425b73ccbd5","cl_relation":"is_visible","cl_val":""}}]}],"cl_rule":"show","enableCl":true,"price":"","enablePrice":false,"className":"","label_position":"default","desc_position":"default","type":"select","required":true,"elementId":"select_1068425b73ccbe1","label":"MODEL","name":"select_1068425b73ccbe1","values":[{"label":"BJ60","value":"Option - 1","selected":false,"tempId":"aco_1126","gt_translate_keys":["label"]}],"dropdown_type":"basic","error":false,"placeholder":"Please Select a Model","gt_translate_keys":["label","placeholder"],"price_dependency":false,"cl_dependency":["select_768425b73ccbe9"],"value":""}]]},"sec_168425b73ccbe3":{"extra":{"key":"sec_168425b73ccbe3","section_id":"sec_168425b73ccbe3","name":"Year","status":1,"cl_rule":"show","enableCl":true,"relations":[],"toggle":true,"title_tag":"h4","show_title":false,"showPrice":"default","form_id":2690,"form_rules":{"exclude_from_discount":false,"fee_label":"Fee","disp_hide_options_price":false,"disp_show_section_price":false,"disp_show_field_price":true,"layout_option":"standard","pric_use_as_fee":false,"process_fee_as":"woo_fee"},"layout_option":"standard"},"fields":[[{"active":true,"col":6,"relations":[{"operator":false,"rules":[{"operator":"AND","rules":{"cl_field":"select_1068425b73ccbe1","cl_relation":"is_visible","cl_val":""}}]}],"cl_rule":"show","enableCl":true,"price":"","enablePrice":false,"className":"","label_position":"default","desc_position":"default","type":"select","required":true,"elementId":"select_768425b73ccbe9","label":"YEAR","name":"select_768425b73ccbe9","values":[{"label":"2000","value":"Option - 1","selected":false,"tempId":"aco_1811","gt_translate_keys":["label"]},{"label":"2001","value":"Option - 2","selected":false,"tempId":"aco_1914","gt_translate_keys":["label"]},{"label":"2002","value":"Option - 3","selected":false,"tempId":"aco_1969","gt_translate_keys":["label"]},{"label":"2003","value":"Option - 4","selected":false,"tempId":"aco_905","gt_translate_keys":["label"]},{"label":"2004","value":"Option - 5","selected":false,"tempId":"aco_906","gt_translate_keys":["label"]},{"label":"2005","value":"Option - 6","selected":false,"tempId":"aco_907","gt_translate_keys":["label"]},{"label":"2006","value":"Option - 7","selected":false,"tempId":"aco_1133","gt_translate_keys":["label"]},{"label":"2007","value":"Option - 8","selected":false,"tempId":"aco_1179","gt_translate_keys":["label"]},{"label":"2008","value":"Option - 9","selected":false,"tempId":"aco_1225","gt_translate_keys":["label"]},{"label":"2009","value":"Option - 10","selected":false,"tempId":"aco_1325","gt_translate_keys":["label"]},{"label":"2010","value":"Option - 11","selected":false,"tempId":"aco_1542","gt_translate_keys":["label"]},{"label":"2011","value":"Option - 12","selected":false,"tempId":"aco_1606","gt_translate_keys":["label"]},{"label":"2012","value":"Option - 13","selected":false,"tempId":"aco_1670","gt_translate_keys":["label"]},{"label":"2013","value":"Option - 14","selected":false,"tempId":"aco_1734","gt_translate_keys":["label"]},{"label":"2014","value":"Option - 15","selected":false,"tempId":"aco_1800","gt_translate_keys":["label"]},{"label":"2015","value":"Option - 16","selected":false,"tempId":"aco_1864","gt_translate_keys":["label"]},{"label":"2016","value":"Option - 17","selected":false,"tempId":"aco_1946","gt_translate_keys":["label"]},{"label":"2017","value":"Option - 18","selected":false,"tempId":"aco_2028","gt_translate_keys":["label"]},{"label":"2018","value":"Option - 19","selected":false,"tempId":"aco_2092","gt_translate_keys":["label"]},{"label":"2019","value":"Option - 20","selected":false,"tempId":"aco_2156","gt_translate_keys":["label"]},{"label":"2020","value":"Option - 21","selected":false,"tempId":"aco_2202","gt_translate_keys":["label"]},{"label":"2021","value":"Option - 22","selected":false,"tempId":"aco_2302","gt_translate_keys":["label"]},{"label":"2022","value":"Option - 23","selected":false,"tempId":"aco_2366","gt_translate_keys":["label"]},{"label":"2023","value":"Option - 24","selected":false,"tempId":"aco_2430","gt_translate_keys":["label"]},{"label":"2024","value":"Option - 25","selected":false,"tempId":"aco_2512","gt_translate_keys":["label"]},{"label":"2025","value":"Option - 26","selected":false,"tempId":"aco_2576","gt_translate_keys":["label"]}],"dropdown_type":"basic","error":false,"placeholder":"Please Select a Year","gt_translate_keys":["label","placeholder"],"price_dependency":false,"cl_dependency":false,"value":""}]]}},"config":{"price_override":"","enable_recaptcha":false,"bind_quantity":false,"quantity_bind_formula":false,"disp_summ_show_option_price":true,"disp_summ_show_product_price":true,"disp_summ_show_total_price":true,"disp_summ_show_fee":false,"disp_summ_show_discount":false,"summary_title":"","options_total_label":"Options Price","total_label":"Total","options_product_label":"Product Price","fee_label":"Fee","discount_label":"Discount","has_price":true,"has_quantity_formula":false},"mc_unit":1,"tax_rate":1,"tax_rate_real":1,"discount":{"percentage":0,"fixed":0},"design":{"conf":{"LabelPosition":"left","DescPosition":"left","UploadField":"custom_1","QuantityFieldStyle":"custom_1"},"css":{"LeftLabelWidth":"62px"}},"formulas":[],"clones":false,"cartKey":false}},"_links":{"self":[{"href":"https:\/\/windboostersales.com\/pt\/wp-json\/wp\/v2\/product\/2810","targetHints":{"allow":["GET"]}}],"collection":[{"href":"https:\/\/windboostersales.com\/pt\/wp-json\/wp\/v2\/product"}],"about":[{"href":"https:\/\/windboostersales.com\/pt\/wp-json\/wp\/v2\/types\/product"}],"replies":[{"embeddable":true,"href":"https:\/\/windboostersales.com\/pt\/wp-json\/wp\/v2\/comments?post=2810"}],"version-history":[{"count":0,"href":"https:\/\/windboostersales.com\/pt\/wp-json\/wp\/v2\/product\/2810\/revisions"}],"wp:featuredmedia":[{"embeddable":true,"href":"https:\/\/windboostersales.com\/pt\/wp-json\/wp\/v2\/media\/2817"}],"wp:attachment":[{"href":"https:\/\/windboostersales.com\/pt\/wp-json\/wp\/v2\/media?parent=2810"}],"wp:term":[{"taxonomy":"product_brand","embeddable":true,"href":"https:\/\/windboostersales.com\/pt\/wp-json\/wp\/v2\/product_brand?post=2810"},{"taxonomy":"product_cat","embeddable":true,"href":"https:\/\/windboostersales.com\/pt\/wp-json\/wp\/v2\/product_cat?post=2810"},{"taxonomy":"product_tag","embeddable":true,"href":"https:\/\/windboostersales.com\/pt\/wp-json\/wp\/v2\/product_tag?post=2810"}],"curies":[{"name":"wp","href":"https:\/\/api.w.org\/{rel}","templated":true}]}}