{"id":901,"date":"2025-06-23T02:19:05","date_gmt":"2025-06-23T02:19:05","guid":{"rendered":"https:\/\/windboostersales.com\/?page_id=901"},"modified":"2026-03-10T13:09:28","modified_gmt":"2026-03-10T13:09:28","slug":"refund_returns","status":"publish","type":"page","link":"https:\/\/windboostersales.com\/pt\/refund_returns\/","title":{"rendered":"Refund and Returns Policy"},"content":{"rendered":"<div data-elementor-type=\"wp-page\" data-elementor-id=\"901\" class=\"elementor elementor-901\" data-elementor-post-type=\"page\">\n\t\t\t\t<div class=\"elementor-element elementor-element-6af8549f e-flex e-con-boxed e-con e-parent\" data-id=\"6af8549f\" data-element_type=\"container\" data-e-type=\"container\">\n\t\t\t\t\t<div class=\"e-con-inner\">\n\t\t\t\t<div class=\"elementor-element elementor-element-ab82969 elementor-widget elementor-widget-heading\" data-id=\"ab82969\" data-element_type=\"widget\" data-e-type=\"widget\" data-widget_type=\"heading.default\">\n\t\t\t\t<div class=\"elementor-widget-container\">\n\t\t\t\t\t<h1 class=\"elementor-heading-title elementor-size-default\">Pol\u00edtica de troca e devolu\u00e7\u00e3o do Windbooster<\/h1>\t\t\t\t<\/div>\n\t\t\t\t<\/div>\n\t\t\t\t<div class=\"elementor-element elementor-element-023588a elementor-widget elementor-widget-text-editor\" data-id=\"023588a\" data-element_type=\"widget\" data-e-type=\"widget\" data-widget_type=\"text-editor.default\">\n\t\t\t\t<div class=\"elementor-widget-container\">\n\t\t\t\t\t\t\t\t\t<p>Obrigado por fazer seu pedido @WINDBOOSTER<\/p><p>Temos o compromisso de garantir sua satisfa\u00e7\u00e3o com nossos produtos. Se, por qualquer motivo, voc\u00ea n\u00e3o estiver totalmente satisfeito com sua compra, nossa pol\u00edtica de devolu\u00e7\u00e3o e troca est\u00e1 aqui para ajud\u00e1-lo.<\/p><p><strong>Retornos<\/strong><\/p><p>Se desejar devolver um item, voc\u00ea poder\u00e1 faz\u00ea-lo em at\u00e9 30 dias ap\u00f3s a data da compra. Para se qualificar para uma devolu\u00e7\u00e3o, o item deve estar em sua condi\u00e7\u00e3o original, sem uso e em sua embalagem original. \u00c9 necess\u00e1rio um comprovante de compra, como um recibo ou confirma\u00e7\u00e3o do pedido.<\/p><p><strong>Observe:<\/strong><\/p><p>Qualquer item que n\u00e3o esteja em sua condi\u00e7\u00e3o original, danificado ou com pe\u00e7as faltando por motivos que n\u00e3o se devam a erro nosso n\u00e3o ser\u00e1 eleg\u00edvel para reembolso.<\/p><p>Os produtos comprados em promo\u00e7\u00e3o ou com desconto n\u00e3o s\u00e3o eleg\u00edveis para devolu\u00e7\u00e3o.<\/p><p><strong>Trocas<\/strong><\/p><p>Oferecemos trocas em at\u00e9 30 dias ap\u00f3s a compra. Se precisar trocar um produto pelo mesmo item, entre em contato conosco com os detalhes do seu pedido. O produto deve estar em sua condi\u00e7\u00e3o e embalagem originais, sem uso.<\/p><p><strong>Processo de troca:<\/strong><\/p><p>Entre em contato com nossa equipe de suporte com o n\u00famero do seu pedido e os detalhes do produto que deseja trocar.<\/p><p>Depois que sua solicita\u00e7\u00e3o for aprovada, voc\u00ea receber\u00e1 instru\u00e7\u00f5es sobre como enviar o item de volta para n\u00f3s.<\/p><p>Ao recebermos o item devolvido, processaremos a troca e enviaremos o substituto.<\/p><p><strong>Envio de devolu\u00e7\u00e3o<\/strong><\/p><p>Os clientes s\u00e3o respons\u00e1veis pelos custos de remessa de devolu\u00e7\u00e3o, a menos que a devolu\u00e7\u00e3o se deva a um erro de nossa parte, como o recebimento de um item danificado ou incorreto. Recomendamos o uso de um servi\u00e7o de remessa rastre\u00e1vel ou a aquisi\u00e7\u00e3o de seguro de remessa para itens de valor mais alto. N\u00e3o podemos garantir que receberemos seu item devolvido.<\/p><p><strong>Reembolsos<\/strong><\/p><p>Assim que a sua devolu\u00e7\u00e3o for recebida e inspecionada, enviaremos um e-mail para notific\u00e1-lo sobre a aprova\u00e7\u00e3o ou rejei\u00e7\u00e3o do seu reembolso. Se aprovado, o reembolso ser\u00e1 processado e um cr\u00e9dito ser\u00e1 aplicado ao seu m\u00e9todo de pagamento original dentro de um determinado per\u00edodo de dias.<\/p><p><strong>Itens que n\u00e3o podem ser devolvidos<\/strong><\/p><p>Alguns itens n\u00e3o podem ser devolvidos, incluindo cart\u00f5es-presente e produtos de software para download.<\/p><p><strong>Contato<\/strong><\/p><p>Em caso de d\u00favidas sobre devolu\u00e7\u00f5es, trocas ou reembolsos, entre em contato com nossa equipe de atendimento ao cliente. Estamos aqui para ajudar a garantir que sua experi\u00eancia com o Windbooster seja excelente.<\/p>\t\t\t\t\t\t\t\t<\/div>\n\t\t\t\t<\/div>\n\t\t\t\t\t<\/div>\n\t\t\t\t<\/div>\n\t\t\t\t<\/div>","protected":false},"excerpt":{"rendered":"<p>Windbooster Return &amp; Exchange Policy Thank you for ordering @WINDBOOSTER We are committed to ensuring your satisfaction with our products. If, for any reason, you are not completely happy with your purchase, our return and exchange policy is here to assist you. Returns If you wish to return an item, you may do so within [&hellip;]<\/p>\n","protected":false},"author":1,"featured_media":0,"parent":0,"menu_order":0,"comment_status":"closed","ping_status":"closed","template":"","meta":{"footnotes":""},"class_list":["post-901","page","type-page","status-publish","hentry"],"_links":{"self":[{"href":"https:\/\/windboostersales.com\/pt\/wp-json\/wp\/v2\/pages\/901","targetHints":{"allow":["GET"]}}],"collection":[{"href":"https:\/\/windboostersales.com\/pt\/wp-json\/wp\/v2\/pages"}],"about":[{"href":"https:\/\/windboostersales.com\/pt\/wp-json\/wp\/v2\/types\/page"}],"author":[{"embeddable":true,"href":"https:\/\/windboostersales.com\/pt\/wp-json\/wp\/v2\/users\/1"}],"replies":[{"embeddable":true,"href":"https:\/\/windboostersales.com\/pt\/wp-json\/wp\/v2\/comments?post=901"}],"version-history":[{"count":0,"href":"https:\/\/windboostersales.com\/pt\/wp-json\/wp\/v2\/pages\/901\/revisions"}],"wp:attachment":[{"href":"https:\/\/windboostersales.com\/pt\/wp-json\/wp\/v2\/media?parent=901"}],"curies":[{"name":"wp","href":"https:\/\/api.w.org\/{rel}","templated":true}]}}