{"id":3793,"date":"2025-06-20T01:31:21","date_gmt":"2025-06-20T01:31:21","guid":{"rendered":"https:\/\/windboostersales.com\/?page_id=3793"},"modified":"2025-09-27T06:46:55","modified_gmt":"2025-09-27T06:46:55","slug":"about-us","status":"publish","type":"page","link":"https:\/\/windboostersales.com\/pt\/about-us\/","title":{"rendered":"About us"},"content":{"rendered":"<div data-elementor-type=\"wp-page\" data-elementor-id=\"3793\" class=\"elementor elementor-3793\" data-elementor-post-type=\"page\">\n\t\t\t\t<div class=\"elementor-element elementor-element-19ce9e1 e-con-full e-flex e-con e-parent\" data-id=\"19ce9e1\" data-element_type=\"container\" data-e-type=\"container\" data-settings=\"{&quot;background_background&quot;:&quot;classic&quot;}\">\n\t\t\t\t<div class=\"elementor-element elementor-element-17e3799 elementor-widget elementor-widget-heading\" data-id=\"17e3799\" data-element_type=\"widget\" data-e-type=\"widget\" data-widget_type=\"heading.default\">\n\t\t\t\t<div class=\"elementor-widget-container\">\n\t\t\t\t\t<h1 class=\"elementor-heading-title elementor-size-default\">Sobre n\u00f3s<\/h1>\t\t\t\t<\/div>\n\t\t\t\t<\/div>\n\t\t\t\t<div class=\"elementor-element elementor-element-a665ca2 elementor-widget elementor-widget-text-editor\" data-id=\"a665ca2\" data-element_type=\"widget\" data-e-type=\"widget\" data-widget_type=\"text-editor.default\">\n\t\t\t\t<div class=\"elementor-widget-container\">\n\t\t\t\t\t\t\t\t\t<h3>Sinta a nossa paix\u00e3o por ve\u00edculos<\/h3>\t\t\t\t\t\t\t\t<\/div>\n\t\t\t\t<\/div>\n\t\t\t\t<div class=\"elementor-element elementor-element-e005a5d elementor-align-center elementor-widget elementor-widget-button\" data-id=\"e005a5d\" data-element_type=\"widget\" data-e-type=\"widget\" data-widget_type=\"button.default\">\n\t\t\t\t<div class=\"elementor-widget-container\">\n\t\t\t\t\t\t\t\t\t<div class=\"elementor-button-wrapper\">\n\t\t\t\t\t<a class=\"elementor-button elementor-button-link elementor-size-sm elementor-animation-grow\" href=\"#form\">\n\t\t\t\t\t\t<span class=\"elementor-button-content-wrapper\">\n\t\t\t\t\t\t\t\t\t<span class=\"elementor-button-text\">Conhe\u00e7a nossa equipe<\/span>\n\t\t\t\t\t<\/span>\n\t\t\t\t\t<\/a>\n\t\t\t\t<\/div>\n\t\t\t\t\t\t\t\t<\/div>\n\t\t\t\t<\/div>\n\t\t\t\t<\/div>\n\t\t<div class=\"elementor-element elementor-element-903235e e-flex e-con-boxed e-con e-parent\" data-id=\"903235e\" data-element_type=\"container\" data-e-type=\"container\" data-settings=\"{&quot;background_background&quot;:&quot;classic&quot;}\">\n\t\t\t\t\t<div class=\"e-con-inner\">\n\t\t<div class=\"elementor-element elementor-element-ff9b83a e-con-full e-flex e-con e-child\" data-id=\"ff9b83a\" data-element_type=\"container\" data-e-type=\"container\">\n\t\t\t\t<div class=\"elementor-element elementor-element-c7f5a8c elementor-widget elementor-widget-heading\" data-id=\"c7f5a8c\" data-element_type=\"widget\" data-e-type=\"widget\" data-widget_type=\"heading.default\">\n\t\t\t\t<div class=\"elementor-widget-container\">\n\t\t\t\t\t<h2 class=\"elementor-heading-title elementor-size-default\">Windbooster - Seus especialistas em ajuste de desempenho<\/h2>\t\t\t\t<\/div>\n\t\t\t\t<\/div>\n\t\t\t\t<div class=\"elementor-element elementor-element-40cfb40 elementor-widget elementor-widget-text-editor\" data-id=\"40cfb40\" data-element_type=\"widget\" data-e-type=\"widget\" data-widget_type=\"text-editor.default\">\n\t\t\t\t<div class=\"elementor-widget-container\">\n\t\t\t\t\t\t\t\t\t<p>Na Windbooster, somos apaixonados por liberar todo o potencial de seu ve\u00edculo. Nossa equipe dedicada \u00e9 especializada em solu\u00e7\u00f5es de ajuste de alto desempenho, oferecendo produtos inovadores projetados para aumentar a pot\u00eancia, a capacidade de resposta e a efici\u00eancia do motor. Se o seu objetivo \u00e9 melhorar a condu\u00e7\u00e3o di\u00e1ria ou maximizar o desempenho na pista, a Windbooster tem a solu\u00e7\u00e3o certa para voc\u00ea.<\/p>\n<p>Oferecemos uma ampla gama de atualiza\u00e7\u00f5es de desempenho, incluindo controladores de acelera\u00e7\u00e3o f\u00e1ceis de instalar. Nossos produtos s\u00e3o projetados para oferecer precis\u00e3o, confiabilidade e impacto m\u00e1ximo, proporcionando melhorias percept\u00edveis na resposta do motor, redu\u00e7\u00e3o do atraso do acelerador e economia de combust\u00edvel.<\/p>\n<p>Por que escolher o Windbooster? Nossos produtos de desempenho proporcionam excelente retorno sobre o investimento, aumentando as capacidades do seu ve\u00edculo com uma instala\u00e7\u00e3o simples e plug-and-play. Experimente ganhos imediatos em pot\u00eancia e suavidade, al\u00e9m da capacidade de ajustar as configura\u00e7\u00f5es do seu ve\u00edculo em segundos. Al\u00e9m disso, nossas solu\u00e7\u00f5es ajudam a reduzir o consumo de combust\u00edvel durante a condu\u00e7\u00e3o econ\u00f4mica, economizando dinheiro e melhorando a sua experi\u00eancia de condu\u00e7\u00e3o.<\/p>\n<p>Confie no Windbooster para elevar o desempenho de seu ve\u00edculo com tecnologia l\u00edder do setor e suporte especializado. Dirija de forma mais inteligente. Dirija mais r\u00e1pido. Dirija com o Windbooster.<\/p>\t\t\t\t\t\t\t\t<\/div>\n\t\t\t\t<\/div>\n\t\t\t\t<\/div>\n\t\t<div class=\"elementor-element elementor-element-e8a4fb0 e-con-full e-flex e-con e-child\" data-id=\"e8a4fb0\" data-element_type=\"container\" data-e-type=\"container\">\n\t\t\t\t<div class=\"elementor-element elementor-element-8aa47bf elementor-widget elementor-widget-image\" data-id=\"8aa47bf\" data-element_type=\"widget\" data-e-type=\"widget\" data-widget_type=\"image.default\">\n\t\t\t\t<div class=\"elementor-widget-container\">\n\t\t\t\t\t\t\t\t\t\t\t\t\t\t\t<img fetchpriority=\"high\" decoding=\"async\" width=\"800\" height=\"936\" src=\"https:\/\/windboostersales.com\/wp-content\/uploads\/2025\/06\/Windbooster-throttle-controller-875x1024.png\" class=\"attachment-large size-large wp-image-3841\" alt=\"efficiency, ultimate control, Team passion\" srcset=\"https:\/\/windboostersales.com\/wp-content\/uploads\/2025\/06\/Windbooster-throttle-controller-875x1024.png 875w, https:\/\/windboostersales.com\/wp-content\/uploads\/2025\/06\/Windbooster-throttle-controller-256x300.png 256w, https:\/\/windboostersales.com\/wp-content\/uploads\/2025\/06\/Windbooster-throttle-controller-768x898.png 768w, https:\/\/windboostersales.com\/wp-content\/uploads\/2025\/06\/Windbooster-throttle-controller-1313x1536.png 1313w, https:\/\/windboostersales.com\/wp-content\/uploads\/2025\/06\/Windbooster-throttle-controller-600x702.png 600w, https:\/\/windboostersales.com\/wp-content\/uploads\/2025\/06\/Windbooster-throttle-controller.png 1332w\" sizes=\"(max-width: 800px) 100vw, 800px\" title=\"\">\t\t\t\t\t\t\t\t\t\t\t\t\t\t\t<\/div>\n\t\t\t\t<\/div>\n\t\t\t\t<\/div>\n\t\t\t\t\t<\/div>\n\t\t\t\t<\/div>\n\t\t<div class=\"elementor-element elementor-element-24bbbda e-flex e-con-boxed e-con e-parent\" data-id=\"24bbbda\" data-element_type=\"container\" data-e-type=\"container\" data-settings=\"{&quot;background_background&quot;:&quot;classic&quot;}\">\n\t\t\t\t\t<div class=\"e-con-inner\">\n\t\t<div class=\"elementor-element elementor-element-8b1a158 e-con-full e-flex e-con e-child\" data-id=\"8b1a158\" data-element_type=\"container\" data-e-type=\"container\" data-settings=\"{&quot;background_background&quot;:&quot;classic&quot;}\">\n\t\t\t\t<\/div>\n\t\t<div class=\"elementor-element elementor-element-2881bd0 e-con-full e-flex e-con e-child\" data-id=\"2881bd0\" data-element_type=\"container\" data-e-type=\"container\">\n\t\t\t\t<div class=\"elementor-element elementor-element-2886a90 elementor-widget elementor-widget-heading\" data-id=\"2886a90\" data-element_type=\"widget\" data-e-type=\"widget\" data-widget_type=\"heading.default\">\n\t\t\t\t<div class=\"elementor-widget-container\">\n\t\t\t\t\t<h2 class=\"elementor-heading-title elementor-size-default\">Windbooster Team Passion<\/h2>\t\t\t\t<\/div>\n\t\t\t\t<\/div>\n\t\t\t\t<div class=\"elementor-element elementor-element-22bb8d6 elementor-widget elementor-widget-text-editor\" data-id=\"22bb8d6\" data-element_type=\"widget\" data-e-type=\"widget\" data-widget_type=\"text-editor.default\">\n\t\t\t\t<div class=\"elementor-widget-container\">\n\t\t\t\t\t\t\t\t\t<p>Nossa equipe \u00e9 apaixonada por ajud\u00e1-lo a tirar o m\u00e1ximo proveito do seu ve\u00edculo. Estamos sempre \u00e0 disposi\u00e7\u00e3o para ajud\u00e1-lo com qualquer d\u00favida ou preocupa\u00e7\u00e3o que possa ter sobre o uso de nossos controladores de acelera\u00e7\u00e3o windbooster. A satisfa\u00e7\u00e3o do cliente \u00e9 nossa prioridade m\u00e1xima e nos esfor\u00e7amos para fornecer orienta\u00e7\u00e3o e suporte especializados em cada etapa do processo.<\/p><p>Como empresa, valorizamos a sustentabilidade, a criatividade e o aprimoramento cont\u00ednuo. Estamos em constante evolu\u00e7\u00e3o para atender \u00e0s necessidades de mudan\u00e7a de nossos clientes e permanecer na vanguarda de nosso setor.<\/p><p>Obrigado por escolher a windboostersales. Estamos ansiosos para atend\u00ea-lo e ajud\u00e1-lo a atingir suas metas!<\/p>\t\t\t\t\t\t\t\t<\/div>\n\t\t\t\t<\/div>\n\t\t\t\t<\/div>\n\t\t\t\t\t<\/div>\n\t\t\t\t<\/div>\n\t\t\t\t<\/div>","protected":false},"excerpt":{"rendered":"<p>About Us Feel Our Passion for Vehicles Meet Our Team Windbooster \u2013 Your Performance Tuning Experts At Windbooster, we are passionate about unlocking the full potential of your vehicle. Our dedicated team specializes in high-performance tuning solutions, offering innovative products designed to enhance engine power, responsiveness, and efficiency. Whether you\u2019re aiming to improve daily driving [&hellip;]<\/p>\n","protected":false},"author":1,"featured_media":0,"parent":0,"menu_order":0,"comment_status":"closed","ping_status":"closed","template":"","meta":{"footnotes":""},"class_list":["post-3793","page","type-page","status-publish","hentry"],"_links":{"self":[{"href":"https:\/\/windboostersales.com\/pt\/wp-json\/wp\/v2\/pages\/3793","targetHints":{"allow":["GET"]}}],"collection":[{"href":"https:\/\/windboostersales.com\/pt\/wp-json\/wp\/v2\/pages"}],"about":[{"href":"https:\/\/windboostersales.com\/pt\/wp-json\/wp\/v2\/types\/page"}],"author":[{"embeddable":true,"href":"https:\/\/windboostersales.com\/pt\/wp-json\/wp\/v2\/users\/1"}],"replies":[{"embeddable":true,"href":"https:\/\/windboostersales.com\/pt\/wp-json\/wp\/v2\/comments?post=3793"}],"version-history":[{"count":0,"href":"https:\/\/windboostersales.com\/pt\/wp-json\/wp\/v2\/pages\/3793\/revisions"}],"wp:attachment":[{"href":"https:\/\/windboostersales.com\/pt\/wp-json\/wp\/v2\/media?parent=3793"}],"curies":[{"name":"wp","href":"https:\/\/api.w.org\/{rel}","templated":true}]}}