{"id":3793,"date":"2025-06-20T01:31:21","date_gmt":"2025-06-20T01:31:21","guid":{"rendered":"https:\/\/windboostersales.com\/?page_id=3793"},"modified":"2025-09-27T06:46:55","modified_gmt":"2025-09-27T06:46:55","slug":"about-us","status":"publish","type":"page","link":"https:\/\/windboostersales.com\/it\/about-us\/","title":{"rendered":"About us"},"content":{"rendered":"<div data-elementor-type=\"wp-page\" data-elementor-id=\"3793\" class=\"elementor elementor-3793\" data-elementor-post-type=\"page\">\n\t\t\t\t<div class=\"elementor-element elementor-element-19ce9e1 e-con-full e-flex e-con e-parent\" data-id=\"19ce9e1\" data-element_type=\"container\" data-e-type=\"container\" data-settings=\"{&quot;background_background&quot;:&quot;classic&quot;}\">\n\t\t\t\t<div class=\"elementor-element elementor-element-17e3799 elementor-widget elementor-widget-heading\" data-id=\"17e3799\" data-element_type=\"widget\" data-e-type=\"widget\" data-widget_type=\"heading.default\">\n\t\t\t\t<div class=\"elementor-widget-container\">\n\t\t\t\t\t<h1 class=\"elementor-heading-title elementor-size-default\">Chi siamo<\/h1>\t\t\t\t<\/div>\n\t\t\t\t<\/div>\n\t\t\t\t<div class=\"elementor-element elementor-element-a665ca2 elementor-widget elementor-widget-text-editor\" data-id=\"a665ca2\" data-element_type=\"widget\" data-e-type=\"widget\" data-widget_type=\"text-editor.default\">\n\t\t\t\t<div class=\"elementor-widget-container\">\n\t\t\t\t\t\t\t\t\t<h3>Senti la nostra passione per i veicoli<\/h3>\t\t\t\t\t\t\t\t<\/div>\n\t\t\t\t<\/div>\n\t\t\t\t<div class=\"elementor-element elementor-element-e005a5d elementor-align-center elementor-widget elementor-widget-button\" data-id=\"e005a5d\" data-element_type=\"widget\" data-e-type=\"widget\" data-widget_type=\"button.default\">\n\t\t\t\t<div class=\"elementor-widget-container\">\n\t\t\t\t\t\t\t\t\t<div class=\"elementor-button-wrapper\">\n\t\t\t\t\t<a class=\"elementor-button elementor-button-link elementor-size-sm elementor-animation-grow\" href=\"#form\">\n\t\t\t\t\t\t<span class=\"elementor-button-content-wrapper\">\n\t\t\t\t\t\t\t\t\t<span class=\"elementor-button-text\">Incontra il nostro team<\/span>\n\t\t\t\t\t<\/span>\n\t\t\t\t\t<\/a>\n\t\t\t\t<\/div>\n\t\t\t\t\t\t\t\t<\/div>\n\t\t\t\t<\/div>\n\t\t\t\t<\/div>\n\t\t<div class=\"elementor-element elementor-element-903235e e-flex e-con-boxed e-con e-parent\" data-id=\"903235e\" data-element_type=\"container\" data-e-type=\"container\" data-settings=\"{&quot;background_background&quot;:&quot;classic&quot;}\">\n\t\t\t\t\t<div class=\"e-con-inner\">\n\t\t<div class=\"elementor-element elementor-element-ff9b83a e-con-full e-flex e-con e-child\" data-id=\"ff9b83a\" data-element_type=\"container\" data-e-type=\"container\">\n\t\t\t\t<div class=\"elementor-element elementor-element-c7f5a8c elementor-widget elementor-widget-heading\" data-id=\"c7f5a8c\" data-element_type=\"widget\" data-e-type=\"widget\" data-widget_type=\"heading.default\">\n\t\t\t\t<div class=\"elementor-widget-container\">\n\t\t\t\t\t<h2 class=\"elementor-heading-title elementor-size-default\">Windbooster \u2013 I tuoi esperti di messa a punto delle prestazioni<\/h2>\t\t\t\t<\/div>\n\t\t\t\t<\/div>\n\t\t\t\t<div class=\"elementor-element elementor-element-40cfb40 elementor-widget elementor-widget-text-editor\" data-id=\"40cfb40\" data-element_type=\"widget\" data-e-type=\"widget\" data-widget_type=\"text-editor.default\">\n\t\t\t\t<div class=\"elementor-widget-container\">\n\t\t\t\t\t\t\t\t\t<p>Noi di Windbooster ci impegniamo con passione a liberare il pieno potenziale del tuo veicolo. Il nostro team dedicato \u00e8 specializzato in soluzioni di tuning ad alte prestazioni, offrendo prodotti innovativi progettati per migliorare la potenza, la reattivit\u00e0 e l'efficienza del motore. Che tu voglia migliorare la guida quotidiana o massimizzare le prestazioni in pista, Windbooster ha la soluzione giusta per te.<\/p>\n<p>Offriamo una gamma completa di upgrade per le prestazioni, inclusi i Throttle Controller facili da installare. I nostri prodotti sono progettati per garantire precisione, affidabilit\u00e0 e il massimo impatto, offrendo miglioramenti significativi nella risposta del motore, nella riduzione del ritardo dell'acceleratore e nel risparmio di carburante.<\/p>\n<p>Perch\u00e9 scegliere Windbooster? I nostri prodotti ad alte prestazioni offrono un eccellente ritorno sull'investimento, potenziando le capacit\u00e0 del tuo veicolo con una semplice installazione plug-and-play. Sperimenta un aumento immediato di potenza e fluidit\u00e0, oltre alla possibilit\u00e0 di regolare le impostazioni del tuo veicolo in pochi secondi. Inoltre, le nostre soluzioni contribuiscono a ridurre il consumo di carburante durante la guida economica, facendoti risparmiare denaro e migliorando la tua esperienza di guida.<\/p>\n<p>Affidati a Windbooster per migliorare le prestazioni del tuo veicolo con tecnologia leader del settore e supporto esperto. Guida in modo pi\u00f9 intelligente. Guida pi\u00f9 veloce. Guida con Windbooster.<\/p>\t\t\t\t\t\t\t\t<\/div>\n\t\t\t\t<\/div>\n\t\t\t\t<\/div>\n\t\t<div class=\"elementor-element elementor-element-e8a4fb0 e-con-full e-flex e-con e-child\" data-id=\"e8a4fb0\" data-element_type=\"container\" data-e-type=\"container\">\n\t\t\t\t<div class=\"elementor-element elementor-element-8aa47bf elementor-widget elementor-widget-image\" data-id=\"8aa47bf\" data-element_type=\"widget\" data-e-type=\"widget\" data-widget_type=\"image.default\">\n\t\t\t\t<div class=\"elementor-widget-container\">\n\t\t\t\t\t\t\t\t\t\t\t\t\t\t\t<img fetchpriority=\"high\" decoding=\"async\" width=\"800\" height=\"936\" src=\"https:\/\/windboostersales.com\/wp-content\/uploads\/2025\/06\/Windbooster-throttle-controller-875x1024.png\" class=\"attachment-large size-large wp-image-3841\" alt=\"efficiency, ultimate control, Team passion\" srcset=\"https:\/\/windboostersales.com\/wp-content\/uploads\/2025\/06\/Windbooster-throttle-controller-875x1024.png 875w, https:\/\/windboostersales.com\/wp-content\/uploads\/2025\/06\/Windbooster-throttle-controller-256x300.png 256w, https:\/\/windboostersales.com\/wp-content\/uploads\/2025\/06\/Windbooster-throttle-controller-768x898.png 768w, https:\/\/windboostersales.com\/wp-content\/uploads\/2025\/06\/Windbooster-throttle-controller-1313x1536.png 1313w, https:\/\/windboostersales.com\/wp-content\/uploads\/2025\/06\/Windbooster-throttle-controller-600x702.png 600w, https:\/\/windboostersales.com\/wp-content\/uploads\/2025\/06\/Windbooster-throttle-controller.png 1332w\" sizes=\"(max-width: 800px) 100vw, 800px\" title=\"\">\t\t\t\t\t\t\t\t\t\t\t\t\t\t\t<\/div>\n\t\t\t\t<\/div>\n\t\t\t\t<\/div>\n\t\t\t\t\t<\/div>\n\t\t\t\t<\/div>\n\t\t<div class=\"elementor-element elementor-element-24bbbda e-flex e-con-boxed e-con e-parent\" data-id=\"24bbbda\" data-element_type=\"container\" data-e-type=\"container\" data-settings=\"{&quot;background_background&quot;:&quot;classic&quot;}\">\n\t\t\t\t\t<div class=\"e-con-inner\">\n\t\t<div class=\"elementor-element elementor-element-8b1a158 e-con-full e-flex e-con e-child\" data-id=\"8b1a158\" data-element_type=\"container\" data-e-type=\"container\" data-settings=\"{&quot;background_background&quot;:&quot;classic&quot;}\">\n\t\t\t\t<\/div>\n\t\t<div class=\"elementor-element elementor-element-2881bd0 e-con-full e-flex e-con e-child\" data-id=\"2881bd0\" data-element_type=\"container\" data-e-type=\"container\">\n\t\t\t\t<div class=\"elementor-element elementor-element-2886a90 elementor-widget elementor-widget-heading\" data-id=\"2886a90\" data-element_type=\"widget\" data-e-type=\"widget\" data-widget_type=\"heading.default\">\n\t\t\t\t<div class=\"elementor-widget-container\">\n\t\t\t\t\t<h2 class=\"elementor-heading-title elementor-size-default\">Windbooster Team Passion<\/h2>\t\t\t\t<\/div>\n\t\t\t\t<\/div>\n\t\t\t\t<div class=\"elementor-element elementor-element-22bb8d6 elementor-widget elementor-widget-text-editor\" data-id=\"22bb8d6\" data-element_type=\"widget\" data-e-type=\"widget\" data-widget_type=\"text-editor.default\">\n\t\t\t\t<div class=\"elementor-widget-container\">\n\t\t\t\t\t\t\t\t\t<p>Il nostro team si impegna con passione ad aiutarti a ottenere il massimo dal tuo veicolo. Siamo sempre a tua disposizione per qualsiasi domanda o dubbio sull'utilizzo dei nostri regolatori di accelerazione WindBooster. La soddisfazione del cliente \u00e8 la nostra massima priorit\u00e0 e ci impegniamo a fornire consulenza e supporto specialistico in ogni fase del percorso.<\/p><p>Come azienda, valorizziamo la sostenibilit\u00e0, la creativit\u00e0 e il miglioramento continuo. Ci evolviamo costantemente per soddisfare le mutevoli esigenze dei nostri clienti e per rimanere all'avanguardia nel nostro settore.<\/p><p>Grazie per aver scelto windboostersales. Non vediamo l'ora di servirti e aiutarti a raggiungere i tuoi obiettivi!<\/p>\t\t\t\t\t\t\t\t<\/div>\n\t\t\t\t<\/div>\n\t\t\t\t<\/div>\n\t\t\t\t\t<\/div>\n\t\t\t\t<\/div>\n\t\t\t\t<\/div>","protected":false},"excerpt":{"rendered":"<p>About Us Feel Our Passion for Vehicles Meet Our Team Windbooster \u2013 Your Performance Tuning Experts At Windbooster, we are passionate about unlocking the full potential of your vehicle. Our dedicated team specializes in high-performance tuning solutions, offering innovative products designed to enhance engine power, responsiveness, and efficiency. Whether you\u2019re aiming to improve daily driving [&hellip;]<\/p>\n","protected":false},"author":1,"featured_media":0,"parent":0,"menu_order":0,"comment_status":"closed","ping_status":"closed","template":"","meta":{"footnotes":""},"class_list":["post-3793","page","type-page","status-publish","hentry"],"_links":{"self":[{"href":"https:\/\/windboostersales.com\/it\/wp-json\/wp\/v2\/pages\/3793","targetHints":{"allow":["GET"]}}],"collection":[{"href":"https:\/\/windboostersales.com\/it\/wp-json\/wp\/v2\/pages"}],"about":[{"href":"https:\/\/windboostersales.com\/it\/wp-json\/wp\/v2\/types\/page"}],"author":[{"embeddable":true,"href":"https:\/\/windboostersales.com\/it\/wp-json\/wp\/v2\/users\/1"}],"replies":[{"embeddable":true,"href":"https:\/\/windboostersales.com\/it\/wp-json\/wp\/v2\/comments?post=3793"}],"version-history":[{"count":0,"href":"https:\/\/windboostersales.com\/it\/wp-json\/wp\/v2\/pages\/3793\/revisions"}],"wp:attachment":[{"href":"https:\/\/windboostersales.com\/it\/wp-json\/wp\/v2\/media?parent=3793"}],"curies":[{"name":"wp","href":"https:\/\/api.w.org\/{rel}","templated":true}]}}