{"id":3598,"date":"2025-06-19T06:53:07","date_gmt":"2025-06-19T06:53:07","guid":{"rendered":"https:\/\/windboostersales.com\/?page_id=3598"},"modified":"2026-02-03T07:36:55","modified_gmt":"2026-02-03T07:36:55","slug":"faq","status":"publish","type":"page","link":"https:\/\/windboostersales.com\/it\/faq\/","title":{"rendered":"FAQ"},"content":{"rendered":"<div data-elementor-type=\"wp-page\" data-elementor-id=\"3598\" class=\"elementor elementor-3598\" data-elementor-post-type=\"page\">\n\t\t\t\t<div class=\"elementor-element elementor-element-197de26 e-con-full e-flex e-con e-parent\" data-id=\"197de26\" data-element_type=\"container\" data-e-type=\"container\" data-settings=\"{&quot;background_background&quot;:&quot;classic&quot;}\">\n\t\t\t\t<div class=\"elementor-element elementor-element-1a2b929 elementor-widget elementor-widget-heading\" data-id=\"1a2b929\" data-element_type=\"widget\" data-e-type=\"widget\" data-widget_type=\"heading.default\">\n\t\t\t\t<div class=\"elementor-widget-container\">\n\t\t\t\t\t<h1 class=\"elementor-heading-title elementor-size-default\">Domande frequenti | Windbooster\u00ae<\/h1>\t\t\t\t<\/div>\n\t\t\t\t<\/div>\n\t\t\t\t<\/div>\n\t\t<div class=\"elementor-element elementor-element-8a048ed e-flex e-con-boxed e-con e-parent\" data-id=\"8a048ed\" data-element_type=\"container\" data-e-type=\"container\" data-settings=\"{&quot;background_background&quot;:&quot;classic&quot;}\">\n\t\t\t\t\t<div class=\"e-con-inner\">\n\t\t\t\t<div class=\"elementor-element elementor-element-7882538 elementor-drop-cap-yes elementor-drop-cap-view-default elementor-widget elementor-widget-text-editor\" data-id=\"7882538\" data-element_type=\"widget\" data-e-type=\"widget\" data-settings=\"{&quot;drop_cap&quot;:&quot;yes&quot;}\" data-widget_type=\"text-editor.default\">\n\t\t\t\t<div class=\"elementor-widget-container\">\n\t\t\t\t\t\t\t\t\t<p>Thank you for order Windbooster smart throttle controller. Find FAQ about Windbooster as below. If you need further assistance, please contact us through our <a href=\"\/it\/contact\/\">Contattaci<\/a> pagina o contattaci tramite i social media.<\/p>\t\t\t\t\t\t\t\t<\/div>\n\t\t\t\t<\/div>\n\t\t\t\t<div class=\"elementor-element elementor-element-5e094f1 elementor-widget elementor-widget-n-accordion\" data-id=\"5e094f1\" data-element_type=\"widget\" data-e-type=\"widget\" data-settings=\"{&quot;default_state&quot;:&quot;expanded&quot;,&quot;max_items_expended&quot;:&quot;one&quot;,&quot;n_accordion_animation_duration&quot;:{&quot;unit&quot;:&quot;ms&quot;,&quot;size&quot;:400,&quot;sizes&quot;:[]}}\" data-widget_type=\"nested-accordion.default\">\n\t\t\t\t<div class=\"elementor-widget-container\">\n\t\t\t\t\t\t\t<div class=\"e-n-accordion\" aria-label=\"Accordion. Open links with Enter or Space, close with Escape, and navigate with Arrow Keys\">\n\t\t\t\t\t\t<details id=\"e-n-accordion-item-9860\" class=\"e-n-accordion-item\" open>\n\t\t\t\t<summary class=\"e-n-accordion-item-title\" data-accordion-index=\"1\" tabindex=\"0\" aria-expanded=\"true\" aria-controls=\"e-n-accordion-item-9860\" >\n\t\t\t\t\t<span class='e-n-accordion-item-title-header'><h2 class=\"e-n-accordion-item-title-text\"> Come funziona il controller dell'acceleratore WINDBOOSTER?  <\/h2><\/span>\n\t\t\t\t\t\t\t\t\t<\/summary>\n\t\t\t\t<div role=\"region\" aria-labelledby=\"e-n-accordion-item-9860\" class=\"elementor-element elementor-element-b65a4a8 e-con-full e-flex e-con e-child\" data-id=\"b65a4a8\" data-element_type=\"container\" data-e-type=\"container\">\n\t\t\t\t<div class=\"elementor-element elementor-element-5e313d1 elementor-widget elementor-widget-text-editor\" data-id=\"5e313d1\" data-element_type=\"widget\" data-e-type=\"widget\" data-widget_type=\"text-editor.default\">\n\t\t\t\t<div class=\"elementor-widget-container\">\n\t\t\t\t\t\t\t\t\t<p>Windbooster funge da controller della risposta dell'acceleratore, progettato per migliorare l'accelerazione e l'esperienza di guida complessiva del veicolo. Il suo funzionamento si basa sull'intercettazione e la modifica dei segnali elettronici che viaggiano tra il pedale dell'acceleratore e la centralina del motore (ECU). Quando il pedale dell'acceleratore \u00e8 premuto, Windbooster affina il segnale per ridurre il ritardo dell'acceleratore, garantendo una reazione pi\u00f9 rapida e reattiva. Il dispositivo offre modalit\u00e0 e opzioni di sensibilit\u00e0 regolabili, consentendo agli utenti di personalizzare la risposta dell'acceleratore in base al proprio stile di guida e alle diverse condizioni stradali, sia in contesti urbani congestionati che su terreni accidentati.<\/p>\t\t\t\t\t\t\t\t<\/div>\n\t\t\t\t<\/div>\n\t\t\t\t<\/div>\n\t\t\t\t\t<\/details>\n\t\t\t\t\t\t<details id=\"e-n-accordion-item-9861\" class=\"e-n-accordion-item\" >\n\t\t\t\t<summary class=\"e-n-accordion-item-title\" data-accordion-index=\"2\" tabindex=\"-1\" aria-expanded=\"false\" aria-controls=\"e-n-accordion-item-9861\" >\n\t\t\t\t\t<span class='e-n-accordion-item-title-header'><h2 class=\"e-n-accordion-item-title-text\"> WINDBOOSTER aumenta la potenza in uscita? <\/h2><\/span>\n\t\t\t\t\t\t\t\t\t<\/summary>\n\t\t\t\t<div role=\"region\" aria-labelledby=\"e-n-accordion-item-9861\" class=\"elementor-element elementor-element-8401d4d e-con-full e-flex e-con e-child\" data-id=\"8401d4d\" data-element_type=\"container\" data-e-type=\"container\">\n\t\t\t\t<div class=\"elementor-element elementor-element-8086509 elementor-widget elementor-widget-text-editor\" data-id=\"8086509\" data-element_type=\"widget\" data-e-type=\"widget\" data-widget_type=\"text-editor.default\">\n\t\t\t\t<div class=\"elementor-widget-container\">\n\t\t\t\t\t\t\t\t\t<p>No, Windbooster non aumenta la potenza o la coppia del motore. Windbooster \u00e8 specificamente progettato per migliorare la risposta dell'acceleratore del tuo veicolo, conferendogli una sensazione di maggiore potenza e reattivit\u00e0.<\/p><p>Questo dispositivo funziona regolando i segnali elettronici trasmessi tra il pedale dell'acceleratore e la centralina di controllo motore (ECU). Questa regolazione consente ai conducenti di sfruttare la potenza istantanea del veicolo in modo pi\u00f9 rapido e agevole. Riducendo al minimo il ritardo tra l'input dell'acceleratore e la reazione del motore, Windbooster migliora l'esperienza di guida complessiva, rendendo il veicolo pi\u00f9 agile e potente.<\/p>\t\t\t\t\t\t\t\t<\/div>\n\t\t\t\t<\/div>\n\t\t\t\t<\/div>\n\t\t\t\t\t<\/details>\n\t\t\t\t\t\t<details id=\"e-n-accordion-item-9862\" class=\"e-n-accordion-item\" >\n\t\t\t\t<summary class=\"e-n-accordion-item-title\" data-accordion-index=\"3\" tabindex=\"-1\" aria-expanded=\"false\" aria-controls=\"e-n-accordion-item-9862\" >\n\t\t\t\t\t<span class='e-n-accordion-item-title-header'><h2 class=\"e-n-accordion-item-title-text\"> Il WINDBOOSTER funziona con il cambio manuale? <\/h2><\/span>\n\t\t\t\t\t\t\t\t\t<\/summary>\n\t\t\t\t<div role=\"region\" aria-labelledby=\"e-n-accordion-item-9862\" class=\"elementor-element elementor-element-dfc9cdd e-con-full e-flex e-con e-child\" data-id=\"dfc9cdd\" data-element_type=\"container\" data-e-type=\"container\">\n\t\t\t\t<div class=\"elementor-element elementor-element-33ba7b1 elementor-widget elementor-widget-text-editor\" data-id=\"33ba7b1\" data-element_type=\"widget\" data-e-type=\"widget\" data-widget_type=\"text-editor.default\">\n\t\t\t\t<div class=\"elementor-widget-container\">\n\t\t\t\t\t\t\t\t\t<p>I controller dell'acceleratore Windbooster sono dotati di modalit\u00e0 automatica e manuale, pensate per adattarsi a diversi tipi di trasmissione, sia automatica che manuale. La modalit\u00e0 automatica offre un leggero incremento della risposta dell'acceleratore fin da subito, ma potrebbe risultare un po' troppo intensa per i cambi manuali o automatici con 8 o pi\u00f9 marce. Ti consigliamo di sperimentare le diverse modalit\u00e0 per scoprire quale sia l'impostazione pi\u00f9 adatta a te e alla tua auto.<\/p>\t\t\t\t\t\t\t\t<\/div>\n\t\t\t\t<\/div>\n\t\t\t\t<\/div>\n\t\t\t\t\t<\/details>\n\t\t\t\t\t\t<details id=\"e-n-accordion-item-9863\" class=\"e-n-accordion-item\" >\n\t\t\t\t<summary class=\"e-n-accordion-item-title\" data-accordion-index=\"4\" tabindex=\"-1\" aria-expanded=\"false\" aria-controls=\"e-n-accordion-item-9863\" >\n\t\t\t\t\t<span class='e-n-accordion-item-title-header'><h2 class=\"e-n-accordion-item-title-text\"> Il WINDBOOSTER \u00e8 compatibile con veicoli a benzina o diesel? <\/h2><\/span>\n\t\t\t\t\t\t\t\t\t<\/summary>\n\t\t\t\t<div role=\"region\" aria-labelledby=\"e-n-accordion-item-9863\" class=\"elementor-element elementor-element-2869766 e-con-full e-flex e-con e-child\" data-id=\"2869766\" data-element_type=\"container\" data-e-type=\"container\">\n\t\t\t\t<div class=\"elementor-element elementor-element-cc2b7a9 elementor-widget elementor-widget-text-editor\" data-id=\"cc2b7a9\" data-element_type=\"widget\" data-e-type=\"widget\" data-widget_type=\"text-editor.default\">\n\t\t\t\t<div class=\"elementor-widget-container\">\n\t\t\t\t\t\t\t\t\t<p>Il controller dell'acceleratore Windbooster \u00e8 progettato per essere compatibile con un'ampia gamma di veicoli, inclusi quelli dotati di motori a benzina e diesel, nonch\u00e9 modelli turbocompressi, sovralimentati e aspirati. Modifica efficacemente la mappatura dell'acceleratore per la maggior parte degli acceleratori elettronici, indipendentemente dal tipo di motore.<\/p>\t\t\t\t\t\t\t\t<\/div>\n\t\t\t\t<\/div>\n\t\t\t\t<\/div>\n\t\t\t\t\t<\/details>\n\t\t\t\t\t\t<details id=\"e-n-accordion-item-9864\" class=\"e-n-accordion-item\" >\n\t\t\t\t<summary class=\"e-n-accordion-item-title\" data-accordion-index=\"5\" tabindex=\"-1\" aria-expanded=\"false\" aria-controls=\"e-n-accordion-item-9864\" >\n\t\t\t\t\t<span class='e-n-accordion-item-title-header'><h2 class=\"e-n-accordion-item-title-text\"> WINDBOOSTER influisce sulla garanzia della mia auto? <\/h2><\/span>\n\t\t\t\t\t\t\t\t\t<\/summary>\n\t\t\t\t<div role=\"region\" aria-labelledby=\"e-n-accordion-item-9864\" class=\"elementor-element elementor-element-9420794 e-con-full e-flex e-con e-child\" data-id=\"9420794\" data-element_type=\"container\" data-e-type=\"container\">\n\t\t\t\t<div class=\"elementor-element elementor-element-8abf974 elementor-widget elementor-widget-text-editor\" data-id=\"8abf974\" data-element_type=\"widget\" data-e-type=\"widget\" data-widget_type=\"text-editor.default\">\n\t\t\t\t<div class=\"elementor-widget-container\">\n\t\t\t\t\t\t\t\t\t<p>Le normative relative a modifiche e garanzie variano da paese a paese, con alcuni produttori che invalidano le garanzie per modifiche aftermarket. Tuttavia, molti concessionari riconoscono i benefici di Windbooster nel migliorare le prestazioni del veicolo e potrebbero installarlo su veicoli pi\u00f9 lenti per migliorare la risposta dell'acceleratore. Windbooster \u00e8 stato testato a fondo, presenta un rischio minimo e pu\u00f2 essere ripristinato in modalit\u00e0 NORMAL se necessario. Windbooster non \u00e8 rintracciabile dai concessionari, poich\u00e9 non lascia \"flag\" digitali sulla centralina. Per maggiore tranquillit\u00e0, si consiglia di rimuovere l'unit\u00e0 prima di qualsiasi intervento di manutenzione o riparazione.<\/p>\t\t\t\t\t\t\t\t<\/div>\n\t\t\t\t<\/div>\n\t\t\t\t<\/div>\n\t\t\t\t\t<\/details>\n\t\t\t\t\t\t<details id=\"e-n-accordion-item-9865\" class=\"e-n-accordion-item\" >\n\t\t\t\t<summary class=\"e-n-accordion-item-title\" data-accordion-index=\"6\" tabindex=\"-1\" aria-expanded=\"false\" aria-controls=\"e-n-accordion-item-9865\" >\n\t\t\t\t\t<span class='e-n-accordion-item-title-header'><h2 class=\"e-n-accordion-item-title-text\"> Utilizzando un WINDBOOSTER \u00e8 possibile risparmiare carburante? <\/h2><\/span>\n\t\t\t\t\t\t\t\t\t<\/summary>\n\t\t\t\t<div role=\"region\" aria-labelledby=\"e-n-accordion-item-9865\" class=\"elementor-element elementor-element-b16b209 e-con-full e-flex e-con e-child\" data-id=\"b16b209\" data-element_type=\"container\" data-e-type=\"container\">\n\t\t\t\t<div class=\"elementor-element elementor-element-f24ab0f elementor-widget elementor-widget-text-editor\" data-id=\"f24ab0f\" data-element_type=\"widget\" data-e-type=\"widget\" data-widget_type=\"text-editor.default\">\n\t\t\t\t<div class=\"elementor-widget-container\">\n\t\t\t\t\t\t\t\t\t<p>In modalit\u00e0 ECONOMY, il Windbooster pu\u00f2 migliorare l'efficienza del carburante ottimizzando il comportamento di guida. Tuttavia, in modalit\u00e0 come iAuto, Sport, Sport+ e Race, potresti non notare un miglioramento significativo nel risparmio di carburante. Utilizzando il Windbooster, noterai una differenza nell'erogazione di potenza, ma il consumo di carburante necessario per produrla rimarr\u00e0 invariato. Se la tua preoccupazione principale \u00e8 l'efficienza del carburante, \u00e8 consigliabile attivare la modalit\u00e0 ECONOMY. Al contrario, se ti concentri sulle prestazioni, puoi aspettarti un consumo di carburante simile a quello precedente, godendo al contempo di una migliore erogazione di potenza.<\/p>\t\t\t\t\t\t\t\t<\/div>\n\t\t\t\t<\/div>\n\t\t\t\t<\/div>\n\t\t\t\t\t<\/details>\n\t\t\t\t\t\t<details id=\"e-n-accordion-item-9866\" class=\"e-n-accordion-item\" >\n\t\t\t\t<summary class=\"e-n-accordion-item-title\" data-accordion-index=\"7\" tabindex=\"-1\" aria-expanded=\"false\" aria-controls=\"e-n-accordion-item-9866\" >\n\t\t\t\t\t<span class='e-n-accordion-item-title-header'><h2 class=\"e-n-accordion-item-title-text\"> \u00c8 difficile installare WINDBOOSTER? Devo portare l'auto in officina per installarlo? <\/h2><\/span>\n\t\t\t\t\t\t\t\t\t<\/summary>\n\t\t\t\t<div role=\"region\" aria-labelledby=\"e-n-accordion-item-9866\" class=\"elementor-element elementor-element-8f76d2e e-con-full e-flex e-con e-child\" data-id=\"8f76d2e\" data-element_type=\"container\" data-e-type=\"container\">\n\t\t\t\t<div class=\"elementor-element elementor-element-8cae757 elementor-widget elementor-widget-text-editor\" data-id=\"8cae757\" data-element_type=\"widget\" data-e-type=\"widget\" data-widget_type=\"text-editor.default\">\n\t\t\t\t<div class=\"elementor-widget-container\">\n\t\t\t\t\t\t\t\t\t<p>Non \u00e8 necessario portare l'auto in officina per installare un Windbooster. L'installazione di Windbooster \u00e8 semplice e veloce, richiedendo in genere dai 5 ai 10 minuti. Se il sensore dell'auto \u00e8 facile da trovare, ci vogliono meno di 5 minuti, senza bisogno di attrezzi o conoscenze meccaniche. Alcuni veicoli che non riescono a individuare il sensore del pedale dell'acceleratore, come BMW, BENZ e alcune altre auto di lusso, necessitano di attrezzi per smontare il gruppo del pedale dell'acceleratore e accedere al sensore dietro di esso prima di installare Windbooster. In una parola, Windbooster \u00e8 un dispositivo plug-and-play che si collega facilmente ai connettori originali del veicolo. Una volta installato, \u00e8 autonomo e facile da fissare al display del cruscotto.<\/p><p>Per evitare qualsiasi problema, assicurati di seguire attentamente le istruzioni fornite con l'unit\u00e0. Puoi anche consultare la nostra pagina di installazione per i video tutorial.<\/p>\t\t\t\t\t\t\t\t<\/div>\n\t\t\t\t<\/div>\n\t\t\t\t<\/div>\n\t\t\t\t\t<\/details>\n\t\t\t\t\t\t<details id=\"e-n-accordion-item-9867\" class=\"e-n-accordion-item\" >\n\t\t\t\t<summary class=\"e-n-accordion-item-title\" data-accordion-index=\"8\" tabindex=\"-1\" aria-expanded=\"false\" aria-controls=\"e-n-accordion-item-9867\" >\n\t\t\t\t\t<span class='e-n-accordion-item-title-header'><h2 class=\"e-n-accordion-item-title-text\"> Posso selezionare le modalit\u00e0 WINDBOOSTER e modificare le impostazioni durante la guida? <\/h2><\/span>\n\t\t\t\t\t\t\t\t\t<\/summary>\n\t\t\t\t<div role=\"region\" aria-labelledby=\"e-n-accordion-item-9867\" class=\"elementor-element elementor-element-dc5d0c0 e-con-full e-flex e-con e-child\" data-id=\"dc5d0c0\" data-element_type=\"container\" data-e-type=\"container\">\n\t\t\t\t<div class=\"elementor-element elementor-element-7945b39 elementor-widget elementor-widget-text-editor\" data-id=\"7945b39\" data-element_type=\"widget\" data-e-type=\"widget\" data-widget_type=\"text-editor.default\">\n\t\t\t\t<div class=\"elementor-widget-container\">\n\t\t\t\t\t\t\t\t\t<p>Sebbene sia facile cambiare modalit\u00e0 e impostazioni, lo sconsigliamo vivamente per motivi di sicurezza. Consigliamo vivamente di regolare le impostazioni mentre l'auto \u00e8 parcheggiata per ridurre il rischio di potenziali incidenti.<\/p>\t\t\t\t\t\t\t\t<\/div>\n\t\t\t\t<\/div>\n\t\t\t\t<\/div>\n\t\t\t\t\t<\/details>\n\t\t\t\t\t\t<details id=\"e-n-accordion-item-9868\" class=\"e-n-accordion-item\" >\n\t\t\t\t<summary class=\"e-n-accordion-item-title\" data-accordion-index=\"9\" tabindex=\"-1\" aria-expanded=\"false\" aria-controls=\"e-n-accordion-item-9868\" >\n\t\t\t\t\t<span class='e-n-accordion-item-title-header'><h2 class=\"e-n-accordion-item-title-text\"> Posso comunque installare un WIND BOOSTER se la mia auto ha subito altre modifiche, se ha subito una rimappatura della centralina o se ha subito delle prestazioni peggiori? <\/h2><\/span>\n\t\t\t\t\t\t\t\t\t<\/summary>\n\t\t\t\t<div role=\"region\" aria-labelledby=\"e-n-accordion-item-9868\" class=\"elementor-element elementor-element-e83aab6 e-flex e-con-boxed e-con e-child\" data-id=\"e83aab6\" data-element_type=\"container\" data-e-type=\"container\">\n\t\t\t\t\t<div class=\"e-con-inner\">\n\t\t\t\t<div class=\"elementor-element elementor-element-7a9159b elementor-widget elementor-widget-text-editor\" data-id=\"7a9159b\" data-element_type=\"widget\" data-e-type=\"widget\" data-widget_type=\"text-editor.default\">\n\t\t\t\t<div class=\"elementor-widget-container\">\n\t\t\t\t\t\t\t\t\t<p>Prima di valutare l'installazione di un Windbooster nella tua auto, \u00e8 importante notare che i Windbooster sono progettati sulla base dei dati originali del tuo veicolo. Se hai modificato la tua auto o hai effettuato una rimappatura della centralina, i dati originali vengono alterati, causando potenziali problemi di compatibilit\u00e0. In questi casi, il Windbooster potrebbe non funzionare correttamente o potrebbe generare codici di errore. Si consiglia di consultare un professionista per valutare la compatibilit\u00e0 prima di installare un Windbooster.<\/p>\t\t\t\t\t\t\t\t<\/div>\n\t\t\t\t<\/div>\n\t\t\t\t\t<\/div>\n\t\t\t\t<\/div>\n\t\t\t\t\t<\/details>\n\t\t\t\t\t\t<details id=\"e-n-accordion-item-9869\" class=\"e-n-accordion-item\" >\n\t\t\t\t<summary class=\"e-n-accordion-item-title\" data-accordion-index=\"10\" tabindex=\"-1\" aria-expanded=\"false\" aria-controls=\"e-n-accordion-item-9869\" >\n\t\t\t\t\t<span class='e-n-accordion-item-title-header'><h2 class=\"e-n-accordion-item-title-text\">  Perch\u00e9 non si spegne dopo aver spento il motore dell'auto? Consuma la batteria dell'auto? <\/h2><\/span>\n\t\t\t\t\t\t\t\t\t<\/summary>\n\t\t\t\t<div role=\"region\" aria-labelledby=\"e-n-accordion-item-9869\" class=\"elementor-element elementor-element-4312ba5 e-flex e-con-boxed e-con e-child\" data-id=\"4312ba5\" data-element_type=\"container\" data-e-type=\"container\">\n\t\t\t\t\t<div class=\"e-con-inner\">\n\t\t\t\t<div class=\"elementor-element elementor-element-52058b9 elementor-widget elementor-widget-text-editor\" data-id=\"52058b9\" data-element_type=\"widget\" data-e-type=\"widget\" data-widget_type=\"text-editor.default\">\n\t\t\t\t<div class=\"elementor-widget-container\">\n\t\t\t\t\t\t\t\t\t<p>Il display del Windbooster \u00e8 programmato per spegnersi automaticamente dopo 30 secondi di inattivit\u00e0. Questa funzione fa parte del sistema di controllo dell'acceleratore Windbooster, che funziona con un alimentatore a 5 volt collegato al pedale dell'acceleratore del veicolo. Generalmente, l'auto si spegne completamente dopo circa 15 minuti. In questo momento, il Windbooster \u00e8 in modalit\u00e0 standby e non consuma elettricit\u00e0.<\/p>\t\t\t\t\t\t\t\t<\/div>\n\t\t\t\t<\/div>\n\t\t\t\t\t<\/div>\n\t\t\t\t<\/div>\n\t\t\t\t\t<\/details>\n\t\t\t\t\t\t<details id=\"e-n-accordion-item-98610\" class=\"e-n-accordion-item\" >\n\t\t\t\t<summary class=\"e-n-accordion-item-title\" data-accordion-index=\"11\" tabindex=\"-1\" aria-expanded=\"false\" aria-controls=\"e-n-accordion-item-98610\" >\n\t\t\t\t\t<span class='e-n-accordion-item-title-header'><h2 class=\"e-n-accordion-item-title-text\"> Qual \u00e8 la garanzia di WINDBOOSTER? <\/h2><\/span>\n\t\t\t\t\t\t\t\t\t<\/summary>\n\t\t\t\t<div role=\"region\" aria-labelledby=\"e-n-accordion-item-98610\" class=\"elementor-element elementor-element-03c2a0f e-flex e-con-boxed e-con e-child\" data-id=\"03c2a0f\" data-element_type=\"container\" data-e-type=\"container\">\n\t\t\t\t\t<div class=\"e-con-inner\">\n\t\t\t\t<div class=\"elementor-element elementor-element-68a612a elementor-widget elementor-widget-text-editor\" data-id=\"68a612a\" data-element_type=\"widget\" data-e-type=\"widget\" data-widget_type=\"text-editor.default\">\n\t\t\t\t<div class=\"elementor-widget-container\">\n\t\t\t\t\t\t\t\t\t<p>Windbooster provides 3 years warranty that covers performance, function, and defects in materials, applicable to the original owner. However, this warranty excludes damage occurring during installation, mistreatment affecting performance, or accidental damage. For any issues, please contact us at <a href=\"mailto:sales@windboostersales.com\"><strong>sales@windboostersales.com<\/strong><\/a>, and we will strive to resolve them promptly.<\/p>\t\t\t\t\t\t\t\t<\/div>\n\t\t\t\t<\/div>\n\t\t\t\t\t<\/div>\n\t\t\t\t<\/div>\n\t\t\t\t\t<\/details>\n\t\t\t\t\t\t<details id=\"e-n-accordion-item-98611\" class=\"e-n-accordion-item\" >\n\t\t\t\t<summary class=\"e-n-accordion-item-title\" data-accordion-index=\"12\" tabindex=\"-1\" aria-expanded=\"false\" aria-controls=\"e-n-accordion-item-98611\" >\n\t\t\t\t\t<span class='e-n-accordion-item-title-header'><h2 class=\"e-n-accordion-item-title-text\"> Dove posso acquistare un WINDBOOSTER? <\/h2><\/span>\n\t\t\t\t\t\t\t\t\t<\/summary>\n\t\t\t\t<div role=\"region\" aria-labelledby=\"e-n-accordion-item-98611\" class=\"elementor-element elementor-element-e489be8 e-flex e-con-boxed e-con e-child\" data-id=\"e489be8\" data-element_type=\"container\" data-e-type=\"container\">\n\t\t\t\t\t<div class=\"e-con-inner\">\n\t\t\t\t<div class=\"elementor-element elementor-element-8dd1cf0 elementor-widget elementor-widget-text-editor\" data-id=\"8dd1cf0\" data-element_type=\"widget\" data-e-type=\"widget\" data-widget_type=\"text-editor.default\">\n\t\t\t\t<div class=\"elementor-widget-container\">\n\t\t\t\t\t\t\t\t\t<p>Puoi acquistare Windbooster tramite la nostra rete di rivenditori oppure puoi acquistarlo direttamente dal nostro sito web windboostersales.com<\/p>\t\t\t\t\t\t\t\t<\/div>\n\t\t\t\t<\/div>\n\t\t\t\t\t<\/div>\n\t\t\t\t<\/div>\n\t\t\t\t\t<\/details>\n\t\t\t\t\t<\/div>\n\t\t\t\t\t\t<\/div>\n\t\t\t\t<\/div>\n\t\t\t\t\t<\/div>\n\t\t\t\t<\/div>\n\t\t\t\t<\/div>","protected":false},"excerpt":{"rendered":"<p>Frequently Asked Questions | Windbooster\u00ae Thank you for order Windbooster smart throttle controller. Find FAQ about Windbooster as below. If you need further assistance, please contact us through our Contact Us page or reach out via social media. How Does The WINDBOOSTER Throttle Controller Work? Windbooster serves as a throttle response controller aimed at enhancing [&hellip;]<\/p>\n","protected":false},"author":1,"featured_media":0,"parent":0,"menu_order":0,"comment_status":"closed","ping_status":"closed","template":"","meta":{"footnotes":""},"class_list":["post-3598","page","type-page","status-publish","hentry"],"_links":{"self":[{"href":"https:\/\/windboostersales.com\/it\/wp-json\/wp\/v2\/pages\/3598","targetHints":{"allow":["GET"]}}],"collection":[{"href":"https:\/\/windboostersales.com\/it\/wp-json\/wp\/v2\/pages"}],"about":[{"href":"https:\/\/windboostersales.com\/it\/wp-json\/wp\/v2\/types\/page"}],"author":[{"embeddable":true,"href":"https:\/\/windboostersales.com\/it\/wp-json\/wp\/v2\/users\/1"}],"replies":[{"embeddable":true,"href":"https:\/\/windboostersales.com\/it\/wp-json\/wp\/v2\/comments?post=3598"}],"version-history":[{"count":0,"href":"https:\/\/windboostersales.com\/it\/wp-json\/wp\/v2\/pages\/3598\/revisions"}],"wp:attachment":[{"href":"https:\/\/windboostersales.com\/it\/wp-json\/wp\/v2\/media?parent=3598"}],"curies":[{"name":"wp","href":"https:\/\/api.w.org\/{rel}","templated":true}]}}