{"id":3340,"date":"2025-06-18T06:53:37","date_gmt":"2025-06-18T06:53:37","guid":{"rendered":"https:\/\/windboostersales.com\/?post_type=product&#038;p=3340"},"modified":"2025-06-18T07:52:53","modified_gmt":"2025-06-18T07:52:53","slug":"tata","status":"publish","type":"product","link":"https:\/\/windboostersales.com\/es\/tata\/","title":{"rendered":"CONTROLADOR DE ACELERACI\u00d3N BLUETOOTH WINDBOOSTER PARA TATA"},"content":{"rendered":"","protected":false},"excerpt":{"rendered":"<p><a><strong>Control de aplicaciones m\u00f3viles<\/strong><\/a>: F\u00e1cil manejo inal\u00e1mbrico con aplicaciones Android\/iOS.<br \/>\n<strong>Curvas de aceleraci\u00f3n personalizables<\/strong>: Ajusta la curva del acelerador a tu estilo de conducci\u00f3n para disfrutar de una experiencia personalizada.<br \/>\n<strong>Respuesta del acelerador mejorada<\/strong>: Disfrute de una respuesta del pedal m\u00e1s r\u00e1pida que la de los sistemas originales para mejorar el rendimiento.<br \/>\n<strong>Elimina el retraso en la aceleraci\u00f3n:<\/strong> Experimente una entrega de potencia instant\u00e1nea sin retrasos.<br \/>\n<strong>Compatibilidad universal con veh\u00edculos<\/strong>: Funciona con veh\u00edculos di\u00e9sel, gasolina y otros, incluidos los modelos con volante a la izquierda y a la derecha.<br \/>\n<strong>M\u00faltiples modos de aceleraci\u00f3n<\/strong>: Seleccione entre 10 modos de curvas del acelerador y 40 opciones de ajuste personalizables para obtener la sensaci\u00f3n de conducci\u00f3n que prefiera.<br \/>\n<strong>Instalaci\u00f3n sencilla<\/strong>: Conexi\u00f3n directa \u00abplug-and-play\u00bb al arn\u00e9s del acelerador, sin necesidad de cortar cables ni de puerto OBDII.<br \/>\n<strong>Garant\u00eda de 30 d\u00edas<\/strong>: Pru\u00e9belo sin preocupaciones con nuestra garant\u00eda de devoluci\u00f3n del dinero si no queda satisfecho.<\/p>","protected":false},"featured_media":3352,"comment_status":"closed","ping_status":"closed","template":"","meta":[],"product_brand":[],"product_cat":[364],"product_tag":[133,290,285,447,299],"class_list":{"0":"post-3340","1":"product","2":"type-product","3":"status-publish","4":"has-post-thumbnail","6":"product_cat-tata","7":"product_tag-drive-by-wire-throttle-enhancement-device","8":"product_tag-fine-tuned-throttle-control-for-cars","9":"product_tag-improved-acceleration-with-windbooster","10":"product_tag-tata","11":"product_tag-vehicle-acceleration-improvement-tool","12":"wcpa_has_options","14":"first","15":"instock","16":"sale","17":"shipping-taxable","18":"purchasable","19":"product-type-simple"},"wcpa_form_fields":{"wcpaData":{"product":{"product_price":189,"price_html":"<del aria-hidden=\"true\"><span class=\"woocommerce-Price-amount amount\"><bdi><span class=\"woocommerce-Price-currencySymbol\">&#36;<\/span>259.00<\/bdi><\/span><\/del> <span class=\"screen-reader-text\">El precio original era: &#036;259.00.<\/span><ins aria-hidden=\"true\"><span class=\"woocommerce-Price-amount amount\"><bdi><span class=\"woocommerce-Price-currencySymbol\">&#36;<\/span>189.00<\/bdi><\/span><\/ins><span class=\"screen-reader-text\">El precio actual es: &#036;189.00.<\/span>","original_product_price":259,"price_including_tax":189,"price_excluding_tax":189,"product_id":{"parent":3340,"variation":false},"is_variable":false,"stock_status":"instock","stock_quantity":null,"parent_sku":"Acura-2-1-1-1-1-1-1-1-1-1-2-2-1-1-1-1-1-1-1-1-1-1-1-1-1-1-1-2-1-1-1-1-1-1-1-2-2-1-2-1-1-6","product_attributes":[],"custom_fields":[],"is_taxable":false,"product_name":"WINDBOOSTER BLUETOOTH THRROTTLE CONTROLLER FOR TATA"},"fields":{"sec_6684a4ae10242a":{"extra":{"key":"sec_6684a4ae10242a","section_id":"sec_6684a4ae10242a","name":"Default","status":1,"cl_rule":"show","enableCl":false,"relations":[],"toggle":true,"title_tag":"h3","show_title":false,"showPrice":"default","form_id":2749,"form_rules":{"exclude_from_discount":false,"fee_label":"Fee","disp_hide_options_price":false,"disp_show_section_price":false,"disp_show_field_price":true,"layout_option":"standard","pric_use_as_fee":false,"process_fee_as":"woo_fee"},"layout_option":"standard"},"fields":[[{"active":true,"col":6,"relations":[],"cl_rule":"show","enableCl":true,"price":"","enablePrice":false,"className":"","label_position":"default","desc_position":"default","type":"select","required":true,"elementId":"select_6684a4ae102450","label":"MAKE","name":"select_6684a4ae102450","values":[{"label":"TATA","value":"Option - 1","selected":false,"tempId":"aco_214","gt_translate_keys":["label"]}],"dropdown_type":"basic","error":false,"multiple":false,"repeater":false,"repeater_field_label":"{field_label}","repeater_bind":"","gt_translate_keys":["label","repeater_field_label"],"price_dependency":false,"cl_dependency":["select_2684a4ae10245c"],"value":""}]]},"sec_4684a4ae102453":{"extra":{"key":"sec_4684a4ae102453","section_id":"sec_4684a4ae102453","name":"Car Model","status":1,"cl_rule":"show","enableCl":false,"relations":[],"toggle":true,"title_tag":"h4","show_title":false,"showPrice":"default","form_id":2749,"form_rules":{"exclude_from_discount":false,"fee_label":"Fee","disp_hide_options_price":false,"disp_show_section_price":false,"disp_show_field_price":true,"layout_option":"standard","pric_use_as_fee":false,"process_fee_as":"woo_fee"},"layout_option":"standard"},"fields":[[{"active":true,"col":6,"relations":[{"operator":false,"rules":[{"operator":"AND","rules":{"cl_field":"select_6684a4ae102450","cl_relation":"is_visible","cl_val":""}}]}],"cl_rule":"show","enableCl":true,"price":"","enablePrice":false,"className":"","label_position":"default","desc_position":"default","type":"select","required":true,"elementId":"select_2684a4ae10245c","label":"MODEL","name":"select_2684a4ae10245c","values":[{"label":"NEXON","value":"Option - 1","selected":false,"tempId":"aco_1126","gt_translate_keys":["label"]},{"label":"HEXA","value":"Option - 2","selected":false,"tempId":"aco_1127","gt_translate_keys":["label"]},{"label":"PUNCH","value":"Option - 3","selected":false,"tempId":"aco_4901","gt_translate_keys":["label"]},{"label":"SAFARI STORME","value":"Option - 4","selected":false,"tempId":"aco_4956","gt_translate_keys":["label"]}],"dropdown_type":"basic","error":false,"placeholder":"Please Select a Model","gt_translate_keys":["label","placeholder"],"price_dependency":false,"cl_dependency":["select_6684a4ae102464"],"value":""}]]},"sec_0684a4ae10245d":{"extra":{"key":"sec_0684a4ae10245d","section_id":"sec_0684a4ae10245d","name":"Year","status":1,"cl_rule":"show","enableCl":true,"relations":[],"toggle":true,"title_tag":"h4","show_title":false,"showPrice":"default","form_id":2749,"form_rules":{"exclude_from_discount":false,"fee_label":"Fee","disp_hide_options_price":false,"disp_show_section_price":false,"disp_show_field_price":true,"layout_option":"standard","pric_use_as_fee":false,"process_fee_as":"woo_fee"},"layout_option":"standard"},"fields":[[{"active":true,"col":6,"relations":[{"operator":false,"rules":[{"operator":"AND","rules":{"cl_field":"select_2684a4ae10245c","cl_relation":"is_visible","cl_val":""}}]}],"cl_rule":"show","enableCl":true,"price":"","enablePrice":false,"className":"","label_position":"default","desc_position":"default","type":"select","required":true,"elementId":"select_6684a4ae102464","label":"YEAR","name":"select_6684a4ae102464","values":[{"label":"2012","value":"Option - 6","selected":false,"tempId":"aco_6965","gt_translate_keys":["label"]},{"label":"2013","value":"Option - 7","selected":false,"tempId":"aco_7038","gt_translate_keys":["label"]},{"label":"2014","value":"Option - 15","selected":false,"tempId":"aco_1800","gt_translate_keys":["label"]},{"label":"2015","value":"Option - 16","selected":false,"tempId":"aco_1864","gt_translate_keys":["label"]},{"label":"2016","value":"Option - 17","selected":false,"tempId":"aco_1946","gt_translate_keys":["label"]},{"label":"2017","value":"Option - 18","selected":false,"tempId":"aco_2028","gt_translate_keys":["label"]},{"label":"2018","value":"Option - 19","selected":false,"tempId":"aco_2092","gt_translate_keys":["label"]},{"label":"2019","value":"Option - 20","selected":false,"tempId":"aco_2156","gt_translate_keys":["label"]},{"label":"2020","value":"Option - 21","selected":false,"tempId":"aco_2202","gt_translate_keys":["label"]},{"label":"2021","value":"Option - 22","selected":false,"tempId":"aco_2302","gt_translate_keys":["label"]},{"label":"2022","value":"Option - 23","selected":false,"tempId":"aco_2366","gt_translate_keys":["label"]},{"label":"2023","value":"Option - 24","selected":false,"tempId":"aco_2430","gt_translate_keys":["label"]},{"label":"2024","value":"Option - 25","selected":false,"tempId":"aco_2512","gt_translate_keys":["label"]},{"label":"2025","value":"Option - 26","selected":false,"tempId":"aco_2576","gt_translate_keys":["label"]}],"dropdown_type":"basic","error":false,"placeholder":"Please Select a Year","gt_translate_keys":["label","placeholder"],"price_dependency":false,"cl_dependency":false,"value":""}]]}},"config":{"price_override":"","enable_recaptcha":false,"bind_quantity":false,"quantity_bind_formula":false,"disp_summ_show_option_price":true,"disp_summ_show_product_price":true,"disp_summ_show_total_price":true,"disp_summ_show_fee":false,"disp_summ_show_discount":false,"summary_title":"","options_total_label":"Options Price","total_label":"Total","options_product_label":"Product Price","fee_label":"Fee","discount_label":"Discount","has_price":true,"has_quantity_formula":false},"mc_unit":1,"tax_rate":1,"tax_rate_real":1,"discount":{"percentage":0,"fixed":0},"design":{"conf":{"LabelPosition":"left","DescPosition":"left","UploadField":"custom_1","QuantityFieldStyle":"custom_1"},"css":{"LeftLabelWidth":"62px"}},"formulas":[],"clones":false,"cartKey":false}},"_links":{"self":[{"href":"https:\/\/windboostersales.com\/es\/wp-json\/wp\/v2\/product\/3340","targetHints":{"allow":["GET"]}}],"collection":[{"href":"https:\/\/windboostersales.com\/es\/wp-json\/wp\/v2\/product"}],"about":[{"href":"https:\/\/windboostersales.com\/es\/wp-json\/wp\/v2\/types\/product"}],"replies":[{"embeddable":true,"href":"https:\/\/windboostersales.com\/es\/wp-json\/wp\/v2\/comments?post=3340"}],"version-history":[{"count":0,"href":"https:\/\/windboostersales.com\/es\/wp-json\/wp\/v2\/product\/3340\/revisions"}],"wp:featuredmedia":[{"embeddable":true,"href":"https:\/\/windboostersales.com\/es\/wp-json\/wp\/v2\/media\/3352"}],"wp:attachment":[{"href":"https:\/\/windboostersales.com\/es\/wp-json\/wp\/v2\/media?parent=3340"}],"wp:term":[{"taxonomy":"product_brand","embeddable":true,"href":"https:\/\/windboostersales.com\/es\/wp-json\/wp\/v2\/product_brand?post=3340"},{"taxonomy":"product_cat","embeddable":true,"href":"https:\/\/windboostersales.com\/es\/wp-json\/wp\/v2\/product_cat?post=3340"},{"taxonomy":"product_tag","embeddable":true,"href":"https:\/\/windboostersales.com\/es\/wp-json\/wp\/v2\/product_tag?post=3340"}],"curies":[{"name":"wp","href":"https:\/\/api.w.org\/{rel}","templated":true}]}}