{"id":3326,"date":"2025-06-18T02:17:25","date_gmt":"2025-06-18T02:17:25","guid":{"rendered":"https:\/\/windboostersales.com\/?post_type=product&#038;p=3326"},"modified":"2025-07-28T09:15:34","modified_gmt":"2025-07-28T09:15:34","slug":"mercedes-benz-am","status":"publish","type":"product","link":"https:\/\/windboostersales.com\/es\/mercedes-benz-am\/","title":{"rendered":"CONTROLADOR DE ACELERACI\u00d3N BLUETOOTH WINDBOOSTER PARA MERCEDES BENZ AM"},"content":{"rendered":"","protected":false},"excerpt":{"rendered":"<p><a><strong>Control de aplicaciones m\u00f3viles<\/strong><\/a>: F\u00e1cil manejo inal\u00e1mbrico con aplicaciones Android\/iOS.<br \/>\n<strong>Curvas de aceleraci\u00f3n personalizables<\/strong>: Ajusta la curva del acelerador a tu estilo de conducci\u00f3n para disfrutar de una experiencia personalizada.<br \/>\n<strong>Respuesta del acelerador mejorada<\/strong>: Disfrute de una respuesta del pedal m\u00e1s r\u00e1pida que la de los sistemas originales para mejorar el rendimiento.<br \/>\n<strong>Elimina el retraso en la aceleraci\u00f3n:<\/strong> Experimente una entrega de potencia instant\u00e1nea sin retrasos.<br \/>\n<strong>Compatibilidad universal con veh\u00edculos<\/strong>: Funciona con veh\u00edculos di\u00e9sel, gasolina y otros, incluidos los modelos con volante a la izquierda y a la derecha.<br \/>\n<strong>M\u00faltiples modos de aceleraci\u00f3n<\/strong>: Seleccione entre 10 modos de curvas del acelerador y 40 opciones de ajuste personalizables para obtener la sensaci\u00f3n de conducci\u00f3n que prefiera.<br \/>\n<strong>Instalaci\u00f3n sencilla<\/strong>: Conexi\u00f3n directa \u00abplug-and-play\u00bb al arn\u00e9s del acelerador, sin necesidad de cortar cables ni de puerto OBDII.<br \/>\n<strong>Garant\u00eda de 30 d\u00edas<\/strong>: Pru\u00e9belo sin preocupaciones con nuestra garant\u00eda de devoluci\u00f3n del dinero si no queda satisfecho.<\/p>","protected":false},"featured_media":3314,"comment_status":"closed","ping_status":"closed","template":"","meta":[],"product_brand":[419],"product_cat":[350],"product_tag":[133,290,285,420,299],"class_list":{"0":"post-3326","1":"product","2":"type-product","3":"status-publish","4":"has-post-thumbnail","6":"product_brand-mercedes-benz-am","7":"product_cat-mercedes-benz-am","8":"product_tag-drive-by-wire-throttle-enhancement-device","9":"product_tag-fine-tuned-throttle-control-for-cars","10":"product_tag-improved-acceleration-with-windbooster","11":"product_tag-mercedes-benz-am","12":"product_tag-vehicle-acceleration-improvement-tool","13":"wcpa_has_options","15":"first","16":"instock","17":"sale","18":"shipping-taxable","19":"purchasable","20":"product-type-simple"},"wcpa_form_fields":{"wcpaData":{"product":{"product_price":189,"price_html":"<del aria-hidden=\"true\"><span class=\"woocommerce-Price-amount amount\"><bdi><span class=\"woocommerce-Price-currencySymbol\">&#36;<\/span>259.00<\/bdi><\/span><\/del> <span class=\"screen-reader-text\">El precio original era: &#036;259.00.<\/span><ins aria-hidden=\"true\"><span class=\"woocommerce-Price-amount amount\"><bdi><span class=\"woocommerce-Price-currencySymbol\">&#36;<\/span>189.00<\/bdi><\/span><\/ins><span class=\"screen-reader-text\">El precio actual es: &#036;189.00.<\/span>","original_product_price":259,"price_including_tax":189,"price_excluding_tax":189,"product_id":{"parent":3326,"variation":false},"is_variable":false,"stock_status":"instock","stock_quantity":null,"parent_sku":"Acura-2-1-1-1-1-1-1-1-1-1-2-2-1-1-1-1-1-1-1-1-1-1-1-1-1-1-1-2-1-1-1-1-1-1-1-1","product_attributes":[],"custom_fields":[],"is_taxable":false,"product_name":"WINDBOOSTER BLUETOOTH THRROTTLE CONTROLLER FOR MERCEDES BENZ AM"},"fields":{"sec_468492ad58db54":{"extra":{"key":"sec_468492ad58db54","section_id":"sec_468492ad58db54","name":"Default","status":1,"cl_rule":"show","enableCl":false,"relations":[],"toggle":true,"title_tag":"h3","show_title":false,"showPrice":"default","form_id":2736,"form_rules":{"exclude_from_discount":false,"fee_label":"Fee","disp_hide_options_price":false,"disp_show_section_price":false,"disp_show_field_price":true,"layout_option":"standard","pric_use_as_fee":false,"process_fee_as":"woo_fee"},"layout_option":"standard"},"fields":[[{"active":true,"col":6,"relations":[],"cl_rule":"show","enableCl":true,"price":"","enablePrice":false,"className":"","label_position":"default","desc_position":"default","type":"select","required":true,"elementId":"select_268492ad58db88","label":"MAKE","name":"select_268492ad58db88","values":[{"label":"MERCEDES BENZ","value":"Option - 1","selected":false,"tempId":"aco_214","gt_translate_keys":["label"]}],"dropdown_type":"basic","error":false,"multiple":false,"repeater":false,"repeater_field_label":"{field_label}","repeater_bind":"","gt_translate_keys":["label","repeater_field_label"],"price_dependency":false,"cl_dependency":["select_468492ad58db9b"],"value":""}]]},"sec_468492ad58db8d":{"extra":{"key":"sec_468492ad58db8d","section_id":"sec_468492ad58db8d","name":"Car Model","status":1,"cl_rule":"show","enableCl":false,"relations":[],"toggle":true,"title_tag":"h4","show_title":false,"showPrice":"default","form_id":2736,"form_rules":{"exclude_from_discount":false,"fee_label":"Fee","disp_hide_options_price":false,"disp_show_section_price":false,"disp_show_field_price":true,"layout_option":"standard","pric_use_as_fee":false,"process_fee_as":"woo_fee"},"layout_option":"standard"},"fields":[[{"active":true,"col":6,"relations":[{"operator":false,"rules":[{"operator":"AND","rules":{"cl_field":"select_268492ad58db88","cl_relation":"is_visible","cl_val":""}}]}],"cl_rule":"show","enableCl":true,"price":"","enablePrice":false,"className":"","label_position":"default","desc_position":"default","type":"select","required":true,"elementId":"select_468492ad58db9b","label":"MODEL","name":"select_468492ad58db9b","values":[{"label":"A CLASS - W169","value":"Option - 1","selected":false,"tempId":"aco_1126","gt_translate_keys":["label"]},{"label":"A CLASS - W176","value":"Option - 2","selected":false,"tempId":"aco_1127","gt_translate_keys":["label"]},{"label":"A CLASS - W177","value":"Option - 3","selected":false,"tempId":"aco_1128","gt_translate_keys":["label"]},{"label":"B CLASS - W245","value":"Option - 4","selected":false,"tempId":"aco_1129","gt_translate_keys":["label"]},{"label":"B CLASS - W246\/W247","value":"Option - 5","selected":false,"tempId":"aco_1130","gt_translate_keys":["label"]},{"label":"C CLASS - W203","value":"Option - 7","selected":false,"tempId":"aco_1132","gt_translate_keys":["label"]},{"label":"C CLASS - W204\/W205","value":"Option - 8","selected":false,"tempId":"aco_1133","gt_translate_keys":["label"]},{"label":"CL CLASS - C215\/C216","value":"Option - 10","selected":false,"tempId":"aco_1135","gt_translate_keys":["label"]},{"label":"CLA CLASS","value":"Option - 11","selected":false,"tempId":"aco_1136","gt_translate_keys":["label"]},{"label":"CLE CLASS","value":"Option - 12","selected":false,"tempId":"aco_1137","gt_translate_keys":["label"]},{"label":"CLK CLASS - A209\/C209","value":"Option - 13","selected":false,"tempId":"aco_1138","gt_translate_keys":["label"]},{"label":"CLK CLASS - A207\/C207","value":"Option - 14","selected":false,"tempId":"aco_541","gt_translate_keys":["label"]},{"label":"CLS CLASS - W219","value":"Option - 15","selected":false,"tempId":"aco_731","gt_translate_keys":["label"]},{"label":"CLS CLASS - W218","value":"Option - 16","selected":false,"tempId":"aco_777","gt_translate_keys":["label"]},{"label":"CLS CLASS -C257","value":"Option - 17","selected":false,"tempId":"aco_823","gt_translate_keys":["label"]},{"label":"","value":"Option - 18","selected":false,"tempId":"aco_869","gt_translate_keys":["label"]},{"label":"","value":"Option - 19","selected":false,"tempId":"aco_915","gt_translate_keys":["label"]},{"label":"","value":"Option - 20","selected":false,"tempId":"aco_952","gt_translate_keys":["label"]},{"label":"","value":"Option - 21","selected":false,"tempId":"aco_1034","gt_translate_keys":["label"]},{"label":"","value":"Option - 22","selected":false,"tempId":"aco_1107","gt_translate_keys":["label"]},{"label":"","value":"Option - 23","selected":false,"tempId":"aco_1171","gt_translate_keys":["label"]},{"label":"","value":"Option - 24","selected":false,"tempId":"aco_1253","gt_translate_keys":["label"]},{"label":"","value":"Option - 25","selected":false,"tempId":"aco_1299","gt_translate_keys":["label"]},{"label":"","value":"Option - 26","selected":false,"tempId":"aco_1336","gt_translate_keys":["label"]},{"label":"","value":"Option - 27","selected":false,"tempId":"aco_1391","gt_translate_keys":["label"]},{"label":"","value":"Option - 28","selected":false,"tempId":"aco_1437","gt_translate_keys":["label"]},{"label":"","value":"Option - 29","selected":false,"tempId":"aco_1483","gt_translate_keys":["label"]},{"label":"","value":"Option - 30","selected":false,"tempId":"aco_1583","gt_translate_keys":["label"]},{"label":"","value":"Option - 31","selected":false,"tempId":"aco_1656","gt_translate_keys":["label"]},{"label":"","value":"Option - 32","selected":false,"tempId":"aco_1729","gt_translate_keys":["label"]}],"dropdown_type":"basic","error":false,"placeholder":"Please Select a Model","gt_translate_keys":["label","placeholder"],"price_dependency":false,"cl_dependency":["select_768492ad58dba8"],"value":""}]]},"sec_368492ad58db9d":{"extra":{"key":"sec_368492ad58db9d","section_id":"sec_368492ad58db9d","name":"Year","status":1,"cl_rule":"show","enableCl":true,"relations":[],"toggle":true,"title_tag":"h4","show_title":false,"showPrice":"default","form_id":2736,"form_rules":{"exclude_from_discount":false,"fee_label":"Fee","disp_hide_options_price":false,"disp_show_section_price":false,"disp_show_field_price":true,"layout_option":"standard","pric_use_as_fee":false,"process_fee_as":"woo_fee"},"layout_option":"standard"},"fields":[[{"active":true,"col":6,"relations":[{"operator":false,"rules":[{"operator":"AND","rules":{"cl_field":"select_468492ad58db9b","cl_relation":"is_visible","cl_val":""}}]}],"cl_rule":"show","enableCl":true,"price":"","enablePrice":false,"className":"","label_position":"default","desc_position":"default","type":"select","required":true,"elementId":"select_768492ad58dba8","label":"YEAR","name":"select_768492ad58dba8","values":[{"label":"2000","value":"Option - 1","selected":false,"tempId":"aco_1811","gt_translate_keys":["label"]},{"label":"2001","value":"Option - 2","selected":false,"tempId":"aco_1914","gt_translate_keys":["label"]},{"label":"2002","value":"Option - 3","selected":false,"tempId":"aco_1969","gt_translate_keys":["label"]},{"label":"2003","value":"Option - 4","selected":false,"tempId":"aco_905","gt_translate_keys":["label"]},{"label":"2004","value":"Option - 5","selected":false,"tempId":"aco_906","gt_translate_keys":["label"]},{"label":"2005","value":"Option - 6","selected":false,"tempId":"aco_907","gt_translate_keys":["label"]},{"label":"2006","value":"Option - 7","selected":false,"tempId":"aco_1133","gt_translate_keys":["label"]},{"label":"2007","value":"Option - 8","selected":false,"tempId":"aco_1179","gt_translate_keys":["label"]},{"label":"2008","value":"Option - 9","selected":false,"tempId":"aco_1225","gt_translate_keys":["label"]},{"label":"2009","value":"Option - 10","selected":false,"tempId":"aco_1325","gt_translate_keys":["label"]},{"label":"2010","value":"Option - 11","selected":false,"tempId":"aco_1542","gt_translate_keys":["label"]},{"label":"2011","value":"Option - 12","selected":false,"tempId":"aco_1606","gt_translate_keys":["label"]},{"label":"2012","value":"Option - 13","selected":false,"tempId":"aco_1670","gt_translate_keys":["label"]},{"label":"2013","value":"Option - 14","selected":false,"tempId":"aco_1734","gt_translate_keys":["label"]},{"label":"2014","value":"Option - 15","selected":false,"tempId":"aco_1800","gt_translate_keys":["label"]},{"label":"2015","value":"Option - 16","selected":false,"tempId":"aco_1864","gt_translate_keys":["label"]},{"label":"2016","value":"Option - 17","selected":false,"tempId":"aco_1946","gt_translate_keys":["label"]},{"label":"2017","value":"Option - 18","selected":false,"tempId":"aco_2028","gt_translate_keys":["label"]},{"label":"2018","value":"Option - 19","selected":false,"tempId":"aco_2092","gt_translate_keys":["label"]},{"label":"2019","value":"Option - 20","selected":false,"tempId":"aco_2156","gt_translate_keys":["label"]},{"label":"2020","value":"Option - 21","selected":false,"tempId":"aco_2202","gt_translate_keys":["label"]},{"label":"2021","value":"Option - 22","selected":false,"tempId":"aco_2302","gt_translate_keys":["label"]},{"label":"2022","value":"Option - 23","selected":false,"tempId":"aco_2366","gt_translate_keys":["label"]},{"label":"2023","value":"Option - 24","selected":false,"tempId":"aco_2430","gt_translate_keys":["label"]},{"label":"2024","value":"Option - 25","selected":false,"tempId":"aco_2512","gt_translate_keys":["label"]},{"label":"2025","value":"Option - 26","selected":false,"tempId":"aco_2576","gt_translate_keys":["label"]}],"dropdown_type":"basic","error":false,"placeholder":"Please Select a Year","gt_translate_keys":["label","placeholder"],"price_dependency":false,"cl_dependency":false,"value":""}]]}},"config":{"price_override":"","enable_recaptcha":false,"bind_quantity":false,"quantity_bind_formula":false,"disp_summ_show_option_price":true,"disp_summ_show_product_price":true,"disp_summ_show_total_price":true,"disp_summ_show_fee":false,"disp_summ_show_discount":false,"summary_title":"","options_total_label":"Options Price","total_label":"Total","options_product_label":"Product Price","fee_label":"Fee","discount_label":"Discount","has_price":true,"has_quantity_formula":false},"mc_unit":1,"tax_rate":1,"tax_rate_real":1,"discount":{"percentage":0,"fixed":0},"design":{"conf":{"LabelPosition":"left","DescPosition":"left","UploadField":"custom_1","QuantityFieldStyle":"custom_1"},"css":{"LeftLabelWidth":"62px"}},"formulas":[],"clones":false,"cartKey":false}},"_links":{"self":[{"href":"https:\/\/windboostersales.com\/es\/wp-json\/wp\/v2\/product\/3326","targetHints":{"allow":["GET"]}}],"collection":[{"href":"https:\/\/windboostersales.com\/es\/wp-json\/wp\/v2\/product"}],"about":[{"href":"https:\/\/windboostersales.com\/es\/wp-json\/wp\/v2\/types\/product"}],"replies":[{"embeddable":true,"href":"https:\/\/windboostersales.com\/es\/wp-json\/wp\/v2\/comments?post=3326"}],"version-history":[{"count":0,"href":"https:\/\/windboostersales.com\/es\/wp-json\/wp\/v2\/product\/3326\/revisions"}],"wp:featuredmedia":[{"embeddable":true,"href":"https:\/\/windboostersales.com\/es\/wp-json\/wp\/v2\/media\/3314"}],"wp:attachment":[{"href":"https:\/\/windboostersales.com\/es\/wp-json\/wp\/v2\/media?parent=3326"}],"wp:term":[{"taxonomy":"product_brand","embeddable":true,"href":"https:\/\/windboostersales.com\/es\/wp-json\/wp\/v2\/product_brand?post=3326"},{"taxonomy":"product_cat","embeddable":true,"href":"https:\/\/windboostersales.com\/es\/wp-json\/wp\/v2\/product_cat?post=3326"},{"taxonomy":"product_tag","embeddable":true,"href":"https:\/\/windboostersales.com\/es\/wp-json\/wp\/v2\/product_tag?post=3326"}],"curies":[{"name":"wp","href":"https:\/\/api.w.org\/{rel}","templated":true}]}}