{"id":3319,"date":"2025-06-18T02:07:21","date_gmt":"2025-06-18T02:07:21","guid":{"rendered":"https:\/\/windboostersales.com\/?post_type=product&#038;p=3319"},"modified":"2025-06-18T02:08:26","modified_gmt":"2025-06-18T02:08:26","slug":"lexus","status":"publish","type":"product","link":"https:\/\/windboostersales.com\/es\/lexus\/","title":{"rendered":"CONTROLADOR DE ACELERACI\u00d3N BLUETOOTH WINDBOOSTER PARA LEXUS"},"content":{"rendered":"","protected":false},"excerpt":{"rendered":"<p><a><strong>Control de aplicaciones m\u00f3viles<\/strong><\/a>: F\u00e1cil manejo inal\u00e1mbrico con aplicaciones Android\/iOS.<br \/>\n<strong>Curvas de aceleraci\u00f3n personalizables<\/strong>: Ajusta la curva del acelerador a tu estilo de conducci\u00f3n para disfrutar de una experiencia personalizada.<br \/>\n<strong>Respuesta del acelerador mejorada<\/strong>: Disfrute de una respuesta del pedal m\u00e1s r\u00e1pida que la de los sistemas originales para mejorar el rendimiento.<br \/>\n<strong>Elimina el retraso en la aceleraci\u00f3n:<\/strong> Experimente una entrega de potencia instant\u00e1nea sin retrasos.<br \/>\n<strong>Compatibilidad universal con veh\u00edculos<\/strong>: Funciona con veh\u00edculos di\u00e9sel, gasolina y otros, incluidos los modelos con volante a la izquierda y a la derecha.<br \/>\n<strong>M\u00faltiples modos de aceleraci\u00f3n<\/strong>: Seleccione entre 10 modos de curvas del acelerador y 40 opciones de ajuste personalizables para obtener la sensaci\u00f3n de conducci\u00f3n que prefiera.<br \/>\n<strong>Instalaci\u00f3n sencilla<\/strong>: Conexi\u00f3n directa \u00abplug-and-play\u00bb al arn\u00e9s del acelerador, sin necesidad de cortar cables ni de puerto OBDII.<br \/>\n<strong>Garant\u00eda de 30 d\u00edas<\/strong>: Pru\u00e9belo sin preocupaciones con nuestra garant\u00eda de devoluci\u00f3n del dinero si no queda satisfecho.<\/p>","protected":false},"featured_media":3307,"comment_status":"closed","ping_status":"closed","template":"","meta":[],"product_brand":[],"product_cat":[343],"product_tag":[133,290,285,409,299],"class_list":{"0":"post-3319","1":"product","2":"type-product","3":"status-publish","4":"has-post-thumbnail","6":"product_cat-lexus","7":"product_tag-drive-by-wire-throttle-enhancement-device","8":"product_tag-fine-tuned-throttle-control-for-cars","9":"product_tag-improved-acceleration-with-windbooster","10":"product_tag-lexus","11":"product_tag-vehicle-acceleration-improvement-tool","12":"wcpa_has_options","14":"first","15":"instock","16":"sale","17":"shipping-taxable","18":"purchasable","19":"product-type-simple"},"wcpa_form_fields":{"wcpaData":{"product":{"product_price":189,"price_html":"<del aria-hidden=\"true\"><span class=\"woocommerce-Price-amount amount\"><bdi><span class=\"woocommerce-Price-currencySymbol\">&#36;<\/span>259.00<\/bdi><\/span><\/del> <span class=\"screen-reader-text\">El precio original era: &#036;259.00.<\/span><ins aria-hidden=\"true\"><span class=\"woocommerce-Price-amount amount\"><bdi><span class=\"woocommerce-Price-currencySymbol\">&#36;<\/span>189.00<\/bdi><\/span><\/ins><span class=\"screen-reader-text\">El precio actual es: &#036;189.00.<\/span>","original_product_price":259,"price_including_tax":189,"price_excluding_tax":189,"product_id":{"parent":3319,"variation":false},"is_variable":false,"stock_status":"instock","stock_quantity":null,"parent_sku":"Acura-2-1-1-1-1-1-1-1-1-1-2-2-1-1-1-1-1-1-1-1-1-1-1-1-1-1-1-2-1","product_attributes":[],"custom_fields":[],"is_taxable":false,"product_name":"WINDBOOSTER BLUETOOTH THRROTTLE CONTROLLER FOR LEXUS"},"fields":{"sec_06846a389ee125":{"extra":{"key":"sec_06846a389ee125","section_id":"sec_06846a389ee125","name":"Default","status":1,"cl_rule":"show","enableCl":false,"relations":[],"toggle":true,"title_tag":"h3","show_title":false,"showPrice":"default","form_id":2728,"form_rules":{"exclude_from_discount":false,"fee_label":"Fee","disp_hide_options_price":false,"disp_show_section_price":false,"disp_show_field_price":true,"layout_option":"standard","pric_use_as_fee":false,"process_fee_as":"woo_fee"},"layout_option":"standard"},"fields":[[{"active":true,"col":6,"relations":[],"cl_rule":"show","enableCl":true,"price":"","enablePrice":false,"className":"","label_position":"default","desc_position":"default","type":"select","required":true,"elementId":"select_106846a389ee152","label":"MAKE","name":"select_106846a389ee152","values":[{"label":"LEXUS","value":"Option - 1","selected":false,"tempId":"aco_214","gt_translate_keys":["label"]},{"label":"","value":"","selected":false,"gt_translate_keys":["label"]}],"dropdown_type":"basic","error":false,"multiple":false,"repeater":false,"repeater_field_label":"{field_label}","repeater_bind":"","gt_translate_keys":["label","repeater_field_label"],"price_dependency":false,"cl_dependency":["select_46846a389ee165"],"value":""}]]},"sec_86846a389ee156":{"extra":{"key":"sec_86846a389ee156","section_id":"sec_86846a389ee156","name":"Car Model","status":1,"cl_rule":"show","enableCl":false,"relations":[],"toggle":true,"title_tag":"h4","show_title":false,"showPrice":"default","form_id":2728,"form_rules":{"exclude_from_discount":false,"fee_label":"Fee","disp_hide_options_price":false,"disp_show_section_price":false,"disp_show_field_price":true,"layout_option":"standard","pric_use_as_fee":false,"process_fee_as":"woo_fee"},"layout_option":"standard"},"fields":[[{"active":true,"col":6,"relations":[{"operator":false,"rules":[{"operator":"AND","rules":{"cl_field":"select_106846a389ee152","cl_relation":"is_visible","cl_val":""}}]}],"cl_rule":"show","enableCl":true,"price":"","enablePrice":false,"className":"","label_position":"default","desc_position":"default","type":"select","required":true,"elementId":"select_46846a389ee165","label":"MODEL","name":"select_46846a389ee165","values":[{"label":"CT - A10","value":"Option - 1","selected":false,"tempId":"aco_1126","gt_translate_keys":["label"]},{"label":"CX - J120","value":"Option - 2","selected":false,"tempId":"aco_1127","gt_translate_keys":["label"]},{"label":"ES - XV30\/300","value":"Option - 3","selected":false,"tempId":"aco_1128","gt_translate_keys":["label"]},{"label":"ES - XV40\/350","value":"Option - 4","selected":false,"tempId":"aco_1129","gt_translate_keys":["label"]},{"label":"ES - XV60\/XZ10\/200\/250\/300h\/350\/","value":"Option - 5","selected":false,"tempId":"aco_1130","gt_translate_keys":["label"]},{"label":"GS - S190","value":"Option - 6","selected":false,"tempId":"aco_1131","gt_translate_keys":["label"]},{"label":"GS - L10","value":"Option - 7","selected":false,"tempId":"aco_1132","gt_translate_keys":["label"]},{"label":"GS 300 \/ GS 350 \/ GS 430 \/ GS 450h ","value":"Option - 8","selected":false,"tempId":"aco_1133","gt_translate_keys":["label"]},{"label":"GS 200t \/ GS 250 \/ GS 350 \/ GS F \/ GS 450h  ","value":"Option - 9","selected":false,"tempId":"aco_1134","gt_translate_keys":["label"]},{"label":"GX400\/GX460\/GX500","value":"Option - 10","selected":false,"tempId":"aco_1135","gt_translate_keys":["label"]},{"label":"GX470","value":"Option - 11","selected":false,"tempId":"aco_1136","gt_translate_keys":["label"]},{"label":"IS ","value":"Option - 12","selected":false,"tempId":"aco_1137","gt_translate_keys":["label"]},{"label":"IS 220d \/ IS 250 \/ IS 300 \/ IS 350 \/ IS F ","value":"Option - 13","selected":false,"tempId":"aco_1138","gt_translate_keys":["label"]},{"label":"IS 200t \/ IS 250 \/ IS 300 \/ IS 350 \/ IS 300h ","value":"Option - 14","selected":false,"tempId":"aco_541","gt_translate_keys":["label"]},{"label":"LC - Z100 ","value":"Option - 15","selected":false,"tempId":"aco_731","gt_translate_keys":["label"]},{"label":"LC 500 \/ LC 500h ","value":"Option - 16","selected":false,"tempId":"aco_777","gt_translate_keys":["label"]},{"label":"LM\/LM350\/LM350H","value":"Option - 17","selected":false,"tempId":"aco_823","gt_translate_keys":["label"]},{"label":"LS430","value":"Option - 18","selected":false,"tempId":"aco_869","gt_translate_keys":["label"]},{"label":"LS460","value":"Option - 19","selected":false,"tempId":"aco_915","gt_translate_keys":["label"]},{"label":"LS500\/LS500H","value":"Option - 20","selected":false,"tempId":"aco_952","gt_translate_keys":["label"]},{"label":"LS600H","value":"Option - 21","selected":false,"tempId":"aco_1034","gt_translate_keys":["label"]},{"label":"LS - XF40 ","value":"Option - 22","selected":false,"tempId":"aco_1107","gt_translate_keys":["label"]},{"label":"LS - XF50 ","value":"Option - 23","selected":false,"tempId":"aco_1171","gt_translate_keys":["label"]},{"label":"LS 350 \/ LS 500 \/ LS 500h ","value":"Option - 24","selected":false,"tempId":"aco_1253","gt_translate_keys":["label"]},{"label":"LSF","value":"Option - 25","selected":false,"tempId":"aco_1299","gt_translate_keys":["label"]},{"label":"LX\u00a0-\u00a0J100 (4.7L)","value":"Option - 26","selected":false,"tempId":"aco_1336","gt_translate_keys":["label"]},{"label":"LX 470 ","value":"Option - 27","selected":false,"tempId":"aco_1391","gt_translate_keys":["label"]},{"label":"LX - 3rd Gen J200 (5.7L)","value":"Option - 28","selected":false,"tempId":"aco_1437","gt_translate_keys":["label"]},{"label":"LX - 4th Gen J310  (5.7L)","value":"Option - 29","selected":false,"tempId":"aco_1483","gt_translate_keys":["label"]},{"label":"LX 450d \/ LX 460 \/ LX 470 \/ LX 570","value":"Option - 30","selected":false,"tempId":"aco_1583","gt_translate_keys":["label"]},{"label":"LX600 ","value":"Option - 31","selected":false,"tempId":"aco_1656","gt_translate_keys":["label"]},{"label":"NX - AZ10 (2.0L)\/NX - AZ20(2.4L-2.5L)\/","value":"Option - 32","selected":false,"tempId":"aco_1729","gt_translate_keys":["label"]},{"label":"NX 200t \/ NX 300 \/ NX 300h \/NX450","value":"Option - 33","selected":false,"tempId":"aco_3926","gt_translate_keys":["label"]},{"label":"RC 200t \/ RC 300 \/ RC 300h \/ RC 350 \/ RC F\/XC -10","value":"Option - 34","selected":false,"tempId":"aco_4107","gt_translate_keys":["label"]},{"label":"RX - XU30","value":"Option - 35","selected":false,"tempId":"aco_4468","gt_translate_keys":["label"]},{"label":"RX - XU30 Facelift","value":"Option - 36","selected":false,"tempId":"aco_4523","gt_translate_keys":["label"]},{"label":"RX - 3rd Gen AL10 (3.5L)","value":"Option - 37","selected":false,"tempId":"aco_4588","gt_translate_keys":["label"]},{"label":"RX 350 \/ RX 450h ","value":"Option - 38","selected":false,"tempId":"aco_4769","gt_translate_keys":["label"]},{"label":"RX - AL20(3.5L)","value":"Option - 39","selected":false,"tempId":"aco_4824","gt_translate_keys":["label"]},{"label":"RX 200t \/ RX 300 \/ RX 350 \/ RX 450h ","value":"Option - 40","selected":false,"tempId":"aco_4942","gt_translate_keys":["label"]},{"label":"RZ300E\/RZ450E","value":"Option - 41","selected":false,"tempId":"aco_5114","gt_translate_keys":["label"]},{"label":"TX350\/500H\/TX500H F+","value":"Option - 42","selected":false,"tempId":"aco_5205","gt_translate_keys":["label"]},{"label":"SC430","value":"Option - 43","selected":false,"tempId":"aco_5431","gt_translate_keys":["label"]},{"label":"UX200\/UX250H\/UX300H","value":"Option - 44","selected":false,"tempId":"aco_19","gt_translate_keys":["label"]}],"dropdown_type":"basic","error":false,"placeholder":"Please Select a Model","gt_translate_keys":["label","placeholder"],"price_dependency":false,"cl_dependency":["select_56846a389ee171"],"value":""}]]},"sec_16846a389ee167":{"extra":{"key":"sec_16846a389ee167","section_id":"sec_16846a389ee167","name":"Year","status":1,"cl_rule":"show","enableCl":true,"relations":[],"toggle":true,"title_tag":"h4","show_title":false,"showPrice":"default","form_id":2728,"form_rules":{"exclude_from_discount":false,"fee_label":"Fee","disp_hide_options_price":false,"disp_show_section_price":false,"disp_show_field_price":true,"layout_option":"standard","pric_use_as_fee":false,"process_fee_as":"woo_fee"},"layout_option":"standard"},"fields":[[{"active":true,"col":6,"relations":[{"operator":false,"rules":[{"operator":"AND","rules":{"cl_field":"select_46846a389ee165","cl_relation":"is_visible","cl_val":""}}]}],"cl_rule":"show","enableCl":true,"price":"","enablePrice":false,"className":"","label_position":"default","desc_position":"default","type":"select","required":true,"elementId":"select_56846a389ee171","label":"YEAR","name":"select_56846a389ee171","values":[{"label":"2002","value":"Option - 3","selected":false,"tempId":"aco_1969","gt_translate_keys":["label"]},{"label":"2003","value":"Option - 4","selected":false,"tempId":"aco_905","gt_translate_keys":["label"]},{"label":"2004","value":"Option - 5","selected":false,"tempId":"aco_906","gt_translate_keys":["label"]},{"label":"2005","value":"Option - 6","selected":false,"tempId":"aco_907","gt_translate_keys":["label"]},{"label":"2006","value":"Option - 7","selected":false,"tempId":"aco_1133","gt_translate_keys":["label"]},{"label":"2007","value":"Option - 8","selected":false,"tempId":"aco_1179","gt_translate_keys":["label"]},{"label":"2008","value":"Option - 9","selected":false,"tempId":"aco_1225","gt_translate_keys":["label"]},{"label":"2009","value":"Option - 10","selected":false,"tempId":"aco_1325","gt_translate_keys":["label"]},{"label":"2010","value":"Option - 11","selected":false,"tempId":"aco_1542","gt_translate_keys":["label"]},{"label":"2011","value":"Option - 12","selected":false,"tempId":"aco_1606","gt_translate_keys":["label"]},{"label":"2012","value":"Option - 13","selected":false,"tempId":"aco_1670","gt_translate_keys":["label"]},{"label":"2013","value":"Option - 14","selected":false,"tempId":"aco_1734","gt_translate_keys":["label"]},{"label":"2014","value":"Option - 15","selected":false,"tempId":"aco_1800","gt_translate_keys":["label"]},{"label":"2015","value":"Option - 16","selected":false,"tempId":"aco_1864","gt_translate_keys":["label"]},{"label":"2016","value":"Option - 17","selected":false,"tempId":"aco_1946","gt_translate_keys":["label"]},{"label":"2017","value":"Option - 18","selected":false,"tempId":"aco_2028","gt_translate_keys":["label"]},{"label":"2018","value":"Option - 19","selected":false,"tempId":"aco_2092","gt_translate_keys":["label"]},{"label":"2019","value":"Option - 20","selected":false,"tempId":"aco_2156","gt_translate_keys":["label"]},{"label":"2020","value":"Option - 21","selected":false,"tempId":"aco_2202","gt_translate_keys":["label"]},{"label":"2021","value":"Option - 22","selected":false,"tempId":"aco_2302","gt_translate_keys":["label"]},{"label":"2022","value":"Option - 23","selected":false,"tempId":"aco_2366","gt_translate_keys":["label"]},{"label":"2023","value":"Option - 24","selected":false,"tempId":"aco_2430","gt_translate_keys":["label"]},{"label":"2024","value":"Option - 25","selected":false,"tempId":"aco_2512","gt_translate_keys":["label"]},{"label":"2025","value":"Option - 26","selected":false,"tempId":"aco_2576","gt_translate_keys":["label"]}],"dropdown_type":"basic","error":false,"placeholder":"Please Select a Year","gt_translate_keys":["label","placeholder"],"price_dependency":false,"cl_dependency":false,"value":""}]]}},"config":{"price_override":"","enable_recaptcha":false,"bind_quantity":false,"quantity_bind_formula":false,"disp_summ_show_option_price":true,"disp_summ_show_product_price":true,"disp_summ_show_total_price":true,"disp_summ_show_fee":false,"disp_summ_show_discount":false,"summary_title":"","options_total_label":"Options Price","total_label":"Total","options_product_label":"Product Price","fee_label":"Fee","discount_label":"Discount","has_price":true,"has_quantity_formula":false},"mc_unit":1,"tax_rate":1,"tax_rate_real":1,"discount":{"percentage":0,"fixed":0},"design":{"conf":{"LabelPosition":"left","DescPosition":"left","UploadField":"custom_1","QuantityFieldStyle":"custom_1"},"css":{"LeftLabelWidth":"62px"}},"formulas":[],"clones":false,"cartKey":false}},"_links":{"self":[{"href":"https:\/\/windboostersales.com\/es\/wp-json\/wp\/v2\/product\/3319","targetHints":{"allow":["GET"]}}],"collection":[{"href":"https:\/\/windboostersales.com\/es\/wp-json\/wp\/v2\/product"}],"about":[{"href":"https:\/\/windboostersales.com\/es\/wp-json\/wp\/v2\/types\/product"}],"replies":[{"embeddable":true,"href":"https:\/\/windboostersales.com\/es\/wp-json\/wp\/v2\/comments?post=3319"}],"version-history":[{"count":0,"href":"https:\/\/windboostersales.com\/es\/wp-json\/wp\/v2\/product\/3319\/revisions"}],"wp:featuredmedia":[{"embeddable":true,"href":"https:\/\/windboostersales.com\/es\/wp-json\/wp\/v2\/media\/3307"}],"wp:attachment":[{"href":"https:\/\/windboostersales.com\/es\/wp-json\/wp\/v2\/media?parent=3319"}],"wp:term":[{"taxonomy":"product_brand","embeddable":true,"href":"https:\/\/windboostersales.com\/es\/wp-json\/wp\/v2\/product_brand?post=3319"},{"taxonomy":"product_cat","embeddable":true,"href":"https:\/\/windboostersales.com\/es\/wp-json\/wp\/v2\/product_cat?post=3319"},{"taxonomy":"product_tag","embeddable":true,"href":"https:\/\/windboostersales.com\/es\/wp-json\/wp\/v2\/product_tag?post=3319"}],"curies":[{"name":"wp","href":"https:\/\/api.w.org\/{rel}","templated":true}]}}