{"id":2827,"date":"2025-06-13T06:46:26","date_gmt":"2025-06-13T06:46:26","guid":{"rendered":"https:\/\/windboostersales.com\/?post_type=product&#038;p=2827"},"modified":"2025-06-18T08:10:38","modified_gmt":"2025-06-18T08:10:38","slug":"byd","status":"publish","type":"product","link":"https:\/\/windboostersales.com\/es\/byd\/","title":{"rendered":"CONTROLADOR DE ACELERACI\u00d3N BLUETOOTH WINDBOOSTER PARA BYD"},"content":{"rendered":"","protected":false},"excerpt":{"rendered":"<p><a><strong>Control de aplicaciones m\u00f3viles<\/strong><\/a>: F\u00e1cil manejo inal\u00e1mbrico con aplicaciones Android\/iOS.<br \/>\n<strong>Curvas de aceleraci\u00f3n personalizables<\/strong>: Ajusta la curva del acelerador a tu estilo de conducci\u00f3n para disfrutar de una experiencia personalizada.<br \/>\n<strong>Respuesta del acelerador mejorada<\/strong>: Disfrute de una respuesta del pedal m\u00e1s r\u00e1pida que la de los sistemas originales para mejorar el rendimiento.<br \/>\n<strong>Elimina el retraso en la aceleraci\u00f3n:<\/strong> Experimente una entrega de potencia instant\u00e1nea sin retrasos.<br \/>\n<strong>Compatibilidad universal con veh\u00edculos<\/strong>: Funciona con veh\u00edculos di\u00e9sel, gasolina y otros, incluidos los modelos con volante a la izquierda y a la derecha.<br \/>\n<strong>M\u00faltiples modos de aceleraci\u00f3n<\/strong>: Seleccione entre 10 modos de curvas del acelerador y 40 opciones de ajuste personalizables para obtener la sensaci\u00f3n de conducci\u00f3n que prefiera.<br \/>\n<strong>Instalaci\u00f3n sencilla<\/strong>: Conexi\u00f3n directa \u00abplug-and-play\u00bb al arn\u00e9s del acelerador, sin necesidad de cortar cables ni de puerto OBDII.<br \/>\n<strong>Garant\u00eda de 30 d\u00edas<\/strong>: Pru\u00e9belo sin preocupaciones con nuestra garant\u00eda de devoluci\u00f3n del dinero si no queda satisfecho.<\/p>","protected":false},"featured_media":2820,"comment_status":"closed","ping_status":"closed","template":"","meta":[],"product_brand":[286],"product_cat":[316],"product_tag":[287,131,285],"class_list":{"0":"post-2827","1":"product","2":"type-product","3":"status-publish","4":"has-post-thumbnail","6":"product_brand-byd","7":"product_cat-byd","8":"product_tag-byd","9":"product_tag-enhanced-throttle-sensitivity-controller","10":"product_tag-improved-acceleration-with-windbooster","11":"wcpa_has_options","13":"first","14":"instock","15":"sale","16":"shipping-taxable","17":"purchasable","18":"product-type-simple"},"wcpa_form_fields":{"wcpaData":{"product":{"product_price":189,"price_html":"<del aria-hidden=\"true\"><span class=\"woocommerce-Price-amount amount\"><bdi><span class=\"woocommerce-Price-currencySymbol\">&#36;<\/span>259.00<\/bdi><\/span><\/del> <span class=\"screen-reader-text\">El precio original era: &#036;259.00.<\/span><ins aria-hidden=\"true\"><span class=\"woocommerce-Price-amount amount\"><bdi><span class=\"woocommerce-Price-currencySymbol\">&#36;<\/span>189.00<\/bdi><\/span><\/ins><span class=\"screen-reader-text\">El precio actual es: &#036;189.00.<\/span>","original_product_price":259,"price_including_tax":189,"price_excluding_tax":189,"product_id":{"parent":2827,"variation":false},"is_variable":false,"stock_status":"instock","stock_quantity":null,"parent_sku":"Acura-2-1-1-1-1","product_attributes":[],"custom_fields":[],"is_taxable":false,"product_name":"WINDBOOSTER BLUETOOTH THRROTTLE CONTROLLER FOR BYD"},"fields":{"sec_106842924b5a530":{"extra":{"key":"sec_106842924b5a530","section_id":"sec_106842924b5a530","name":"Default","status":1,"cl_rule":"show","enableCl":false,"relations":[],"toggle":true,"title_tag":"h3","show_title":false,"showPrice":"default","form_id":2695,"form_rules":{"exclude_from_discount":false,"fee_label":"Fee","disp_hide_options_price":false,"disp_show_section_price":false,"disp_show_field_price":true,"layout_option":"standard","pric_use_as_fee":false,"process_fee_as":"woo_fee"},"layout_option":"standard"},"fields":[[{"active":true,"col":6,"relations":false,"cl_rule":"show","enableCl":false,"price":"","enablePrice":false,"className":"","label_position":"default","desc_position":"default","type":"select","required":true,"elementId":"select_86842924b5a567","label":"MAKE","name":"select_86842924b5a567","values":[{"label":"BYD","value":"Option - 1","selected":false,"tempId":"aco_214","gt_translate_keys":["label"]}],"dropdown_type":"basic","error":false,"multiple":false,"gt_translate_keys":["label"],"price_dependency":false,"cl_dependency":["select_76842924b5a573"],"value":""}]]},"sec_56842924b5a569":{"extra":{"key":"sec_56842924b5a569","section_id":"sec_56842924b5a569","name":"Car Model","status":1,"cl_rule":"show","enableCl":false,"relations":[],"toggle":true,"title_tag":"h4","show_title":false,"showPrice":"default","form_id":2695,"form_rules":{"exclude_from_discount":false,"fee_label":"Fee","disp_hide_options_price":false,"disp_show_section_price":false,"disp_show_field_price":true,"layout_option":"standard","pric_use_as_fee":false,"process_fee_as":"woo_fee"},"layout_option":"standard"},"fields":[[{"active":true,"col":6,"relations":[{"operator":false,"rules":[{"operator":"AND","rules":{"cl_field":"select_86842924b5a567","cl_relation":"is_visible","cl_val":""}}]}],"cl_rule":"show","enableCl":true,"price":"","enablePrice":false,"className":"","label_position":"default","desc_position":"default","type":"select","required":true,"elementId":"select_76842924b5a573","label":"MODEL","name":"select_76842924b5a573","values":[{"label":"HAN","value":"Option - 4","selected":false,"tempId":"aco_121","gt_translate_keys":["label"]},{"label":"QIN","value":"Option - 5","selected":false,"tempId":"aco_158","gt_translate_keys":["label"]},{"label":"TANG","value":"Option - 2","selected":false,"tempId":"aco_65","gt_translate_keys":["label"]},{"label":"SONG","value":"Option - 6","selected":false,"tempId":"aco_177","gt_translate_keys":["label"]},{"label":"SONG MAX","value":"Option - 1","selected":false,"tempId":"aco_64","gt_translate_keys":["label"]},{"label":"YUAN","value":"Option - 9","selected":false,"tempId":"aco_5293","gt_translate_keys":["label"]},{"label":"F0","value":"Option - 7","selected":false,"tempId":"aco_196","gt_translate_keys":["label"]},{"label":"F3","value":"Option - 8","selected":false,"tempId":"aco_5085","gt_translate_keys":["label"]},{"label":"L3","value":"Option - 10","selected":false,"tempId":"aco_5366","gt_translate_keys":["label"]},{"label":"G5","value":"Option - 11","selected":false,"tempId":"aco_5439","gt_translate_keys":["label"]},{"label":"G6","value":"Option - 13","selected":false,"tempId":"aco_5476","gt_translate_keys":["label"]},{"label":"M6","value":"Option - 14","selected":false,"tempId":"aco_6037","gt_translate_keys":["label"]},{"label":"S6","value":"Option - 15","selected":false,"tempId":"aco_6137","gt_translate_keys":["label"]},{"label":"S7","value":"Option - 16","selected":false,"tempId":"aco_6183","gt_translate_keys":["label"]},{"label":"SIRUI","value":"Option - 17","selected":false,"tempId":"aco_6247","gt_translate_keys":["label"]},{"label":"SURUI","value":"Option - 18","selected":false,"tempId":"aco_6284","gt_translate_keys":["label"]},{"label":"DENZA D9 D9 DM-i","value":"Option - 19","selected":false,"tempId":"aco_6321","gt_translate_keys":["label"]}],"dropdown_type":"basic","error":false,"placeholder":"Please Select a Model","gt_translate_keys":["label","placeholder"],"price_dependency":false,"cl_dependency":["select_106842924b5a57b"],"value":""}]]},"sec_86842924b5a574":{"extra":{"key":"sec_86842924b5a574","section_id":"sec_86842924b5a574","name":"Year","status":1,"cl_rule":"show","enableCl":true,"relations":[],"toggle":true,"title_tag":"h4","show_title":false,"showPrice":"default","form_id":2695,"form_rules":{"exclude_from_discount":false,"fee_label":"Fee","disp_hide_options_price":false,"disp_show_section_price":false,"disp_show_field_price":true,"layout_option":"standard","pric_use_as_fee":false,"process_fee_as":"woo_fee"},"layout_option":"standard"},"fields":[[{"active":true,"col":6,"relations":[{"operator":false,"rules":[{"operator":"AND","rules":{"cl_field":"select_76842924b5a573","cl_relation":"is_visible","cl_val":""}}]}],"cl_rule":"show","enableCl":true,"price":"","enablePrice":false,"className":"","label_position":"default","desc_position":"default","type":"select","required":true,"elementId":"select_106842924b5a57b","label":"YEAR","name":"select_106842924b5a57b","values":[{"label":"2008","value":"6","selected":false,"tempId":"aco_1225","gt_translate_keys":["label"]},{"label":"2009","value":"7","selected":false,"tempId":"aco_1325","gt_translate_keys":["label"]},{"label":"2010","value":"10","selected":false,"tempId":"aco_1542","gt_translate_keys":["label"]},{"label":"2011","value":"11","selected":false,"tempId":"aco_1606","gt_translate_keys":["label"]},{"label":"2012","value":"12","selected":false,"tempId":"aco_1670","gt_translate_keys":["label"]},{"label":"2013","value":"13","selected":false,"tempId":"aco_1734","gt_translate_keys":["label"]},{"label":"2014","value":"14","selected":false,"tempId":"aco_1800","gt_translate_keys":["label"]},{"label":"2015","value":"15","selected":false,"tempId":"aco_1864","gt_translate_keys":["label"]},{"label":"2016","value":"16","selected":false,"tempId":"aco_1946","gt_translate_keys":["label"]},{"label":"2017","value":"17","selected":false,"tempId":"aco_2028","gt_translate_keys":["label"]},{"label":"2018","value":"18","selected":false,"tempId":"aco_2092","gt_translate_keys":["label"]},{"label":"2019","value":"19","selected":false,"tempId":"aco_2156","gt_translate_keys":["label"]},{"label":"2020","value":"20","selected":false,"tempId":"aco_2202","gt_translate_keys":["label"]},{"label":"2021","value":"21","selected":false,"tempId":"aco_2302","gt_translate_keys":["label"]},{"label":"2022","value":"22","selected":false,"tempId":"aco_2366","gt_translate_keys":["label"]},{"label":"2023","value":"23","selected":false,"tempId":"aco_2430","gt_translate_keys":["label"]},{"label":"2024","value":"24","selected":false,"tempId":"aco_2512","gt_translate_keys":["label"]},{"label":"2025","value":"25","selected":false,"tempId":"aco_2576","gt_translate_keys":["label"]}],"dropdown_type":"basic","error":false,"placeholder":"Please Select a Year","gt_translate_keys":["label","placeholder"],"price_dependency":false,"cl_dependency":false,"value":""}]]}},"config":{"price_override":"","enable_recaptcha":false,"bind_quantity":false,"quantity_bind_formula":false,"disp_summ_show_option_price":true,"disp_summ_show_product_price":true,"disp_summ_show_total_price":true,"disp_summ_show_fee":false,"disp_summ_show_discount":false,"summary_title":"","options_total_label":"Options Price","total_label":"Total","options_product_label":"Product Price","fee_label":"Fee","discount_label":"Discount","has_price":true,"has_quantity_formula":false},"mc_unit":1,"tax_rate":1,"tax_rate_real":1,"discount":{"percentage":0,"fixed":0},"design":{"conf":{"LabelPosition":"left","DescPosition":"left","UploadField":"custom_1","QuantityFieldStyle":"custom_1"},"css":{"LeftLabelWidth":"62px"}},"formulas":[],"clones":false,"cartKey":false}},"_links":{"self":[{"href":"https:\/\/windboostersales.com\/es\/wp-json\/wp\/v2\/product\/2827","targetHints":{"allow":["GET"]}}],"collection":[{"href":"https:\/\/windboostersales.com\/es\/wp-json\/wp\/v2\/product"}],"about":[{"href":"https:\/\/windboostersales.com\/es\/wp-json\/wp\/v2\/types\/product"}],"replies":[{"embeddable":true,"href":"https:\/\/windboostersales.com\/es\/wp-json\/wp\/v2\/comments?post=2827"}],"version-history":[{"count":0,"href":"https:\/\/windboostersales.com\/es\/wp-json\/wp\/v2\/product\/2827\/revisions"}],"wp:featuredmedia":[{"embeddable":true,"href":"https:\/\/windboostersales.com\/es\/wp-json\/wp\/v2\/media\/2820"}],"wp:attachment":[{"href":"https:\/\/windboostersales.com\/es\/wp-json\/wp\/v2\/media?parent=2827"}],"wp:term":[{"taxonomy":"product_brand","embeddable":true,"href":"https:\/\/windboostersales.com\/es\/wp-json\/wp\/v2\/product_brand?post=2827"},{"taxonomy":"product_cat","embeddable":true,"href":"https:\/\/windboostersales.com\/es\/wp-json\/wp\/v2\/product_cat?post=2827"},{"taxonomy":"product_tag","embeddable":true,"href":"https:\/\/windboostersales.com\/es\/wp-json\/wp\/v2\/product_tag?post=2827"}],"curies":[{"name":"wp","href":"https:\/\/api.w.org\/{rel}","templated":true}]}}