{"id":901,"date":"2025-06-23T02:19:05","date_gmt":"2025-06-23T02:19:05","guid":{"rendered":"https:\/\/windboostersales.com\/?page_id=901"},"modified":"2026-03-10T13:09:28","modified_gmt":"2026-03-10T13:09:28","slug":"refund_returns","status":"publish","type":"page","link":"https:\/\/windboostersales.com\/es\/refund_returns\/","title":{"rendered":"Refund and Returns Policy"},"content":{"rendered":"<div data-elementor-type=\"wp-page\" data-elementor-id=\"901\" class=\"elementor elementor-901\" data-elementor-post-type=\"page\">\n\t\t\t\t<div class=\"elementor-element elementor-element-6af8549f e-flex e-con-boxed e-con e-parent\" data-id=\"6af8549f\" data-element_type=\"container\" data-e-type=\"container\">\n\t\t\t\t\t<div class=\"e-con-inner\">\n\t\t\t\t<div class=\"elementor-element elementor-element-ab82969 elementor-widget elementor-widget-heading\" data-id=\"ab82969\" data-element_type=\"widget\" data-e-type=\"widget\" data-widget_type=\"heading.default\">\n\t\t\t\t<div class=\"elementor-widget-container\">\n\t\t\t\t\t<h1 class=\"elementor-heading-title elementor-size-default\">Pol\u00edtica de cambios y devoluciones de Windbooster<\/h1>\t\t\t\t<\/div>\n\t\t\t\t<\/div>\n\t\t\t\t<div class=\"elementor-element elementor-element-023588a elementor-widget elementor-widget-text-editor\" data-id=\"023588a\" data-element_type=\"widget\" data-e-type=\"widget\" data-widget_type=\"text-editor.default\">\n\t\t\t\t<div class=\"elementor-widget-container\">\n\t\t\t\t\t\t\t\t\t<p>Gracias por pedir @WINDBOOSTER<\/p><p>Nos comprometemos a garantizar su satisfacci\u00f3n con nuestros productos. Si, por cualquier motivo, no est\u00e1 completamente satisfecho con su compra, nuestra pol\u00edtica de cambios y devoluciones est\u00e1 aqu\u00ed para ayudarle.<\/p><p><strong>Devuelve<\/strong><\/p><p>Si desea devolver un art\u00edculo, puede hacerlo en un plazo de 30 d\u00edas a partir de la fecha de compra. Para poder realizar una devoluci\u00f3n, el art\u00edculo debe estar en su estado original, sin usar y en su embalaje original. Se requiere una prueba de compra, como un recibo o una confirmaci\u00f3n de pedido.<\/p><p><strong>Tenga en cuenta lo siguiente:<\/strong><\/p><p>Cualquier art\u00edculo que no est\u00e9 en su estado original, da\u00f1ado o al que le falten piezas por razones que no se deban a un error nuestro no podr\u00e1 ser reembolsado.<\/p><p>Los productos comprados en rebajas o con descuento no pueden devolverse.<\/p><p><strong>Intercambios<\/strong><\/p><p>Ofrecemos cambios dentro de los 30 d\u00edas siguientes a la compra. Si necesita cambiar un producto por el mismo art\u00edculo, p\u00f3ngase en contacto con nosotros con los datos de su pedido. El producto debe estar en su estado y embalaje originales, sin usar.<\/p><p><strong>Proceso de intercambio:<\/strong><\/p><p>P\u00f3ngase en contacto con nuestro equipo de asistencia con su n\u00famero de pedido y los datos del producto que desea cambiar.<\/p><p>Una vez aprobada su solicitud, recibir\u00e1 instrucciones sobre c\u00f3mo devolvernos el art\u00edculo.<\/p><p>Cuando recibamos el art\u00edculo devuelto, tramitaremos el cambio y enviaremos el art\u00edculo de sustituci\u00f3n.<\/p><p><strong>Devoluci\u00f3n<\/strong><\/p><p>Los clientes son responsables de los gastos de env\u00edo de la devoluci\u00f3n a menos que la devoluci\u00f3n se deba a un error por nuestra parte, como la recepci\u00f3n de un art\u00edculo da\u00f1ado o incorrecto. Recomendamos utilizar un servicio de env\u00edo con seguimiento o contratar un seguro de env\u00edo para los art\u00edculos de mayor valor. No podemos garantizar que recibamos el art\u00edculo devuelto.<\/p><p><strong>Reembolsos<\/strong><\/p><p>Una vez recibida e inspeccionada su devoluci\u00f3n, le enviaremos un correo electr\u00f3nico para notificarle la aprobaci\u00f3n o el rechazo de su reembolso. Si se aprueba, se procesar\u00e1 el reembolso y se aplicar\u00e1 un cr\u00e9dito a su m\u00e9todo de pago original en un plazo determinado de d\u00edas.<\/p><p><strong>Art\u00edculos no retornables<\/strong><\/p><p>Algunos art\u00edculos no se pueden devolver, como las tarjetas regalo y los programas descargables.<\/p><p><strong>Contacto<\/strong><\/p><p>Si tiene alguna pregunta sobre devoluciones, cambios o reembolsos, p\u00f3ngase en contacto con nuestro equipo de atenci\u00f3n al cliente. Estamos aqu\u00ed para ayudar a asegurar que su experiencia con Windbooster es nada menos que excelente.<\/p>\t\t\t\t\t\t\t\t<\/div>\n\t\t\t\t<\/div>\n\t\t\t\t\t<\/div>\n\t\t\t\t<\/div>\n\t\t\t\t<\/div>","protected":false},"excerpt":{"rendered":"<p>Windbooster Return &amp; Exchange Policy Thank you for ordering @WINDBOOSTER We are committed to ensuring your satisfaction with our products. If, for any reason, you are not completely happy with your purchase, our return and exchange policy is here to assist you. Returns If you wish to return an item, you may do so within [&hellip;]<\/p>\n","protected":false},"author":1,"featured_media":0,"parent":0,"menu_order":0,"comment_status":"closed","ping_status":"closed","template":"","meta":{"footnotes":""},"class_list":["post-901","page","type-page","status-publish","hentry"],"_links":{"self":[{"href":"https:\/\/windboostersales.com\/es\/wp-json\/wp\/v2\/pages\/901","targetHints":{"allow":["GET"]}}],"collection":[{"href":"https:\/\/windboostersales.com\/es\/wp-json\/wp\/v2\/pages"}],"about":[{"href":"https:\/\/windboostersales.com\/es\/wp-json\/wp\/v2\/types\/page"}],"author":[{"embeddable":true,"href":"https:\/\/windboostersales.com\/es\/wp-json\/wp\/v2\/users\/1"}],"replies":[{"embeddable":true,"href":"https:\/\/windboostersales.com\/es\/wp-json\/wp\/v2\/comments?post=901"}],"version-history":[{"count":0,"href":"https:\/\/windboostersales.com\/es\/wp-json\/wp\/v2\/pages\/901\/revisions"}],"wp:attachment":[{"href":"https:\/\/windboostersales.com\/es\/wp-json\/wp\/v2\/media?parent=901"}],"curies":[{"name":"wp","href":"https:\/\/api.w.org\/{rel}","templated":true}]}}