{"id":3793,"date":"2025-06-20T01:31:21","date_gmt":"2025-06-20T01:31:21","guid":{"rendered":"https:\/\/windboostersales.com\/?page_id=3793"},"modified":"2025-09-27T06:46:55","modified_gmt":"2025-09-27T06:46:55","slug":"about-us","status":"publish","type":"page","link":"https:\/\/windboostersales.com\/es\/about-us\/","title":{"rendered":"About us"},"content":{"rendered":"<div data-elementor-type=\"wp-page\" data-elementor-id=\"3793\" class=\"elementor elementor-3793\" data-elementor-post-type=\"page\">\n\t\t\t\t<div class=\"elementor-element elementor-element-19ce9e1 e-con-full e-flex e-con e-parent\" data-id=\"19ce9e1\" data-element_type=\"container\" data-e-type=\"container\" data-settings=\"{&quot;background_background&quot;:&quot;classic&quot;}\">\n\t\t\t\t<div class=\"elementor-element elementor-element-17e3799 elementor-widget elementor-widget-heading\" data-id=\"17e3799\" data-element_type=\"widget\" data-e-type=\"widget\" data-widget_type=\"heading.default\">\n\t\t\t\t<div class=\"elementor-widget-container\">\n\t\t\t\t\t<h1 class=\"elementor-heading-title elementor-size-default\">Qui\u00e9nes somos<\/h1>\t\t\t\t<\/div>\n\t\t\t\t<\/div>\n\t\t\t\t<div class=\"elementor-element elementor-element-a665ca2 elementor-widget elementor-widget-text-editor\" data-id=\"a665ca2\" data-element_type=\"widget\" data-e-type=\"widget\" data-widget_type=\"text-editor.default\">\n\t\t\t\t<div class=\"elementor-widget-container\">\n\t\t\t\t\t\t\t\t\t<h3>Sienta nuestra pasi\u00f3n por los veh\u00edculos<\/h3>\t\t\t\t\t\t\t\t<\/div>\n\t\t\t\t<\/div>\n\t\t\t\t<div class=\"elementor-element elementor-element-e005a5d elementor-align-center elementor-widget elementor-widget-button\" data-id=\"e005a5d\" data-element_type=\"widget\" data-e-type=\"widget\" data-widget_type=\"button.default\">\n\t\t\t\t<div class=\"elementor-widget-container\">\n\t\t\t\t\t\t\t\t\t<div class=\"elementor-button-wrapper\">\n\t\t\t\t\t<a class=\"elementor-button elementor-button-link elementor-size-sm elementor-animation-grow\" href=\"#form\">\n\t\t\t\t\t\t<span class=\"elementor-button-content-wrapper\">\n\t\t\t\t\t\t\t\t\t<span class=\"elementor-button-text\">Meet Our Team<\/span>\n\t\t\t\t\t<\/span>\n\t\t\t\t\t<\/a>\n\t\t\t\t<\/div>\n\t\t\t\t\t\t\t\t<\/div>\n\t\t\t\t<\/div>\n\t\t\t\t<\/div>\n\t\t<div class=\"elementor-element elementor-element-903235e e-flex e-con-boxed e-con e-parent\" data-id=\"903235e\" data-element_type=\"container\" data-e-type=\"container\" data-settings=\"{&quot;background_background&quot;:&quot;classic&quot;}\">\n\t\t\t\t\t<div class=\"e-con-inner\">\n\t\t<div class=\"elementor-element elementor-element-ff9b83a e-con-full e-flex e-con e-child\" data-id=\"ff9b83a\" data-element_type=\"container\" data-e-type=\"container\">\n\t\t\t\t<div class=\"elementor-element elementor-element-c7f5a8c elementor-widget elementor-widget-heading\" data-id=\"c7f5a8c\" data-element_type=\"widget\" data-e-type=\"widget\" data-widget_type=\"heading.default\">\n\t\t\t\t<div class=\"elementor-widget-container\">\n\t\t\t\t\t<h2 class=\"elementor-heading-title elementor-size-default\">Windbooster - Sus expertos en ajuste del rendimiento<\/h2>\t\t\t\t<\/div>\n\t\t\t\t<\/div>\n\t\t\t\t<div class=\"elementor-element elementor-element-40cfb40 elementor-widget elementor-widget-text-editor\" data-id=\"40cfb40\" data-element_type=\"widget\" data-e-type=\"widget\" data-widget_type=\"text-editor.default\">\n\t\t\t\t<div class=\"elementor-widget-container\">\n\t\t\t\t\t\t\t\t\t<p>En Windbooster, nos apasiona liberar todo el potencial de su veh\u00edculo. Nuestro equipo se especializa en soluciones de tuning de alto rendimiento, ofreciendo productos innovadores dise\u00f1ados para mejorar la potencia del motor, la capacidad de respuesta y la eficiencia. Si usted est\u00e1 apuntando para mejorar la conducci\u00f3n diaria o maximizar el rendimiento en pista, Windbooster tiene la soluci\u00f3n adecuada para usted.<\/p>\n<p>Ofrecemos una amplia gama de mejoras de rendimiento, incluidos los controladores del acelerador f\u00e1ciles de instalar. Nuestros productos est\u00e1n dise\u00f1ados para ofrecer precisi\u00f3n, fiabilidad y el m\u00e1ximo impacto, proporcionando mejoras notables en la respuesta del motor, la reducci\u00f3n del retardo del acelerador y el ahorro de combustible.<\/p>\n<p>\u00bfPor qu\u00e9 elegir Windbooster? Nuestros productos de rendimiento proporcionan un excelente retorno de la inversi\u00f3n al aumentar las capacidades de su veh\u00edculo con una sencilla instalaci\u00f3n plug-and-play. Experimente un aumento inmediato de la potencia y la suavidad, junto con la posibilidad de ajustar con precisi\u00f3n la configuraci\u00f3n de su veh\u00edculo en cuesti\u00f3n de segundos. Adem\u00e1s, nuestras soluciones ayudan a reducir el consumo de combustible en conducci\u00f3n econ\u00f3mica, ahorr\u00e1ndole dinero a la vez que mejoran su experiencia de conducci\u00f3n.<\/p>\n<p>Conf\u00ede en Windbooster para mejorar el rendimiento de su veh\u00edculo con la tecnolog\u00eda l\u00edder del sector y la asistencia de expertos. Conduzca de forma m\u00e1s inteligente. Conduzca m\u00e1s r\u00e1pido. Conduzca con Windbooster.<\/p>\t\t\t\t\t\t\t\t<\/div>\n\t\t\t\t<\/div>\n\t\t\t\t<\/div>\n\t\t<div class=\"elementor-element elementor-element-e8a4fb0 e-con-full e-flex e-con e-child\" data-id=\"e8a4fb0\" data-element_type=\"container\" data-e-type=\"container\">\n\t\t\t\t<div class=\"elementor-element elementor-element-8aa47bf elementor-widget elementor-widget-image\" data-id=\"8aa47bf\" data-element_type=\"widget\" data-e-type=\"widget\" data-widget_type=\"image.default\">\n\t\t\t\t<div class=\"elementor-widget-container\">\n\t\t\t\t\t\t\t\t\t\t\t\t\t\t\t<img fetchpriority=\"high\" decoding=\"async\" width=\"800\" height=\"936\" src=\"https:\/\/windboostersales.com\/wp-content\/uploads\/2025\/06\/Windbooster-throttle-controller-875x1024.png\" class=\"attachment-large size-large wp-image-3841\" alt=\"efficiency, ultimate control, Team passion\" srcset=\"https:\/\/windboostersales.com\/wp-content\/uploads\/2025\/06\/Windbooster-throttle-controller-875x1024.png 875w, https:\/\/windboostersales.com\/wp-content\/uploads\/2025\/06\/Windbooster-throttle-controller-256x300.png 256w, https:\/\/windboostersales.com\/wp-content\/uploads\/2025\/06\/Windbooster-throttle-controller-768x898.png 768w, https:\/\/windboostersales.com\/wp-content\/uploads\/2025\/06\/Windbooster-throttle-controller-1313x1536.png 1313w, https:\/\/windboostersales.com\/wp-content\/uploads\/2025\/06\/Windbooster-throttle-controller-600x702.png 600w, https:\/\/windboostersales.com\/wp-content\/uploads\/2025\/06\/Windbooster-throttle-controller.png 1332w\" sizes=\"(max-width: 800px) 100vw, 800px\" title=\"\">\t\t\t\t\t\t\t\t\t\t\t\t\t\t\t<\/div>\n\t\t\t\t<\/div>\n\t\t\t\t<\/div>\n\t\t\t\t\t<\/div>\n\t\t\t\t<\/div>\n\t\t<div class=\"elementor-element elementor-element-24bbbda e-flex e-con-boxed e-con e-parent\" data-id=\"24bbbda\" data-element_type=\"container\" data-e-type=\"container\" data-settings=\"{&quot;background_background&quot;:&quot;classic&quot;}\">\n\t\t\t\t\t<div class=\"e-con-inner\">\n\t\t<div class=\"elementor-element elementor-element-8b1a158 e-con-full e-flex e-con e-child\" data-id=\"8b1a158\" data-element_type=\"container\" data-e-type=\"container\" data-settings=\"{&quot;background_background&quot;:&quot;classic&quot;}\">\n\t\t\t\t<\/div>\n\t\t<div class=\"elementor-element elementor-element-2881bd0 e-con-full e-flex e-con e-child\" data-id=\"2881bd0\" data-element_type=\"container\" data-e-type=\"container\">\n\t\t\t\t<div class=\"elementor-element elementor-element-2886a90 elementor-widget elementor-widget-heading\" data-id=\"2886a90\" data-element_type=\"widget\" data-e-type=\"widget\" data-widget_type=\"heading.default\">\n\t\t\t\t<div class=\"elementor-widget-container\">\n\t\t\t\t\t<h2 class=\"elementor-heading-title elementor-size-default\">Windbooster Team Passion<\/h2>\t\t\t\t<\/div>\n\t\t\t\t<\/div>\n\t\t\t\t<div class=\"elementor-element elementor-element-22bb8d6 elementor-widget elementor-widget-text-editor\" data-id=\"22bb8d6\" data-element_type=\"widget\" data-e-type=\"widget\" data-widget_type=\"text-editor.default\">\n\t\t\t\t<div class=\"elementor-widget-container\">\n\t\t\t\t\t\t\t\t\t<p>A nuestro equipo le apasiona ayudarle a sacar el m\u00e1ximo partido de su veh\u00edculo. Siempre estamos aqu\u00ed para ayudarle con cualquier pregunta o duda que pueda tener sobre el uso de nuestros controladores de acelerador windbooster. La satisfacci\u00f3n del cliente es nuestra principal prioridad, y nos esforzamos por proporcionar orientaci\u00f3n y apoyo de expertos en cada paso del camino.<\/p><p>Como empresa, valoramos la sostenibilidad, la creatividad y la mejora continua. Evolucionamos constantemente para satisfacer las necesidades cambiantes de nuestros clientes y mantenernos a la vanguardia de nuestro sector.<\/p><p>Gracias por elegir windboostersales. Esperamos poder servirle y ayudarle a alcanzar sus objetivos.<\/p>\t\t\t\t\t\t\t\t<\/div>\n\t\t\t\t<\/div>\n\t\t\t\t<\/div>\n\t\t\t\t\t<\/div>\n\t\t\t\t<\/div>\n\t\t\t\t<\/div>","protected":false},"excerpt":{"rendered":"<p>About Us Feel Our Passion for Vehicles Meet Our Team Windbooster \u2013 Your Performance Tuning Experts At Windbooster, we are passionate about unlocking the full potential of your vehicle. Our dedicated team specializes in high-performance tuning solutions, offering innovative products designed to enhance engine power, responsiveness, and efficiency. Whether you\u2019re aiming to improve daily driving [&hellip;]<\/p>\n","protected":false},"author":1,"featured_media":0,"parent":0,"menu_order":0,"comment_status":"closed","ping_status":"closed","template":"","meta":{"footnotes":""},"class_list":["post-3793","page","type-page","status-publish","hentry"],"_links":{"self":[{"href":"https:\/\/windboostersales.com\/es\/wp-json\/wp\/v2\/pages\/3793","targetHints":{"allow":["GET"]}}],"collection":[{"href":"https:\/\/windboostersales.com\/es\/wp-json\/wp\/v2\/pages"}],"about":[{"href":"https:\/\/windboostersales.com\/es\/wp-json\/wp\/v2\/types\/page"}],"author":[{"embeddable":true,"href":"https:\/\/windboostersales.com\/es\/wp-json\/wp\/v2\/users\/1"}],"replies":[{"embeddable":true,"href":"https:\/\/windboostersales.com\/es\/wp-json\/wp\/v2\/comments?post=3793"}],"version-history":[{"count":0,"href":"https:\/\/windboostersales.com\/es\/wp-json\/wp\/v2\/pages\/3793\/revisions"}],"wp:attachment":[{"href":"https:\/\/windboostersales.com\/es\/wp-json\/wp\/v2\/media?parent=3793"}],"curies":[{"name":"wp","href":"https:\/\/api.w.org\/{rel}","templated":true}]}}