{"id":3,"date":"2025-05-06T02:57:38","date_gmt":"2025-05-06T02:57:38","guid":{"rendered":"https:\/\/windboostersales.com\/?page_id=3"},"modified":"2026-03-10T12:55:26","modified_gmt":"2026-03-10T12:55:26","slug":"privacy-policy","status":"publish","type":"page","link":"https:\/\/windboostersales.com\/es\/privacy-policy\/","title":{"rendered":"Pol\u00edtica de privacidad"},"content":{"rendered":"<div data-elementor-type=\"wp-page\" data-elementor-id=\"3\" class=\"elementor elementor-3\" data-elementor-post-type=\"page\">\n\t\t\t\t<div class=\"elementor-element elementor-element-302fb75c e-flex e-con-boxed e-con e-parent\" data-id=\"302fb75c\" data-element_type=\"container\" data-e-type=\"container\">\n\t\t\t\t\t<div class=\"e-con-inner\">\n\t\t\t\t<div class=\"elementor-element elementor-element-2a3518f elementor-widget elementor-widget-heading\" data-id=\"2a3518f\" data-element_type=\"widget\" data-e-type=\"widget\" data-widget_type=\"heading.default\">\n\t\t\t\t<div class=\"elementor-widget-container\">\n\t\t\t\t\t<h1 class=\"elementor-heading-title elementor-size-default\">Pol\u00edtica de privacidad<\/h1>\t\t\t\t<\/div>\n\t\t\t\t<\/div>\n\t\t\t\t<div class=\"elementor-element elementor-element-fe7484a elementor-widget elementor-widget-text-editor\" data-id=\"fe7484a\" data-element_type=\"widget\" data-e-type=\"widget\" data-widget_type=\"text-editor.default\">\n\t\t\t\t<div class=\"elementor-widget-container\">\n\t\t\t\t\t\t\t\t\t<ol><li><strong> Introducci\u00f3n<\/strong><\/li><\/ol><p>Bienvenido a Windbooster. Nos dedicamos a salvaguardar su privacidad y a garantizar que su informaci\u00f3n personal se maneja de forma responsable. Esta Pol\u00edtica de privacidad explica c\u00f3mo recogemos, utilizamos y protegemos sus datos cuando visita nuestro sitio web y utiliza nuestros servicios.<\/p><ol start=\"2\"><li><strong> Informaci\u00f3n que recopilamos<\/strong><\/li><\/ol><ul><li>Datos personales: Cuando realiza una compra, se suscribe a nuestro bolet\u00edn de noticias o se pone en contacto con nosotros, recopilamos datos personales como su nombre, direcci\u00f3n de correo electr\u00f3nico, n\u00famero de tel\u00e9fono e informaci\u00f3n de pago.<\/li><li>Datos de uso: Recopilamos autom\u00e1ticamente datos sobre sus interacciones con nuestro sitio web, incluidas las direcciones IP, los tipos de navegador, las p\u00e1ginas de referencia y las fechas y horas de sus visitas.<\/li><li>Cookies y tecnolog\u00edas de seguimiento: Utilizamos cookies y tecnolog\u00edas similares para mejorar su experiencia de navegaci\u00f3n, recordar sus preferencias y analizar el tr\u00e1fico del sitio web.<\/li><li>\u00a0<\/li><\/ul><ol start=\"3\"><li><strong> C\u00f3mo utilizamos su informaci\u00f3n<\/strong><\/li><\/ol><ul><li>Procesamiento de pedidos: Utilizamos su informaci\u00f3n personal para procesar y satisfacer sus pedidos, gestionar los pagos y proporcionar atenci\u00f3n al cliente.<\/li><li>Mejora del servicio: Sus datos de uso nos ayudan a comprender c\u00f3mo interact\u00faa con nuestro sitio web, lo que nos permite mejorar nuestros servicios, personalizar su experiencia y desarrollar nuevas funciones.<\/li><li>Comunicaci\u00f3n: Podemos utilizar sus datos de contacto para enviarle actualizaciones sobre sus pedidos, responder a sus consultas y enviarle material promocional si ha optado por recibirlo.<\/li><li>\u00a0<\/li><\/ul><ol start=\"4\"><li><strong> Compartir su informaci\u00f3n<\/strong><\/li><\/ol><ul><li>Con proveedores de servicios: Podemos compartir su informaci\u00f3n con terceros proveedores de servicios de confianza que nos ayudan a operar nuestro sitio web, procesar pagos o realizar actividades comerciales. Estas partes est\u00e1n obligadas a mantener su informaci\u00f3n confidencial y segura.<\/li><li>Requisitos legales: Podemos revelar su informaci\u00f3n si as\u00ed lo requiere la ley, en respuesta a procesos legales, o para proteger nuestros derechos, privacidad, seguridad o propiedad, o la de nuestros usuarios.<\/li><li>\u00a0<\/li><\/ul><ol start=\"5\"><li><strong> Seguridad de los datos<\/strong><\/li><\/ol><p>Aplicamos las medidas de seguridad est\u00e1ndar del sector para proteger su informaci\u00f3n personal frente al acceso no autorizado, la alteraci\u00f3n, la divulgaci\u00f3n o la destrucci\u00f3n. No obstante, tenga en cuenta que ning\u00fan m\u00e9todo de transmisi\u00f3n por Internet o de almacenamiento electr\u00f3nico es completamente seguro.<\/p><ol start=\"6\"><li><strong> Sus derechos y opciones<\/strong><\/li><\/ol><ul><li>Acceso y rectificaci\u00f3n: Usted tiene derecho a acceder, corregir o actualizar su informaci\u00f3n personal. Puede hacerlo poni\u00e9ndose en contacto directamente con nosotros.<\/li><li>Supresi\u00f3n de datos: Puede solicitar la supresi\u00f3n de sus datos personales, sin perjuicio de las obligaciones legales o contractuales.<\/li><li>Exclusi\u00f3n de marketing: Usted puede optar por no recibir comunicaciones de marketing de nosotros siguiendo las instrucciones para darse de baja incluidas en cada correo electr\u00f3nico o poni\u00e9ndose en contacto con nosotros directamente.<\/li><li>\u00a0<\/li><\/ul><ol start=\"7\"><li><strong> Cambios en esta pol\u00edtica de privacidad<\/strong><\/li><\/ol><p>Es posible que actualicemos esta Pol\u00edtica de Privacidad de vez en cuando para reflejar cambios en nuestras pr\u00e1cticas o requisitos legales. Cualquier cambio significativo se publicar\u00e1 en nuestro sitio web, y se lo notificaremos cuando proceda. El uso continuado de nuestros servicios despu\u00e9s de dichos cambios indica su aceptaci\u00f3n de la pol\u00edtica actualizada.<\/p><ol start=\"8\"><li><strong> Contacto<\/strong><\/li><\/ol><p>Si tiene alguna pregunta o duda sobre esta Pol\u00edtica de Privacidad o nuestras pr\u00e1cticas de datos, p\u00f3ngase en contacto con nosotros en: sales@windboostersales.com<\/p>\t\t\t\t\t\t\t\t<\/div>\n\t\t\t\t<\/div>\n\t\t\t\t\t<\/div>\n\t\t\t\t<\/div>\n\t\t\t\t<\/div>","protected":false},"excerpt":{"rendered":"<p>Privacy Policy Introduction Welcome to Windbooster. We are dedicated to safeguarding your privacy and ensuring that your personal information is handled responsibly. This Privacy Policy explains how we collect, use, and protect your data when you visit our website and use our services. Information We Collect Personal Information: When you make a purchase, sign up [&hellip;]<\/p>\n","protected":false},"author":1,"featured_media":0,"parent":0,"menu_order":0,"comment_status":"closed","ping_status":"open","template":"","meta":{"footnotes":""},"class_list":["post-3","page","type-page","status-publish","hentry"],"_links":{"self":[{"href":"https:\/\/windboostersales.com\/es\/wp-json\/wp\/v2\/pages\/3","targetHints":{"allow":["GET"]}}],"collection":[{"href":"https:\/\/windboostersales.com\/es\/wp-json\/wp\/v2\/pages"}],"about":[{"href":"https:\/\/windboostersales.com\/es\/wp-json\/wp\/v2\/types\/page"}],"author":[{"embeddable":true,"href":"https:\/\/windboostersales.com\/es\/wp-json\/wp\/v2\/users\/1"}],"replies":[{"embeddable":true,"href":"https:\/\/windboostersales.com\/es\/wp-json\/wp\/v2\/comments?post=3"}],"version-history":[{"count":0,"href":"https:\/\/windboostersales.com\/es\/wp-json\/wp\/v2\/pages\/3\/revisions"}],"wp:attachment":[{"href":"https:\/\/windboostersales.com\/es\/wp-json\/wp\/v2\/media?parent=3"}],"curies":[{"name":"wp","href":"https:\/\/api.w.org\/{rel}","templated":true}]}}