{"id":3260,"date":"2025-06-17T08:51:17","date_gmt":"2025-06-17T08:51:17","guid":{"rendered":"https:\/\/windboostersales.com\/?post_type=product&#038;p=3260"},"modified":"2025-06-18T01:48:55","modified_gmt":"2025-06-18T01:48:55","slug":"ford","status":"publish","type":"product","link":"https:\/\/windboostersales.com\/de\/ford\/","title":{"rendered":"WINDBOOSTER BLUETOOTH GASPEDALSTEUERUNG F\u00dcR FORD"},"content":{"rendered":"","protected":false},"excerpt":{"rendered":"<p><a><strong>Mobile App-Steuerung<\/strong><\/a>:  Einfache kabellose Bedienung mit Android\/iOS-Apps.<br \/>\n<strong>Anpassbare Gaskurven<\/strong>:  Passen Sie die Gaskurve an Ihren Fahrstil an, um ein individuelles Erlebnis zu erzielen.<br \/>\n<strong>Verbesserte Gasannahme<\/strong>:  Genie\u00dfen Sie eine schnellere Pedalreaktion als bei Standardsystemen und damit eine verbesserte Leistung.<br \/>\n<strong>Beschleunigungsverz\u00f6gerung beseitigen:<\/strong> Erleben Sie eine sofortige Leistungsabgabe ohne Verz\u00f6gerung.<br \/>\n<strong>Universelle Fahrzeugkompatibilit\u00e4t<\/strong>:  Funktioniert mit Diesel-, Benzin- und anderen Fahrzeugen, einschlie\u00dflich Links- und Rechtslenkermodellen.<br \/>\n<strong>Mehrere Drosselklappenmodi<\/strong>:  W\u00e4hlen Sie aus 10 Drosselklappenkurvenmodi und 40 anpassbaren Tuning-Optionen f\u00fcr Ihr bevorzugtes Fahrgef\u00fchl.<br \/>\n<strong>Einfache Installation<\/strong>:  Direkte Plug-and-Play-Verbindung zum Drosselklappenkabelbaum \u2013 kein Kabeldurchschneiden und kein OBDII-Anschluss erforderlich.<br \/>\n<strong>30-Tage-Garantie<\/strong>:  Probieren Sie es sorgenfrei mit unserer Geld-zur\u00fcck-Garantie aus, wenn Sie nicht zufrieden sind.<\/p>","protected":false},"featured_media":3287,"comment_status":"closed","ping_status":"closed","template":"","meta":[],"product_brand":[379],"product_cat":[327],"product_tag":[133,290,380,285,299],"class_list":{"0":"post-3260","1":"product","2":"type-product","3":"status-publish","4":"has-post-thumbnail","6":"product_brand-ford","7":"product_cat-ford","8":"product_tag-drive-by-wire-throttle-enhancement-device","9":"product_tag-fine-tuned-throttle-control-for-cars","10":"product_tag-ford","11":"product_tag-improved-acceleration-with-windbooster","12":"product_tag-vehicle-acceleration-improvement-tool","13":"wcpa_has_options","15":"first","16":"instock","17":"sale","18":"shipping-taxable","19":"purchasable","20":"product-type-simple"},"wcpa_form_fields":{"wcpaData":{"product":{"product_price":189,"price_html":"<del aria-hidden=\"true\"><span class=\"woocommerce-Price-amount amount\"><bdi><span class=\"woocommerce-Price-currencySymbol\">&#36;<\/span>259.00<\/bdi><\/span><\/del> <span class=\"screen-reader-text\">Urspr\u00fcnglicher Preis war: &#036;259.00<\/span><ins aria-hidden=\"true\"><span class=\"woocommerce-Price-amount amount\"><bdi><span class=\"woocommerce-Price-currencySymbol\">&#36;<\/span>189.00<\/bdi><\/span><\/ins><span class=\"screen-reader-text\">Aktueller Preis ist: &#036;189.00.<\/span>","original_product_price":259,"price_including_tax":189,"price_excluding_tax":189,"product_id":{"parent":3260,"variation":false},"is_variable":false,"stock_status":"instock","stock_quantity":null,"parent_sku":"Acura-2-1-1-1-1-1-1-1-1-1-2-2-1-1","product_attributes":[],"custom_fields":[],"is_taxable":false,"product_name":"WINDBOOSTER BLUETOOTH THRROTTLE CONTROLLER FOR FORD"},"fields":{"sec_06842b1e6edff0":{"extra":{"key":"sec_06842b1e6edff0","section_id":"sec_06842b1e6edff0","name":"Default","status":1,"cl_rule":"show","enableCl":false,"relations":[],"toggle":true,"title_tag":"h3","show_title":false,"showPrice":"default","form_id":2708,"form_rules":{"exclude_from_discount":false,"fee_label":"Fee","disp_hide_options_price":false,"disp_show_section_price":false,"disp_show_field_price":true,"layout_option":"standard","pric_use_as_fee":false,"process_fee_as":"woo_fee"},"layout_option":"standard"},"fields":[[{"active":true,"col":6,"relations":[],"cl_rule":"show","enableCl":true,"price":"","enablePrice":false,"className":"","label_position":"default","desc_position":"default","type":"select","required":true,"elementId":"select_76842b1e6ee015","label":"MAKE","name":"select_76842b1e6ee015","values":[{"label":"FORD","value":"Option - 1","selected":false,"tempId":"aco_214","gt_translate_keys":["label"]}],"dropdown_type":"basic","error":false,"multiple":false,"repeater":false,"repeater_field_label":"{field_label}","repeater_bind":"","gt_translate_keys":["label","repeater_field_label"],"price_dependency":false,"cl_dependency":["select_66842b1e6ee020"],"value":""}]]},"sec_06842b1e6ee018":{"extra":{"key":"sec_06842b1e6ee018","section_id":"sec_06842b1e6ee018","name":"Car Model","status":1,"cl_rule":"show","enableCl":false,"relations":[],"toggle":true,"title_tag":"h4","show_title":false,"showPrice":"default","form_id":2708,"form_rules":{"exclude_from_discount":false,"fee_label":"Fee","disp_hide_options_price":false,"disp_show_section_price":false,"disp_show_field_price":true,"layout_option":"standard","pric_use_as_fee":false,"process_fee_as":"woo_fee"},"layout_option":"standard"},"fields":[[{"active":true,"col":6,"relations":[{"operator":false,"rules":[{"operator":"AND","rules":{"cl_field":"select_76842b1e6ee015","cl_relation":"is_visible","cl_val":""}}]}],"cl_rule":"show","enableCl":true,"price":"","enablePrice":false,"className":"","label_position":"default","desc_position":"default","type":"select","required":true,"elementId":"select_66842b1e6ee020","label":"MODEL","name":"select_66842b1e6ee020","values":[{"label":"BRONCO","value":"Option - 1","selected":false,"tempId":"aco_1126","gt_translate_keys":["label"]},{"label":"BRONCO SPORT","value":"Option - 2","selected":false,"tempId":"aco_1127","gt_translate_keys":["label"]},{"label":"C MAX","value":"Option - 27","selected":false,"tempId":"aco_1391","gt_translate_keys":["label"]},{"label":"E150","value":"Option - 3","selected":false,"tempId":"aco_1128","gt_translate_keys":["label"]},{"label":"E250","value":"Option - 32","selected":false,"tempId":"aco_1729","gt_translate_keys":["label"]},{"label":"E350","value":"Option - 4","selected":false,"tempId":"aco_1129","gt_translate_keys":["label"]},{"label":"E450","value":"Option - 5","selected":false,"tempId":"aco_1130","gt_translate_keys":["label"]},{"label":"ECOSPORT ","value":"Option - 11","selected":false,"tempId":"aco_3472","gt_translate_keys":["label"]},{"label":"EDGE","value":"Option - 14","selected":false,"tempId":"aco_3601","gt_translate_keys":["label"]},{"label":"ENDEAVOUR ","value":"Option - 15","selected":false,"tempId":"aco_3638","gt_translate_keys":["label"]},{"label":"ENDURA","value":"Option - 16","selected":false,"tempId":"aco_3675","gt_translate_keys":["label"]},{"label":"EQUATOR","value":"Option - 17","selected":false,"tempId":"aco_3712","gt_translate_keys":["label"]},{"label":"ESCAPE","value":"Option - 12","selected":false,"tempId":"aco_3527","gt_translate_keys":["label"]},{"label":"EVEREST","value":"Option - 13","selected":false,"tempId":"aco_3564","gt_translate_keys":["label"]},{"label":"ESCORT","value":"Option - 18","selected":false,"tempId":"aco_7617","gt_translate_keys":["label"]},{"label":"E TRANSIT","value":"Option - 19","selected":false,"tempId":"aco_7654","gt_translate_keys":["label"]},{"label":"EXPEDITION","value":"Option - 20","selected":false,"tempId":"aco_7691","gt_translate_keys":["label"]},{"label":"EVEREST ","value":"Option - 21","selected":false,"tempId":"aco_7827","gt_translate_keys":["label"]},{"label":"EXPLORER ","value":"Option - 24","selected":false,"tempId":"aco_9633","gt_translate_keys":["label"]},{"label":"F150","value":"Option - 6","selected":false,"tempId":"aco_1131","gt_translate_keys":["label"]},{"label":"Ford F150 Lightning","value":"Option - 10","selected":false,"tempId":"aco_3435","gt_translate_keys":["label"]},{"label":"F150 RAPTOR","value":"Option - 9","selected":false,"tempId":"aco_1134","gt_translate_keys":["label"]},{"label":"F250","value":"Option - 7","selected":false,"tempId":"aco_1132","gt_translate_keys":["label"]},{"label":"F350","value":"Option - 8","selected":false,"tempId":"aco_1133","gt_translate_keys":["label"]},{"label":"F450","value":"Option - 25","selected":false,"tempId":"aco_9716","gt_translate_keys":["label"]},{"label":"F550","value":"Option - 26","selected":false,"tempId":"aco_9798","gt_translate_keys":["label"]},{"label":"FLEX","value":"Option - 30","selected":false,"tempId":"aco_9871","gt_translate_keys":["label"]},{"label":"FIESTA","value":"Option - 31","selected":false,"tempId":"aco_9935","gt_translate_keys":["label"]},{"label":"FOCUS ","value":"Option - 33","selected":false,"tempId":"aco_10071","gt_translate_keys":["label"]},{"label":"F TRUCK ","value":"Option - 34","selected":false,"tempId":"aco_10189","gt_translate_keys":["label"]},{"label":"FUSION","value":"Option - 35","selected":false,"tempId":"aco_10370","gt_translate_keys":["label"]},{"label":"KUGA ","value":"Option - 36","selected":false,"tempId":"aco_10416","gt_translate_keys":["label"]},{"label":"MAVERICK","value":"Option - 37","selected":false,"tempId":"aco_10471","gt_translate_keys":["label"]},{"label":"MONDEO","value":"Option - 38","selected":false,"tempId":"aco_10517","gt_translate_keys":["label"]},{"label":"MUSTANG ","value":"Option - 39","selected":false,"tempId":"aco_10653","gt_translate_keys":["label"]},{"label":"PUMA","value":"Option - 40","selected":false,"tempId":"aco_10780","gt_translate_keys":["label"]},{"label":"RANGER -PJ\/PK","value":"Option - 41","selected":false,"tempId":"aco_10817","gt_translate_keys":["label"]},{"label":"RANGER ","value":"Option - 43","selected":false,"tempId":"aco_10954","gt_translate_keys":["label"]},{"label":"RANGER NEXT","value":"Option - 42","selected":false,"tempId":"aco_11036","gt_translate_keys":["label"]},{"label":"RAPTOR ","value":"Option - 44","selected":false,"tempId":"aco_11415","gt_translate_keys":["label"]},{"label":"S-MAX","value":"Option - 45","selected":false,"tempId":"aco_11542","gt_translate_keys":["label"]},{"label":"TERRITORY","value":"Option - 46","selected":false,"tempId":"aco_11669","gt_translate_keys":["label"]},{"label":"TRANSIT","value":"Option - 47","selected":false,"tempId":"aco_11751","gt_translate_keys":["label"]}],"dropdown_type":"basic","error":false,"placeholder":"Please Select a Model","gt_translate_keys":["label","placeholder"],"price_dependency":false,"cl_dependency":["select_86842b1e6ee028"],"value":""}]]},"sec_86842b1e6ee022":{"extra":{"key":"sec_86842b1e6ee022","section_id":"sec_86842b1e6ee022","name":"Year","status":1,"cl_rule":"show","enableCl":true,"relations":[],"toggle":true,"title_tag":"h4","show_title":false,"showPrice":"default","form_id":2708,"form_rules":{"exclude_from_discount":false,"fee_label":"Fee","disp_hide_options_price":false,"disp_show_section_price":false,"disp_show_field_price":true,"layout_option":"standard","pric_use_as_fee":false,"process_fee_as":"woo_fee"},"layout_option":"standard"},"fields":[[{"active":true,"col":6,"relations":[{"operator":false,"rules":[{"operator":"AND","rules":{"cl_field":"select_66842b1e6ee020","cl_relation":"is_visible","cl_val":""}}]}],"cl_rule":"show","enableCl":true,"price":"","enablePrice":false,"className":"","label_position":"default","desc_position":"default","type":"select","required":true,"elementId":"select_86842b1e6ee028","label":"YEAR","name":"select_86842b1e6ee028","values":[{"label":"2003","value":"Option - 4","selected":false,"tempId":"aco_3995","gt_translate_keys":["label"]},{"label":"2004","value":"Option - 5","selected":false,"tempId":"aco_4050","gt_translate_keys":["label"]},{"label":"2005","value":"Option - 6","selected":false,"tempId":"aco_907","gt_translate_keys":["label"]},{"label":"2006","value":"Option - 7","selected":false,"tempId":"aco_1133","gt_translate_keys":["label"]},{"label":"2007","value":"Option - 8","selected":false,"tempId":"aco_1179","gt_translate_keys":["label"]},{"label":"2008","value":"Option - 9","selected":false,"tempId":"aco_1225","gt_translate_keys":["label"]},{"label":"2009","value":"Option - 10","selected":false,"tempId":"aco_1325","gt_translate_keys":["label"]},{"label":"2010","value":"Option - 11","selected":false,"tempId":"aco_1542","gt_translate_keys":["label"]},{"label":"2011","value":"Option - 12","selected":false,"tempId":"aco_1606","gt_translate_keys":["label"]},{"label":"2012","value":"Option - 13","selected":false,"tempId":"aco_1670","gt_translate_keys":["label"]},{"label":"2013","value":"Option - 14","selected":false,"tempId":"aco_1734","gt_translate_keys":["label"]},{"label":"2014","value":"Option - 15","selected":false,"tempId":"aco_1800","gt_translate_keys":["label"]},{"label":"2015","value":"Option - 16","selected":false,"tempId":"aco_1864","gt_translate_keys":["label"]},{"label":"2016","value":"Option - 17","selected":false,"tempId":"aco_1946","gt_translate_keys":["label"]},{"label":"2017","value":"Option - 18","selected":false,"tempId":"aco_2028","gt_translate_keys":["label"]},{"label":"2018","value":"Option - 19","selected":false,"tempId":"aco_2092","gt_translate_keys":["label"]},{"label":"2019","value":"Option - 20","selected":false,"tempId":"aco_2156","gt_translate_keys":["label"]},{"label":"2020","value":"Option - 21","selected":false,"tempId":"aco_2202","gt_translate_keys":["label"]},{"label":"2021","value":"Option - 22","selected":false,"tempId":"aco_2302","gt_translate_keys":["label"]},{"label":"2022","value":"Option - 23","selected":false,"tempId":"aco_2366","gt_translate_keys":["label"]},{"label":"2023","value":"Option - 24","selected":false,"tempId":"aco_2430","gt_translate_keys":["label"]},{"label":"2024","value":"Option - 25","selected":false,"tempId":"aco_2512","gt_translate_keys":["label"]},{"label":"2025","value":"Option - 26","selected":false,"tempId":"aco_2576","gt_translate_keys":["label"]}],"dropdown_type":"basic","error":false,"placeholder":"Please Select a Year","gt_translate_keys":["label","placeholder"],"price_dependency":false,"cl_dependency":false,"value":""}]]}},"config":{"price_override":"","enable_recaptcha":false,"bind_quantity":false,"quantity_bind_formula":false,"disp_summ_show_option_price":true,"disp_summ_show_product_price":true,"disp_summ_show_total_price":true,"disp_summ_show_fee":false,"disp_summ_show_discount":false,"summary_title":"","options_total_label":"Options Price","total_label":"Total","options_product_label":"Product Price","fee_label":"Fee","discount_label":"Discount","has_price":true,"has_quantity_formula":false},"mc_unit":1,"tax_rate":1,"tax_rate_real":1,"discount":{"percentage":0,"fixed":0},"design":{"conf":{"LabelPosition":"left","DescPosition":"left","UploadField":"custom_1","QuantityFieldStyle":"custom_1"},"css":{"LeftLabelWidth":"62px"}},"formulas":[],"clones":false,"cartKey":false}},"_links":{"self":[{"href":"https:\/\/windboostersales.com\/de\/wp-json\/wp\/v2\/product\/3260","targetHints":{"allow":["GET"]}}],"collection":[{"href":"https:\/\/windboostersales.com\/de\/wp-json\/wp\/v2\/product"}],"about":[{"href":"https:\/\/windboostersales.com\/de\/wp-json\/wp\/v2\/types\/product"}],"replies":[{"embeddable":true,"href":"https:\/\/windboostersales.com\/de\/wp-json\/wp\/v2\/comments?post=3260"}],"version-history":[{"count":0,"href":"https:\/\/windboostersales.com\/de\/wp-json\/wp\/v2\/product\/3260\/revisions"}],"wp:featuredmedia":[{"embeddable":true,"href":"https:\/\/windboostersales.com\/de\/wp-json\/wp\/v2\/media\/3287"}],"wp:attachment":[{"href":"https:\/\/windboostersales.com\/de\/wp-json\/wp\/v2\/media?parent=3260"}],"wp:term":[{"taxonomy":"product_brand","embeddable":true,"href":"https:\/\/windboostersales.com\/de\/wp-json\/wp\/v2\/product_brand?post=3260"},{"taxonomy":"product_cat","embeddable":true,"href":"https:\/\/windboostersales.com\/de\/wp-json\/wp\/v2\/product_cat?post=3260"},{"taxonomy":"product_tag","embeddable":true,"href":"https:\/\/windboostersales.com\/de\/wp-json\/wp\/v2\/product_tag?post=3260"}],"curies":[{"name":"wp","href":"https:\/\/api.w.org\/{rel}","templated":true}]}}