{"id":3258,"date":"2025-06-17T08:42:37","date_gmt":"2025-06-17T08:42:37","guid":{"rendered":"https:\/\/windboostersales.com\/?post_type=product&#038;p=3258"},"modified":"2025-07-30T07:48:04","modified_gmt":"2025-07-30T07:48:04","slug":"dodge","status":"publish","type":"product","link":"https:\/\/windboostersales.com\/de\/dodge\/","title":{"rendered":"WINDBOOSTER BLUETOOTH GASPEDALSTEUERUNG F\u00dcR DODGE"},"content":{"rendered":"","protected":false},"excerpt":{"rendered":"<p><a><strong>Mobile App-Steuerung<\/strong><\/a>:  Einfache kabellose Bedienung mit Android\/iOS-Apps.<br \/>\n<strong>Anpassbare Gaskurven<\/strong>:  Passen Sie die Gaskurve an Ihren Fahrstil an, um ein individuelles Erlebnis zu erzielen.<br \/>\n<strong>Verbesserte Gasannahme<\/strong>:  Genie\u00dfen Sie eine schnellere Pedalreaktion als bei Standardsystemen und damit eine verbesserte Leistung.<br \/>\n<strong>Beschleunigungsverz\u00f6gerung beseitigen:<\/strong> Erleben Sie eine sofortige Leistungsabgabe ohne Verz\u00f6gerung.<br \/>\n<strong>Universelle Fahrzeugkompatibilit\u00e4t<\/strong>:  Funktioniert mit Diesel-, Benzin- und anderen Fahrzeugen, einschlie\u00dflich Links- und Rechtslenkermodellen.<br \/>\n<strong>Mehrere Drosselklappenmodi<\/strong>:  W\u00e4hlen Sie aus 10 Drosselklappenkurvenmodi und 40 anpassbaren Tuning-Optionen f\u00fcr Ihr bevorzugtes Fahrgef\u00fchl.<br \/>\n<strong>Einfache Installation<\/strong>:  Direkte Plug-and-Play-Verbindung zum Drosselklappenkabelbaum \u2013 kein Kabeldurchschneiden und kein OBDII-Anschluss erforderlich.<br \/>\n<strong>30-Tage-Garantie<\/strong>:  Probieren Sie es sorgenfrei mit unserer Geld-zur\u00fcck-Garantie aus, wenn Sie nicht zufrieden sind.<\/p>","protected":false},"featured_media":3285,"comment_status":"closed","ping_status":"closed","template":"","meta":[],"product_brand":[375],"product_cat":[325],"product_tag":[376,133,290,285,299],"class_list":{"0":"post-3258","1":"product","2":"type-product","3":"status-publish","4":"has-post-thumbnail","6":"product_brand-dodge","7":"product_cat-dodge","8":"product_tag-dodge","9":"product_tag-drive-by-wire-throttle-enhancement-device","10":"product_tag-fine-tuned-throttle-control-for-cars","11":"product_tag-improved-acceleration-with-windbooster","12":"product_tag-vehicle-acceleration-improvement-tool","13":"wcpa_has_options","15":"first","16":"instock","17":"sale","18":"shipping-taxable","19":"purchasable","20":"product-type-simple"},"wcpa_form_fields":{"wcpaData":{"product":{"product_price":189,"price_html":"<del aria-hidden=\"true\"><span class=\"woocommerce-Price-amount amount\"><bdi><span class=\"woocommerce-Price-currencySymbol\">&#36;<\/span>259.00<\/bdi><\/span><\/del> <span class=\"screen-reader-text\">Urspr\u00fcnglicher Preis war: &#036;259.00<\/span><ins aria-hidden=\"true\"><span class=\"woocommerce-Price-amount amount\"><bdi><span class=\"woocommerce-Price-currencySymbol\">&#36;<\/span>189.00<\/bdi><\/span><\/ins><span class=\"screen-reader-text\">Aktueller Preis ist: &#036;189.00.<\/span>","original_product_price":259,"price_including_tax":189,"price_excluding_tax":189,"product_id":{"parent":3258,"variation":false},"is_variable":false,"stock_status":"instock","stock_quantity":null,"parent_sku":"Acura-2-1-1-1-1-1-1-1-1-1-2-2","product_attributes":[],"custom_fields":[],"is_taxable":false,"product_name":"WINDBOOSTER BLUETOOTH THRROTTLE CONTROLLER FOR DODGE"},"fields":{"sec_76842ae22d5aeb":{"extra":{"key":"sec_76842ae22d5aeb","section_id":"sec_76842ae22d5aeb","name":"Default","status":1,"cl_rule":"show","enableCl":false,"relations":[],"toggle":true,"title_tag":"h3","show_title":false,"showPrice":"default","form_id":2706,"form_rules":{"exclude_from_discount":false,"fee_label":"Fee","disp_hide_options_price":false,"disp_show_section_price":false,"disp_show_field_price":true,"layout_option":"standard","pric_use_as_fee":false,"process_fee_as":"woo_fee"},"layout_option":"standard"},"fields":[[{"active":true,"col":6,"relations":[],"cl_rule":"show","enableCl":true,"price":"","enablePrice":false,"className":"","label_position":"default","desc_position":"default","type":"select","required":true,"elementId":"select_106842ae22d5b0f","label":"MAKE","name":"select_106842ae22d5b0f","values":[{"label":"DODGE","value":"Option - 1","selected":false,"tempId":"aco_214","gt_translate_keys":["label"]}],"dropdown_type":"basic","error":false,"multiple":false,"repeater":false,"repeater_field_label":"{field_label}","repeater_bind":"","gt_translate_keys":["label","repeater_field_label"],"price_dependency":false,"cl_dependency":["select_66842ae22d5b1b"],"value":""}]]},"sec_66842ae22d5b12":{"extra":{"key":"sec_66842ae22d5b12","section_id":"sec_66842ae22d5b12","name":"Car Model","status":1,"cl_rule":"show","enableCl":false,"relations":[],"toggle":true,"title_tag":"h4","show_title":false,"showPrice":"default","form_id":2706,"form_rules":{"exclude_from_discount":false,"fee_label":"Fee","disp_hide_options_price":false,"disp_show_section_price":false,"disp_show_field_price":true,"layout_option":"standard","pric_use_as_fee":false,"process_fee_as":"woo_fee"},"layout_option":"standard"},"fields":[[{"active":true,"col":6,"relations":[{"operator":false,"rules":[{"operator":"AND","rules":{"cl_field":"select_106842ae22d5b0f","cl_relation":"is_visible","cl_val":""}}]}],"cl_rule":"show","enableCl":true,"price":"","enablePrice":false,"className":"","label_position":"default","desc_position":"default","type":"select","required":true,"elementId":"select_66842ae22d5b1b","label":"MODEL","name":"select_66842ae22d5b1b","values":[{"label":"AVENGER","value":"Option - 1","selected":false,"tempId":"aco_1126","gt_translate_keys":["label"]},{"label":"CALIBER","value":"Option - 2","selected":false,"tempId":"aco_1127","gt_translate_keys":["label"]},{"label":"CHALLENGER ","value":"Option - 27","selected":false,"tempId":"aco_1391","gt_translate_keys":["label"]},{"label":"CHARGER","value":"Option - 3","selected":false,"tempId":"aco_1128","gt_translate_keys":["label"]},{"label":"DAKOTA","value":"Option - 10","selected":false,"tempId":"aco_3435","gt_translate_keys":["label"]},{"label":"DART","value":"Option - 32","selected":false,"tempId":"aco_1729","gt_translate_keys":["label"]},{"label":"DURANGO","value":"Option - 4","selected":false,"tempId":"aco_1129","gt_translate_keys":["label"]},{"label":"GRAND CARAVAN ","value":"Option - 11","selected":false,"tempId":"aco_3472","gt_translate_keys":["label"]},{"label":"JOURNEY","value":"Option - 5","selected":false,"tempId":"aco_1130","gt_translate_keys":["label"]},{"label":"MAGNUM\u00a0LX","value":"Option - 6","selected":false,"tempId":"aco_1131","gt_translate_keys":["label"]},{"label":"MAGNUM\u00a0LX FACELIFT","value":"Option - 7","selected":false,"tempId":"aco_1132","gt_translate_keys":["label"]},{"label":"NITRO","value":"Option - 8","selected":false,"tempId":"aco_1133","gt_translate_keys":["label"]},{"label":"VIPER","value":"Option - 9","selected":false,"tempId":"aco_1134","gt_translate_keys":["label"]}],"dropdown_type":"basic","error":false,"placeholder":"Please Select a Model","gt_translate_keys":["label","placeholder"],"price_dependency":false,"cl_dependency":["select_96842ae22d5b23"],"value":""}]]},"sec_86842ae22d5b1c":{"extra":{"key":"sec_86842ae22d5b1c","section_id":"sec_86842ae22d5b1c","name":"Year","status":1,"cl_rule":"show","enableCl":true,"relations":[],"toggle":true,"title_tag":"h4","show_title":false,"showPrice":"default","form_id":2706,"form_rules":{"exclude_from_discount":false,"fee_label":"Fee","disp_hide_options_price":false,"disp_show_section_price":false,"disp_show_field_price":true,"layout_option":"standard","pric_use_as_fee":false,"process_fee_as":"woo_fee"},"layout_option":"standard"},"fields":[[{"active":true,"col":6,"relations":[{"operator":false,"rules":[{"operator":"AND","rules":{"cl_field":"select_66842ae22d5b1b","cl_relation":"is_visible","cl_val":""}}]}],"cl_rule":"show","enableCl":true,"price":"","enablePrice":false,"className":"","label_position":"default","desc_position":"default","type":"select","required":true,"elementId":"select_96842ae22d5b23","label":"YEAR","name":"select_96842ae22d5b23","values":[{"label":"2005","value":"Option - 6","selected":false,"tempId":"aco_907","gt_translate_keys":["label"]},{"label":"2006","value":"Option - 7","selected":false,"tempId":"aco_1133","gt_translate_keys":["label"]},{"label":"2007","value":"Option - 8","selected":false,"tempId":"aco_1179","gt_translate_keys":["label"]},{"label":"2008","value":"Option - 9","selected":false,"tempId":"aco_1225","gt_translate_keys":["label"]},{"label":"2009","value":"Option - 10","selected":false,"tempId":"aco_1325","gt_translate_keys":["label"]},{"label":"2010","value":"Option - 11","selected":false,"tempId":"aco_1542","gt_translate_keys":["label"]},{"label":"2011","value":"Option - 12","selected":false,"tempId":"aco_1606","gt_translate_keys":["label"]},{"label":"2012","value":"Option - 13","selected":false,"tempId":"aco_1670","gt_translate_keys":["label"]},{"label":"2013","value":"Option - 14","selected":false,"tempId":"aco_1734","gt_translate_keys":["label"]},{"label":"2014","value":"Option - 15","selected":false,"tempId":"aco_1800","gt_translate_keys":["label"]},{"label":"2015","value":"Option - 16","selected":false,"tempId":"aco_1864","gt_translate_keys":["label"]},{"label":"2016","value":"Option - 17","selected":false,"tempId":"aco_1946","gt_translate_keys":["label"]},{"label":"2017","value":"Option - 18","selected":false,"tempId":"aco_2028","gt_translate_keys":["label"]},{"label":"2018","value":"Option - 19","selected":false,"tempId":"aco_2092","gt_translate_keys":["label"]},{"label":"2019","value":"Option - 20","selected":false,"tempId":"aco_2156","gt_translate_keys":["label"]},{"label":"2020","value":"Option - 21","selected":false,"tempId":"aco_2202","gt_translate_keys":["label"]},{"label":"2021","value":"Option - 22","selected":false,"tempId":"aco_2302","gt_translate_keys":["label"]},{"label":"2022","value":"Option - 23","selected":false,"tempId":"aco_2366","gt_translate_keys":["label"]},{"label":"2023","value":"Option - 24","selected":false,"tempId":"aco_2430","gt_translate_keys":["label"]},{"label":"2024","value":"Option - 25","selected":false,"tempId":"aco_2512","gt_translate_keys":["label"]},{"label":"2025","value":"Option - 26","selected":false,"tempId":"aco_2576","gt_translate_keys":["label"]}],"dropdown_type":"basic","error":false,"placeholder":"Please Select a Year","gt_translate_keys":["label","placeholder"],"price_dependency":false,"cl_dependency":false,"value":""}]]}},"config":{"price_override":"","enable_recaptcha":false,"bind_quantity":false,"quantity_bind_formula":false,"disp_summ_show_option_price":true,"disp_summ_show_product_price":true,"disp_summ_show_total_price":true,"disp_summ_show_fee":false,"disp_summ_show_discount":false,"summary_title":"","options_total_label":"Options Price","total_label":"Total","options_product_label":"Product Price","fee_label":"Fee","discount_label":"Discount","has_price":true,"has_quantity_formula":false},"mc_unit":1,"tax_rate":1,"tax_rate_real":1,"discount":{"percentage":0,"fixed":0},"design":{"conf":{"LabelPosition":"left","DescPosition":"left","UploadField":"custom_1","QuantityFieldStyle":"custom_1"},"css":{"LeftLabelWidth":"62px"}},"formulas":[],"clones":false,"cartKey":false}},"_links":{"self":[{"href":"https:\/\/windboostersales.com\/de\/wp-json\/wp\/v2\/product\/3258","targetHints":{"allow":["GET"]}}],"collection":[{"href":"https:\/\/windboostersales.com\/de\/wp-json\/wp\/v2\/product"}],"about":[{"href":"https:\/\/windboostersales.com\/de\/wp-json\/wp\/v2\/types\/product"}],"replies":[{"embeddable":true,"href":"https:\/\/windboostersales.com\/de\/wp-json\/wp\/v2\/comments?post=3258"}],"version-history":[{"count":0,"href":"https:\/\/windboostersales.com\/de\/wp-json\/wp\/v2\/product\/3258\/revisions"}],"wp:featuredmedia":[{"embeddable":true,"href":"https:\/\/windboostersales.com\/de\/wp-json\/wp\/v2\/media\/3285"}],"wp:attachment":[{"href":"https:\/\/windboostersales.com\/de\/wp-json\/wp\/v2\/media?parent=3258"}],"wp:term":[{"taxonomy":"product_brand","embeddable":true,"href":"https:\/\/windboostersales.com\/de\/wp-json\/wp\/v2\/product_brand?post=3258"},{"taxonomy":"product_cat","embeddable":true,"href":"https:\/\/windboostersales.com\/de\/wp-json\/wp\/v2\/product_cat?post=3258"},{"taxonomy":"product_tag","embeddable":true,"href":"https:\/\/windboostersales.com\/de\/wp-json\/wp\/v2\/product_tag?post=3258"}],"curies":[{"name":"wp","href":"https:\/\/api.w.org\/{rel}","templated":true}]}}