{"id":2609,"date":"2025-06-04T07:49:21","date_gmt":"2025-06-04T07:49:21","guid":{"rendered":"https:\/\/windboostersales.com\/?post_type=product&#038;p=2609"},"modified":"2025-06-16T09:31:41","modified_gmt":"2025-06-16T09:31:41","slug":"audi","status":"publish","type":"product","link":"https:\/\/windboostersales.com\/de\/audi\/","title":{"rendered":"WINDBOOSTER BLUETOOTH GASPEDALSTEUERUNG F\u00dcR AUDI"},"content":{"rendered":"","protected":false},"excerpt":{"rendered":"<p><a><strong>Mobile App-Steuerung<\/strong><\/a>:  Einfache kabellose Bedienung mit Android\/iOS-Apps.<br \/>\n<strong>Anpassbare Gaskurven<\/strong>:  Passen Sie die Gaskurve an Ihren Fahrstil an, um ein individuelles Erlebnis zu erzielen.<br \/>\n<strong>Verbesserte Gasannahme<\/strong>:  Genie\u00dfen Sie eine schnellere Pedalreaktion als bei Standardsystemen und damit eine verbesserte Leistung.<br \/>\n<strong>Beschleunigungsverz\u00f6gerung beseitigen:<\/strong> Erleben Sie eine sofortige Leistungsabgabe ohne Verz\u00f6gerung.<br \/>\n<strong>Universelle Fahrzeugkompatibilit\u00e4t<\/strong>:  Funktioniert mit Diesel-, Benzin- und anderen Fahrzeugen, einschlie\u00dflich Links- und Rechtslenkermodellen.<br \/>\n<strong>Mehrere Drosselklappenmodi<\/strong>:  W\u00e4hlen Sie aus 10 Drosselklappenkurvenmodi und 40 anpassbaren Tuning-Optionen f\u00fcr Ihr bevorzugtes Fahrgef\u00fchl.<br \/>\n<strong>Einfache Installation<\/strong>:  Direkte Plug-and-Play-Verbindung zum Drosselklappenkabelbaum \u2013 kein Kabeldurchschneiden und kein OBDII-Anschluss erforderlich.<br \/>\n<strong>30-Tage-Garantie<\/strong>:  Probieren Sie es sorgenfrei mit unserer Geld-zur\u00fcck-Garantie aus, wenn Sie nicht zufrieden sind.<\/p>","protected":false},"featured_media":2618,"comment_status":"closed","ping_status":"closed","template":"","meta":[],"product_brand":[278],"product_cat":[311],"product_tag":[279,131,132,134,280],"class_list":{"0":"post-2609","1":"product","2":"type-product","3":"status-publish","4":"has-post-thumbnail","6":"product_brand-audi","7":"product_cat-audi","8":"product_tag-audi","9":"product_tag-enhanced-throttle-sensitivity-controller","10":"product_tag-performance-chip-for-throttle-response","11":"product_tag-throttle-delay-elimination-tool","12":"product_tag-wind-boosterreviews-and-testimonials","13":"wcpa_has_options","15":"first","16":"instock","17":"sale","18":"shipping-taxable","19":"purchasable","20":"product-type-simple"},"wcpa_form_fields":{"wcpaData":{"product":{"product_price":189,"price_html":"<del aria-hidden=\"true\"><span class=\"woocommerce-Price-amount amount\"><bdi><span class=\"woocommerce-Price-currencySymbol\">&#36;<\/span>259.00<\/bdi><\/span><\/del> <span class=\"screen-reader-text\">Urspr\u00fcnglicher Preis war: &#036;259.00<\/span><ins aria-hidden=\"true\"><span class=\"woocommerce-Price-amount amount\"><bdi><span class=\"woocommerce-Price-currencySymbol\">&#36;<\/span>189.00<\/bdi><\/span><\/ins><span class=\"screen-reader-text\">Aktueller Preis ist: &#036;189.00.<\/span>","original_product_price":259,"price_including_tax":189,"price_excluding_tax":189,"product_id":{"parent":2609,"variation":false},"is_variable":false,"stock_status":"instock","stock_quantity":null,"parent_sku":"Acura-1","product_attributes":[],"custom_fields":[],"is_taxable":false,"product_name":"WINDBOOSTER BLUETOOTH THRROTTLE CONTROLLER FOR AUDI"},"fields":{"sec_106840197c7627b":{"extra":{"key":"sec_106840197c7627b","section_id":"sec_106840197c7627b","name":"SELECT YOUR VEHICLE","status":1,"cl_rule":"show","enableCl":false,"relations":[],"toggle":true,"title_tag":"h3","show_title":false,"showPrice":"default","form_id":2622,"form_rules":{"exclude_from_discount":false,"fee_label":"Fee","disp_hide_options_price":false,"disp_show_section_price":false,"disp_show_field_price":true,"layout_option":"standard","pric_use_as_fee":false,"process_fee_as":"woo_fee"},"layout_option":"standard"},"fields":[[{"active":true,"col":6,"relations":[],"cl_rule":"show","enableCl":true,"price":"","enablePrice":false,"className":"","label_position":"default","desc_position":"default","type":"select","required":true,"elementId":"select_76840197c762ac","label":"MAKE","name":"select_76840197c762ac","values":[{"label":"AUDI","value":"Option - 1","selected":false,"tempId":"aco_214","gt_translate_keys":["label"]}],"dropdown_type":"basic","error":false,"multiple":false,"repeater":false,"repeater_field_label":"{field_label}","repeater_bind":"","gt_translate_keys":["label","repeater_field_label"],"price_dependency":false,"cl_dependency":["select_1872286379","select_6654032784"],"value":""}]]},"sec_h1d1z2e1kz3":{"extra":{"key":"sec_h1d1z2e1kz3","section_id":"sec_h1d1z2e1kz3","name":"New Section","status":1,"cl_rule":"show","enableCl":false,"relations":[],"toggle":true,"title_tag":"h4","show_title":false,"showPrice":"default","form_id":2622,"form_rules":{"exclude_from_discount":false,"fee_label":"Fee","disp_hide_options_price":false,"disp_show_section_price":false,"disp_show_field_price":true,"layout_option":"standard","pric_use_as_fee":false,"process_fee_as":"woo_fee"},"layout_option":"standard"},"fields":[[{"active":true,"col":6,"relations":[{"operator":false,"rules":[{"operator":"AND","rules":{"cl_field":"select_76840197c762ac","cl_relation":"is_visible","cl_val":""}}]}],"cl_rule":"show","enableCl":true,"price":"","enablePrice":false,"className":"","label_position":"default","desc_position":"default","type":"select","required":true,"elementId":"select_1872286379","label":"MODEL","name":"select_1872286379","values":[{"label":"A1","value":"Option - 1","selected":false,"tempId":"aco_109","gt_translate_keys":["label"]},{"label":"A2","value":"Option - 2","selected":false,"tempId":"aco_110","gt_translate_keys":["label"]},{"label":"A3","value":"Option - 3","selected":false,"tempId":"aco_111","gt_translate_keys":["label"]},{"label":"A4\/B6\/B7","value":"Option - 4","selected":false,"tempId":"aco_265","gt_translate_keys":["label"]},{"label":"A6\/C6","value":"Option - 5","selected":false,"tempId":"aco_356","gt_translate_keys":["label"]},{"label":"A6\/C7","value":"Option - 6","selected":false,"tempId":"aco_438","gt_translate_keys":["label"]},{"label":"A6\/C8","value":"Option - 7","selected":false,"tempId":"aco_538","gt_translate_keys":["label"]},{"label":"A6 - 4F\/ 2.0L TDI\/2.4L\/2.7L TD\/3.0L TDI\/A6 - 3.2L FSI\/4.2L ","value":"Option - 8","selected":false,"tempId":"aco_649","gt_translate_keys":["label"]},{"label":"A7 -\u00a04G8 ","value":"Option - 9","selected":false,"tempId":"aco_695","gt_translate_keys":["label"]},{"label":"A8 - D2\/D3","value":"Option - 10","selected":false,"tempId":"aco_795","gt_translate_keys":["label"]},{"label":"A8 D4\/4H","value":"Option - 11","selected":false,"tempId":"aco_931","gt_translate_keys":["label"]},{"label":"A8 - D5\/4N","value":"Option - 12","selected":false,"tempId":"aco_1031","gt_translate_keys":["label"]},{"label":"Q3","value":"Option - 13","selected":false,"tempId":"aco_1194","gt_translate_keys":["label"]},{"label":"Q5","value":"Option - 14","selected":false,"tempId":"aco_1240","gt_translate_keys":["label"]},{"label":"Q7","value":"Option - 15","selected":false,"tempId":"aco_1286","gt_translate_keys":["label"]},{"label":"Q8","value":"Option - 16","selected":false,"tempId":"aco_1323","gt_translate_keys":["label"]},{"label":"R8","value":"Option - 19","selected":false,"tempId":"aco_1378","gt_translate_keys":["label"]},{"label":"RS 3","value":"Option - 20","selected":false,"tempId":"aco_1424","gt_translate_keys":["label"]},{"label":"RS 4","value":"Option - 21","selected":false,"tempId":"aco_1488","gt_translate_keys":["label"]},{"label":"RS 5","value":"Option - 22","selected":false,"tempId":"aco_1543","gt_translate_keys":["label"]},{"label":"RS 6","value":"Option - 23","selected":false,"tempId":"aco_1598","gt_translate_keys":["label"]},{"label":"S3","value":"Option - 24","selected":false,"tempId":"aco_1653","gt_translate_keys":["label"]},{"label":"S4","value":"25","selected":false,"tempId":"aco_1699","gt_translate_keys":["label"]},{"label":"S5","value":"Option - 26","selected":false,"tempId":"aco_1745","gt_translate_keys":["label"]},{"label":"S6","value":"Option - 27","selected":false,"tempId":"aco_1820","gt_translate_keys":["label"]},{"label":"SQ 5","value":"Option - 28","selected":false,"tempId":"aco_1866","gt_translate_keys":["label"]},{"label":"SQ 7","value":"Option - 29","selected":false,"tempId":"aco_1966","gt_translate_keys":["label"]},{"label":"SQ 8","value":"Option - 30","selected":false,"tempId":"aco_2030","gt_translate_keys":["label"]},{"label":"TT","value":"Option - 31","selected":false,"tempId":"aco_2112","gt_translate_keys":["label"]}],"dropdown_type":"basic","error":false,"placeholder":"Please Select a Model","gt_translate_keys":["label","placeholder"],"price_dependency":false,"cl_dependency":false,"value":""}]]},"sec_h1d1z2nl1d4":{"extra":{"key":"sec_h1d1z2nl1d4","section_id":"sec_h1d1z2nl1d4","name":"New Section","status":1,"cl_rule":"show","enableCl":false,"relations":[],"toggle":true,"title_tag":"h4","show_title":false,"showPrice":"default","form_id":2622,"form_rules":{"exclude_from_discount":false,"fee_label":"Fee","disp_hide_options_price":false,"disp_show_section_price":false,"disp_show_field_price":true,"layout_option":"standard","pric_use_as_fee":false,"process_fee_as":"woo_fee"},"layout_option":"standard"},"fields":[[{"active":true,"col":6,"relations":[{"operator":false,"rules":[{"operator":"AND","rules":{"cl_field":"select_76840197c762ac","cl_relation":"is_visible","cl_val":""}}]}],"cl_rule":"show","enableCl":true,"price":"","enablePrice":false,"className":"","label_position":"default","desc_position":"default","type":"select","required":true,"elementId":"select_6654032784","label":"YEAR","name":"select_6654032784","values":[{"label":"2000","value":"Option - 1","selected":false,"tempId":"aco_3003","gt_translate_keys":["label"]},{"label":"2001","value":"Option - 2","selected":false,"tempId":"aco_3004","gt_translate_keys":["label"]},{"label":"2002","value":"Option - 3","selected":false,"tempId":"aco_3005","gt_translate_keys":["label"]},{"label":"2003","value":"Option - 4","selected":false,"tempId":"aco_3132","gt_translate_keys":["label"]},{"label":"2004","value":"Option - 5","selected":false,"tempId":"aco_3205","gt_translate_keys":["label"]},{"label":"2005","value":"Option - 6","selected":false,"tempId":"aco_3215","gt_translate_keys":["label"]},{"label":"2006","value":"Option - 7","selected":false,"tempId":"aco_3244","gt_translate_keys":["label"]},{"label":"2007","value":"Option - 8","selected":false,"tempId":"aco_3254","gt_translate_keys":["label"]},{"label":"2008","value":"Option - 9","selected":false,"tempId":"aco_3552","gt_translate_keys":["label"]},{"label":"2009","value":"Option - 10","selected":false,"tempId":"aco_3625","gt_translate_keys":["label"]},{"label":"2010","value":"Option - 11","selected":false,"tempId":"aco_3689","gt_translate_keys":["label"]},{"label":"2011","value":"Option - 12","selected":false,"tempId":"aco_3753","gt_translate_keys":["label"]},{"label":"2012","value":"Option - 13","selected":false,"tempId":"aco_3862","gt_translate_keys":["label"]},{"label":"2013","value":"Option - 14","selected":false,"tempId":"aco_3926","gt_translate_keys":["label"]},{"label":"2014","value":"Option - 15","selected":false,"tempId":"aco_3990","gt_translate_keys":["label"]},{"label":"2015","value":"Option - 16","selected":false,"tempId":"aco_4054","gt_translate_keys":["label"]},{"label":"2016","value":"Option - 17","selected":false,"tempId":"aco_4118","gt_translate_keys":["label"]},{"label":"2017","value":"Option - 18","selected":false,"tempId":"aco_4182","gt_translate_keys":["label"]},{"label":"2018","value":"Option - 19","selected":false,"tempId":"aco_4246","gt_translate_keys":["label"]},{"label":"2019","value":"Option - 20","selected":false,"tempId":"aco_4310","gt_translate_keys":["label"]},{"label":"2020","value":"Option - 21","selected":false,"tempId":"aco_4392","gt_translate_keys":["label"]},{"label":"2021","value":"Option - 22","selected":false,"tempId":"aco_4456","gt_translate_keys":["label"]},{"label":"2022","value":"Option - 23","selected":false,"tempId":"aco_4520","gt_translate_keys":["label"]},{"label":"2023","value":"Option - 24","selected":false,"tempId":"aco_4584","gt_translate_keys":["label"]},{"label":"2024","value":"Option - 25","selected":false,"tempId":"aco_4648","gt_translate_keys":["label"]},{"label":"2025","value":"Option - 26","selected":false,"tempId":"aco_4712","gt_translate_keys":["label"]}],"dropdown_type":"basic","error":false,"placeholder":"Please Select a Year","multiple":false,"hideFieldIn_cart":false,"gt_translate_keys":["label","placeholder"],"price_dependency":false,"cl_dependency":false,"value":""}]]}},"config":{"price_override":"","enable_recaptcha":false,"bind_quantity":false,"quantity_bind_formula":false,"disp_summ_show_option_price":true,"disp_summ_show_product_price":true,"disp_summ_show_total_price":true,"disp_summ_show_fee":false,"disp_summ_show_discount":false,"summary_title":"","options_total_label":"Options Price","total_label":"Total","options_product_label":"Product Price","fee_label":"Fee","discount_label":"Discount","has_price":true,"has_quantity_formula":false},"mc_unit":1,"tax_rate":1,"tax_rate_real":1,"discount":{"percentage":0,"fixed":0},"design":{"conf":{"LabelPosition":"left","DescPosition":"left","UploadField":"custom_1","QuantityFieldStyle":"custom_1"},"css":{"LeftLabelWidth":"62px"}},"formulas":[],"clones":false,"cartKey":false}},"_links":{"self":[{"href":"https:\/\/windboostersales.com\/de\/wp-json\/wp\/v2\/product\/2609","targetHints":{"allow":["GET"]}}],"collection":[{"href":"https:\/\/windboostersales.com\/de\/wp-json\/wp\/v2\/product"}],"about":[{"href":"https:\/\/windboostersales.com\/de\/wp-json\/wp\/v2\/types\/product"}],"replies":[{"embeddable":true,"href":"https:\/\/windboostersales.com\/de\/wp-json\/wp\/v2\/comments?post=2609"}],"version-history":[{"count":0,"href":"https:\/\/windboostersales.com\/de\/wp-json\/wp\/v2\/product\/2609\/revisions"}],"wp:featuredmedia":[{"embeddable":true,"href":"https:\/\/windboostersales.com\/de\/wp-json\/wp\/v2\/media\/2618"}],"wp:attachment":[{"href":"https:\/\/windboostersales.com\/de\/wp-json\/wp\/v2\/media?parent=2609"}],"wp:term":[{"taxonomy":"product_brand","embeddable":true,"href":"https:\/\/windboostersales.com\/de\/wp-json\/wp\/v2\/product_brand?post=2609"},{"taxonomy":"product_cat","embeddable":true,"href":"https:\/\/windboostersales.com\/de\/wp-json\/wp\/v2\/product_cat?post=2609"},{"taxonomy":"product_tag","embeddable":true,"href":"https:\/\/windboostersales.com\/de\/wp-json\/wp\/v2\/product_tag?post=2609"}],"curies":[{"name":"wp","href":"https:\/\/api.w.org\/{rel}","templated":true}]}}