{"id":901,"date":"2025-06-23T02:19:05","date_gmt":"2025-06-23T02:19:05","guid":{"rendered":"https:\/\/windboostersales.com\/?page_id=901"},"modified":"2026-03-10T13:09:28","modified_gmt":"2026-03-10T13:09:28","slug":"refund_returns","status":"publish","type":"page","link":"https:\/\/windboostersales.com\/de\/refund_returns\/","title":{"rendered":"Refund and Returns Policy"},"content":{"rendered":"<div data-elementor-type=\"wp-page\" data-elementor-id=\"901\" class=\"elementor elementor-901\" data-elementor-post-type=\"page\">\n\t\t\t\t<div class=\"elementor-element elementor-element-6af8549f e-flex e-con-boxed e-con e-parent\" data-id=\"6af8549f\" data-element_type=\"container\" data-e-type=\"container\">\n\t\t\t\t\t<div class=\"e-con-inner\">\n\t\t\t\t<div class=\"elementor-element elementor-element-ab82969 elementor-widget elementor-widget-heading\" data-id=\"ab82969\" data-element_type=\"widget\" data-e-type=\"widget\" data-widget_type=\"heading.default\">\n\t\t\t\t<div class=\"elementor-widget-container\">\n\t\t\t\t\t<h1 class=\"elementor-heading-title elementor-size-default\">Windbooster R\u00fcckgabe- und Umtauschbedingungen<\/h1>\t\t\t\t<\/div>\n\t\t\t\t<\/div>\n\t\t\t\t<div class=\"elementor-element elementor-element-023588a elementor-widget elementor-widget-text-editor\" data-id=\"023588a\" data-element_type=\"widget\" data-e-type=\"widget\" data-widget_type=\"text-editor.default\">\n\t\t\t\t<div class=\"elementor-widget-container\">\n\t\t\t\t\t\t\t\t\t<p>Vielen Dank f\u00fcr Ihre Bestellung @WINDBOOSTER<\/p><p>Wir sind bestrebt, Ihre Zufriedenheit mit unseren Produkten zu gew\u00e4hrleisten. Sollten Sie aus irgendeinem Grund mit Ihrem Kauf nicht zufrieden sein, steht Ihnen unser R\u00fcckgabe- und Umtauschrecht zur Verf\u00fcgung.<\/p><p><strong>R\u00fcckgabe<\/strong><\/p><p>Wenn Sie einen Artikel zur\u00fcckgeben m\u00f6chten, k\u00f6nnen Sie dies innerhalb von 30 Tagen nach dem Kaufdatum tun. Um f\u00fcr eine R\u00fcckgabe in Frage zu kommen, muss der Artikel in seinem urspr\u00fcnglichen Zustand, unbenutzt und in der Originalverpackung sein. Ein Kaufnachweis, wie z. B. eine Quittung oder eine Auftragsbest\u00e4tigung, ist erforderlich.<\/p><p><strong>Bitte beachten:<\/strong><\/p><p>F\u00fcr Artikel, die sich nicht im Originalzustand befinden, die besch\u00e4digt sind oder bei denen Teile fehlen, die nicht auf einen Fehler unsererseits zur\u00fcckzuf\u00fchren sind, besteht kein Anspruch auf R\u00fcckerstattung.<\/p><p>Produkte, die im Ausverkauf oder mit einem Preisnachlass gekauft wurden, k\u00f6nnen nicht zur\u00fcckgegeben werden.<\/p><p><strong>Tauschb\u00f6rsen<\/strong><\/p><p>Wir bieten einen Umtausch innerhalb von 30 Tagen nach dem Kauf an. Wenn Sie ein Produkt gegen das gleiche Produkt umtauschen m\u00f6chten, kontaktieren Sie uns mit Ihren Bestelldaten. Das Produkt muss sich in seinem urspr\u00fcnglichen, unbenutzten Zustand und in der Verpackung befinden.<\/p><p><strong>Austauschprozess:<\/strong><\/p><p>Wenden Sie sich mit Ihrer Bestellnummer und den Details des Produkts, das Sie umtauschen m\u00f6chten, an unser Support-Team.<\/p><p>Sobald Ihr Antrag genehmigt ist, erhalten Sie Anweisungen, wie Sie den Artikel an uns zur\u00fcckschicken k\u00f6nnen.<\/p><p>Nach Erhalt des zur\u00fcckgesandten Artikels bearbeiten wir den Umtausch und senden den Ersatzartikel zu.<\/p><p><strong>R\u00fccksendung<\/strong><\/p><p>Der Kunde ist f\u00fcr die Kosten der R\u00fccksendung verantwortlich, es sei denn, die R\u00fccksendung ist auf einen Fehler unsererseits zur\u00fcckzuf\u00fchren, z. B. auf den Erhalt eines besch\u00e4digten oder falschen Artikels. Wir empfehlen die Verwendung eines verfolgbaren Versanddienstes oder den Abschluss einer Versandversicherung f\u00fcr h\u00f6herwertige Artikel. Wir k\u00f6nnen nicht garantieren, dass wir Ihren zur\u00fcckgesandten Artikel erhalten.<\/p><p><strong>Erstattungen<\/strong><\/p><p>Sobald wir Ihre R\u00fccksendung erhalten und gepr\u00fcft haben, senden wir Ihnen eine E-Mail, um Sie \u00fcber die Genehmigung oder Ablehnung Ihrer R\u00fcckerstattung zu informieren. Im Falle einer Genehmigung wird die R\u00fcckerstattung bearbeitet und eine Gutschrift auf Ihre urspr\u00fcngliche Zahlungsmethode innerhalb einer bestimmten Anzahl von Tagen vorgenommen.<\/p><p><strong>Nicht r\u00fcckgabef\u00e4hige Artikel<\/strong><\/p><p>Bestimmte Artikel k\u00f6nnen nicht zur\u00fcckgegeben werden, darunter Geschenkkarten und herunterladbare Softwareprodukte.<\/p><p><strong>Kontakt<\/strong><\/p><p>Bei Fragen zur R\u00fcckgabe, zum Umtausch oder zur R\u00fcckerstattung wenden Sie sich bitte an unser Kundenservice-Team. Wir sind hier, um sicherzustellen, dass Ihre Erfahrung mit Windbooster nichts weniger als ausgezeichnet ist.<\/p>\t\t\t\t\t\t\t\t<\/div>\n\t\t\t\t<\/div>\n\t\t\t\t\t<\/div>\n\t\t\t\t<\/div>\n\t\t\t\t<\/div>","protected":false},"excerpt":{"rendered":"<p>Windbooster Return &amp; Exchange Policy Thank you for ordering @WINDBOOSTER We are committed to ensuring your satisfaction with our products. If, for any reason, you are not completely happy with your purchase, our return and exchange policy is here to assist you. Returns If you wish to return an item, you may do so within [&hellip;]<\/p>\n","protected":false},"author":1,"featured_media":0,"parent":0,"menu_order":0,"comment_status":"closed","ping_status":"closed","template":"","meta":{"footnotes":""},"class_list":["post-901","page","type-page","status-publish","hentry"],"_links":{"self":[{"href":"https:\/\/windboostersales.com\/de\/wp-json\/wp\/v2\/pages\/901","targetHints":{"allow":["GET"]}}],"collection":[{"href":"https:\/\/windboostersales.com\/de\/wp-json\/wp\/v2\/pages"}],"about":[{"href":"https:\/\/windboostersales.com\/de\/wp-json\/wp\/v2\/types\/page"}],"author":[{"embeddable":true,"href":"https:\/\/windboostersales.com\/de\/wp-json\/wp\/v2\/users\/1"}],"replies":[{"embeddable":true,"href":"https:\/\/windboostersales.com\/de\/wp-json\/wp\/v2\/comments?post=901"}],"version-history":[{"count":0,"href":"https:\/\/windboostersales.com\/de\/wp-json\/wp\/v2\/pages\/901\/revisions"}],"wp:attachment":[{"href":"https:\/\/windboostersales.com\/de\/wp-json\/wp\/v2\/media?parent=901"}],"curies":[{"name":"wp","href":"https:\/\/api.w.org\/{rel}","templated":true}]}}