{"id":3793,"date":"2025-06-20T01:31:21","date_gmt":"2025-06-20T01:31:21","guid":{"rendered":"https:\/\/windboostersales.com\/?page_id=3793"},"modified":"2025-09-27T06:46:55","modified_gmt":"2025-09-27T06:46:55","slug":"about-us","status":"publish","type":"page","link":"https:\/\/windboostersales.com\/de\/about-us\/","title":{"rendered":"About us"},"content":{"rendered":"<div data-elementor-type=\"wp-page\" data-elementor-id=\"3793\" class=\"elementor elementor-3793\" data-elementor-post-type=\"page\">\n\t\t\t\t<div class=\"elementor-element elementor-element-19ce9e1 e-con-full e-flex e-con e-parent\" data-id=\"19ce9e1\" data-element_type=\"container\" data-e-type=\"container\" data-settings=\"{&quot;background_background&quot;:&quot;classic&quot;}\">\n\t\t\t\t<div class=\"elementor-element elementor-element-17e3799 elementor-widget elementor-widget-heading\" data-id=\"17e3799\" data-element_type=\"widget\" data-e-type=\"widget\" data-widget_type=\"heading.default\">\n\t\t\t\t<div class=\"elementor-widget-container\">\n\t\t\t\t\t<h1 class=\"elementor-heading-title elementor-size-default\">\u00dcber uns<\/h1>\t\t\t\t<\/div>\n\t\t\t\t<\/div>\n\t\t\t\t<div class=\"elementor-element elementor-element-a665ca2 elementor-widget elementor-widget-text-editor\" data-id=\"a665ca2\" data-element_type=\"widget\" data-e-type=\"widget\" data-widget_type=\"text-editor.default\">\n\t\t\t\t<div class=\"elementor-widget-container\">\n\t\t\t\t\t\t\t\t\t<h3>Sp\u00fcren Sie unsere Leidenschaft f\u00fcr Fahrzeuge<\/h3>\t\t\t\t\t\t\t\t<\/div>\n\t\t\t\t<\/div>\n\t\t\t\t<div class=\"elementor-element elementor-element-e005a5d elementor-align-center elementor-widget elementor-widget-button\" data-id=\"e005a5d\" data-element_type=\"widget\" data-e-type=\"widget\" data-widget_type=\"button.default\">\n\t\t\t\t<div class=\"elementor-widget-container\">\n\t\t\t\t\t\t\t\t\t<div class=\"elementor-button-wrapper\">\n\t\t\t\t\t<a class=\"elementor-button elementor-button-link elementor-size-sm elementor-animation-grow\" href=\"#form\">\n\t\t\t\t\t\t<span class=\"elementor-button-content-wrapper\">\n\t\t\t\t\t\t\t\t\t<span class=\"elementor-button-text\">Treffen Sie unser Team<\/span>\n\t\t\t\t\t<\/span>\n\t\t\t\t\t<\/a>\n\t\t\t\t<\/div>\n\t\t\t\t\t\t\t\t<\/div>\n\t\t\t\t<\/div>\n\t\t\t\t<\/div>\n\t\t<div class=\"elementor-element elementor-element-903235e e-flex e-con-boxed e-con e-parent\" data-id=\"903235e\" data-element_type=\"container\" data-e-type=\"container\" data-settings=\"{&quot;background_background&quot;:&quot;classic&quot;}\">\n\t\t\t\t\t<div class=\"e-con-inner\">\n\t\t<div class=\"elementor-element elementor-element-ff9b83a e-con-full e-flex e-con e-child\" data-id=\"ff9b83a\" data-element_type=\"container\" data-e-type=\"container\">\n\t\t\t\t<div class=\"elementor-element elementor-element-c7f5a8c elementor-widget elementor-widget-heading\" data-id=\"c7f5a8c\" data-element_type=\"widget\" data-e-type=\"widget\" data-widget_type=\"heading.default\">\n\t\t\t\t<div class=\"elementor-widget-container\">\n\t\t\t\t\t<h2 class=\"elementor-heading-title elementor-size-default\">Windbooster - Ihr Experte f\u00fcr Leistungstuning<\/h2>\t\t\t\t<\/div>\n\t\t\t\t<\/div>\n\t\t\t\t<div class=\"elementor-element elementor-element-40cfb40 elementor-widget elementor-widget-text-editor\" data-id=\"40cfb40\" data-element_type=\"widget\" data-e-type=\"widget\" data-widget_type=\"text-editor.default\">\n\t\t\t\t<div class=\"elementor-widget-container\">\n\t\t\t\t\t\t\t\t\t<p>At Windbooster, we are passionate about unlocking the full potential of your vehicle. Our dedicated team specializes in high-performance tuning solutions, offering innovative products designed to enhance engine power, responsiveness, and efficiency. Whether you\u2019re aiming to improve daily driving or maximize track performance, Windbooster has the right solution for you.<\/p>\n<p>Wir bieten ein umfassendes Angebot an Leistungssteigerungen, darunter auch einfach zu installierende Drosselklappensteuerungen. Unsere Produkte sind auf Pr\u00e4zision, Zuverl\u00e4ssigkeit und maximale Wirkung ausgelegt und sorgen f\u00fcr sp\u00fcrbare Verbesserungen beim Ansprechverhalten des Motors, bei der Reduzierung der Drosselklappenverz\u00f6gerung und beim Kraftstoffverbrauch.<\/p>\n<p>Warum Windbooster w\u00e4hlen? Unsere Performance-Produkte bieten eine hervorragende Investitionsrendite, indem sie die F\u00e4higkeiten Ihres Fahrzeugs mit einer einfachen Plug-and-Play-Installation steigern. Erleben Sie einen sofortigen Gewinn an Leistung und Laufruhe sowie die M\u00f6glichkeit, die Einstellungen Ihres Fahrzeugs in Sekundenschnelle zu optimieren. Dar\u00fcber hinaus tragen unsere L\u00f6sungen dazu bei, den Kraftstoffverbrauch bei sparsamer Fahrweise zu senken, wodurch Sie Geld sparen und gleichzeitig Ihr Fahrerlebnis verbessern k\u00f6nnen.<\/p>\n<p>Vertrauen Sie auf Windbooster, um die Leistung Ihres Fahrzeugs mit branchenf\u00fchrender Technologie und fachkundiger Unterst\u00fctzung zu steigern. Fahren Sie intelligenter. Fahren Sie schneller. Fahren Sie mit Windbooster.<\/p>\t\t\t\t\t\t\t\t<\/div>\n\t\t\t\t<\/div>\n\t\t\t\t<\/div>\n\t\t<div class=\"elementor-element elementor-element-e8a4fb0 e-con-full e-flex e-con e-child\" data-id=\"e8a4fb0\" data-element_type=\"container\" data-e-type=\"container\">\n\t\t\t\t<div class=\"elementor-element elementor-element-8aa47bf elementor-widget elementor-widget-image\" data-id=\"8aa47bf\" data-element_type=\"widget\" data-e-type=\"widget\" data-widget_type=\"image.default\">\n\t\t\t\t<div class=\"elementor-widget-container\">\n\t\t\t\t\t\t\t\t\t\t\t\t\t\t\t<img fetchpriority=\"high\" decoding=\"async\" width=\"800\" height=\"936\" src=\"https:\/\/windboostersales.com\/wp-content\/uploads\/2025\/06\/Windbooster-throttle-controller-875x1024.png\" class=\"attachment-large size-large wp-image-3841\" alt=\"efficiency, ultimate control, Team passion\" srcset=\"https:\/\/windboostersales.com\/wp-content\/uploads\/2025\/06\/Windbooster-throttle-controller-875x1024.png 875w, https:\/\/windboostersales.com\/wp-content\/uploads\/2025\/06\/Windbooster-throttle-controller-256x300.png 256w, https:\/\/windboostersales.com\/wp-content\/uploads\/2025\/06\/Windbooster-throttle-controller-768x898.png 768w, https:\/\/windboostersales.com\/wp-content\/uploads\/2025\/06\/Windbooster-throttle-controller-1313x1536.png 1313w, https:\/\/windboostersales.com\/wp-content\/uploads\/2025\/06\/Windbooster-throttle-controller-600x702.png 600w, https:\/\/windboostersales.com\/wp-content\/uploads\/2025\/06\/Windbooster-throttle-controller.png 1332w\" sizes=\"(max-width: 800px) 100vw, 800px\" title=\"\">\t\t\t\t\t\t\t\t\t\t\t\t\t\t\t<\/div>\n\t\t\t\t<\/div>\n\t\t\t\t<\/div>\n\t\t\t\t\t<\/div>\n\t\t\t\t<\/div>\n\t\t<div class=\"elementor-element elementor-element-24bbbda e-flex e-con-boxed e-con e-parent\" data-id=\"24bbbda\" data-element_type=\"container\" data-e-type=\"container\" data-settings=\"{&quot;background_background&quot;:&quot;classic&quot;}\">\n\t\t\t\t\t<div class=\"e-con-inner\">\n\t\t<div class=\"elementor-element elementor-element-8b1a158 e-con-full e-flex e-con e-child\" data-id=\"8b1a158\" data-element_type=\"container\" data-e-type=\"container\" data-settings=\"{&quot;background_background&quot;:&quot;classic&quot;}\">\n\t\t\t\t<\/div>\n\t\t<div class=\"elementor-element elementor-element-2881bd0 e-con-full e-flex e-con e-child\" data-id=\"2881bd0\" data-element_type=\"container\" data-e-type=\"container\">\n\t\t\t\t<div class=\"elementor-element elementor-element-2886a90 elementor-widget elementor-widget-heading\" data-id=\"2886a90\" data-element_type=\"widget\" data-e-type=\"widget\" data-widget_type=\"heading.default\">\n\t\t\t\t<div class=\"elementor-widget-container\">\n\t\t\t\t\t<h2 class=\"elementor-heading-title elementor-size-default\">Windbooster Team Passion<\/h2>\t\t\t\t<\/div>\n\t\t\t\t<\/div>\n\t\t\t\t<div class=\"elementor-element elementor-element-22bb8d6 elementor-widget elementor-widget-text-editor\" data-id=\"22bb8d6\" data-element_type=\"widget\" data-e-type=\"widget\" data-widget_type=\"text-editor.default\">\n\t\t\t\t<div class=\"elementor-widget-container\">\n\t\t\t\t\t\t\t\t\t<p>Unser Team ist leidenschaftlich bem\u00fcht, Ihnen zu helfen, das Beste aus Ihrem Fahrzeug herauszuholen. Wir sind immer f\u00fcr Sie da, wenn Sie Fragen oder Probleme mit unseren Windbooster-Drosselklappenreglern haben. Kundenzufriedenheit hat f\u00fcr uns oberste Priorit\u00e4t, und wir bem\u00fchen uns, Ihnen bei jedem Schritt fachkundige Beratung und Unterst\u00fctzung zu bieten.<\/p><p>Als Unternehmen legen wir Wert auf Nachhaltigkeit, Kreativit\u00e4t und kontinuierliche Verbesserung. Wir entwickeln uns st\u00e4ndig weiter, um die sich \u00e4ndernden Bed\u00fcrfnisse unserer Kunden zu erf\u00fcllen und an der Spitze unserer Branche zu bleiben.<\/p><p>Vielen Dank, dass Sie sich f\u00fcr windboostersales entschieden haben. Wir freuen uns darauf, Sie zu bedienen und Ihnen zu helfen, Ihre Ziele zu erreichen!<\/p>\t\t\t\t\t\t\t\t<\/div>\n\t\t\t\t<\/div>\n\t\t\t\t<\/div>\n\t\t\t\t\t<\/div>\n\t\t\t\t<\/div>\n\t\t\t\t<\/div>","protected":false},"excerpt":{"rendered":"<p>About Us Feel Our Passion for Vehicles Meet Our Team Windbooster \u2013 Your Performance Tuning Experts At Windbooster, we are passionate about unlocking the full potential of your vehicle. Our dedicated team specializes in high-performance tuning solutions, offering innovative products designed to enhance engine power, responsiveness, and efficiency. Whether you\u2019re aiming to improve daily driving [&hellip;]<\/p>\n","protected":false},"author":1,"featured_media":0,"parent":0,"menu_order":0,"comment_status":"closed","ping_status":"closed","template":"","meta":{"footnotes":""},"class_list":["post-3793","page","type-page","status-publish","hentry"],"_links":{"self":[{"href":"https:\/\/windboostersales.com\/de\/wp-json\/wp\/v2\/pages\/3793","targetHints":{"allow":["GET"]}}],"collection":[{"href":"https:\/\/windboostersales.com\/de\/wp-json\/wp\/v2\/pages"}],"about":[{"href":"https:\/\/windboostersales.com\/de\/wp-json\/wp\/v2\/types\/page"}],"author":[{"embeddable":true,"href":"https:\/\/windboostersales.com\/de\/wp-json\/wp\/v2\/users\/1"}],"replies":[{"embeddable":true,"href":"https:\/\/windboostersales.com\/de\/wp-json\/wp\/v2\/comments?post=3793"}],"version-history":[{"count":0,"href":"https:\/\/windboostersales.com\/de\/wp-json\/wp\/v2\/pages\/3793\/revisions"}],"wp:attachment":[{"href":"https:\/\/windboostersales.com\/de\/wp-json\/wp\/v2\/media?parent=3793"}],"curies":[{"name":"wp","href":"https:\/\/api.w.org\/{rel}","templated":true}]}}