{"id":3598,"date":"2025-06-19T06:53:07","date_gmt":"2025-06-19T06:53:07","guid":{"rendered":"https:\/\/windboostersales.com\/?page_id=3598"},"modified":"2026-02-03T07:36:55","modified_gmt":"2026-02-03T07:36:55","slug":"faq","status":"publish","type":"page","link":"https:\/\/windboostersales.com\/de\/faq\/","title":{"rendered":"FAQ"},"content":{"rendered":"<div data-elementor-type=\"wp-page\" data-elementor-id=\"3598\" class=\"elementor elementor-3598\" data-elementor-post-type=\"page\">\n\t\t\t\t<div class=\"elementor-element elementor-element-197de26 e-con-full e-flex e-con e-parent\" data-id=\"197de26\" data-element_type=\"container\" data-e-type=\"container\" data-settings=\"{&quot;background_background&quot;:&quot;classic&quot;}\">\n\t\t\t\t<div class=\"elementor-element elementor-element-1a2b929 elementor-widget elementor-widget-heading\" data-id=\"1a2b929\" data-element_type=\"widget\" data-e-type=\"widget\" data-widget_type=\"heading.default\">\n\t\t\t\t<div class=\"elementor-widget-container\">\n\t\t\t\t\t<h1 class=\"elementor-heading-title elementor-size-default\">H\u00e4ufig gestellte Fragen | Windbooster\u00ae<\/h1>\t\t\t\t<\/div>\n\t\t\t\t<\/div>\n\t\t\t\t<\/div>\n\t\t<div class=\"elementor-element elementor-element-8a048ed e-flex e-con-boxed e-con e-parent\" data-id=\"8a048ed\" data-element_type=\"container\" data-e-type=\"container\" data-settings=\"{&quot;background_background&quot;:&quot;classic&quot;}\">\n\t\t\t\t\t<div class=\"e-con-inner\">\n\t\t\t\t<div class=\"elementor-element elementor-element-7882538 elementor-drop-cap-yes elementor-drop-cap-view-default elementor-widget elementor-widget-text-editor\" data-id=\"7882538\" data-element_type=\"widget\" data-e-type=\"widget\" data-settings=\"{&quot;drop_cap&quot;:&quot;yes&quot;}\" data-widget_type=\"text-editor.default\">\n\t\t\t\t<div class=\"elementor-widget-container\">\n\t\t\t\t\t\t\t\t\t<p>Thank you for order Windbooster smart throttle controller. Find FAQ about Windbooster as below. If you need further assistance, please contact us through our <a href=\"\/de\/contact\/\">Kontakt<\/a> seite oder \u00fcber Social Media.<\/p>\t\t\t\t\t\t\t\t<\/div>\n\t\t\t\t<\/div>\n\t\t\t\t<div class=\"elementor-element elementor-element-5e094f1 elementor-widget elementor-widget-n-accordion\" data-id=\"5e094f1\" data-element_type=\"widget\" data-e-type=\"widget\" data-settings=\"{&quot;default_state&quot;:&quot;expanded&quot;,&quot;max_items_expended&quot;:&quot;one&quot;,&quot;n_accordion_animation_duration&quot;:{&quot;unit&quot;:&quot;ms&quot;,&quot;size&quot;:400,&quot;sizes&quot;:[]}}\" data-widget_type=\"nested-accordion.default\">\n\t\t\t\t<div class=\"elementor-widget-container\">\n\t\t\t\t\t\t\t<div class=\"e-n-accordion\" aria-label=\"Accordion. Open links with Enter or Space, close with Escape, and navigate with Arrow Keys\">\n\t\t\t\t\t\t<details id=\"e-n-accordion-item-9860\" class=\"e-n-accordion-item\" open>\n\t\t\t\t<summary class=\"e-n-accordion-item-title\" data-accordion-index=\"1\" tabindex=\"0\" aria-expanded=\"true\" aria-controls=\"e-n-accordion-item-9860\" >\n\t\t\t\t\t<span class='e-n-accordion-item-title-header'><h2 class=\"e-n-accordion-item-title-text\"> Wie funktioniert die WINDBOOSTER Drosselklappensteuerung?  <\/h2><\/span>\n\t\t\t\t\t\t\t\t\t<\/summary>\n\t\t\t\t<div role=\"region\" aria-labelledby=\"e-n-accordion-item-9860\" class=\"elementor-element elementor-element-b65a4a8 e-con-full e-flex e-con e-child\" data-id=\"b65a4a8\" data-element_type=\"container\" data-e-type=\"container\">\n\t\t\t\t<div class=\"elementor-element elementor-element-5e313d1 elementor-widget elementor-widget-text-editor\" data-id=\"5e313d1\" data-element_type=\"widget\" data-e-type=\"widget\" data-widget_type=\"text-editor.default\">\n\t\t\t\t<div class=\"elementor-widget-container\">\n\t\t\t\t\t\t\t\t\t<p>Der Windbooster ist ein Gaspedalregler, der die Beschleunigung und das allgemeine Fahrverhalten Ihres Fahrzeugs verbessern soll. Seine Funktion besteht darin, die elektronischen Signale, die zwischen dem Gaspedal und dem Motorsteuerger\u00e4t (ECU) \u00fcbertragen werden, abzufangen und zu modifizieren. Wenn das Gaspedal bet\u00e4tigt wird, verfeinert Windbooster das Signal, um die Verz\u00f6gerung beim Gasgeben zu verringern, was zu einer schnelleren und reaktionsschnelleren Gaspedalreaktion f\u00fchrt. Das Ger\u00e4t verf\u00fcgt \u00fcber einstellbare Modi und Empfindlichkeitsoptionen, die es dem Benutzer erm\u00f6glichen, die Gasannahme an seinen Fahrstil und die unterschiedlichen Stra\u00dfenbedingungen anzupassen, sei es in verkehrsreichen st\u00e4dtischen Umgebungen oder auf rauem Terrain.<\/p>\t\t\t\t\t\t\t\t<\/div>\n\t\t\t\t<\/div>\n\t\t\t\t<\/div>\n\t\t\t\t\t<\/details>\n\t\t\t\t\t\t<details id=\"e-n-accordion-item-9861\" class=\"e-n-accordion-item\" >\n\t\t\t\t<summary class=\"e-n-accordion-item-title\" data-accordion-index=\"2\" tabindex=\"-1\" aria-expanded=\"false\" aria-controls=\"e-n-accordion-item-9861\" >\n\t\t\t\t\t<span class='e-n-accordion-item-title-header'><h2 class=\"e-n-accordion-item-title-text\"> Erh\u00f6ht WINDBOOSTER die Leistungsabgabe? <\/h2><\/span>\n\t\t\t\t\t\t\t\t\t<\/summary>\n\t\t\t\t<div role=\"region\" aria-labelledby=\"e-n-accordion-item-9861\" class=\"elementor-element elementor-element-8401d4d e-con-full e-flex e-con e-child\" data-id=\"8401d4d\" data-element_type=\"container\" data-e-type=\"container\">\n\t\t\t\t<div class=\"elementor-element elementor-element-8086509 elementor-widget elementor-widget-text-editor\" data-id=\"8086509\" data-element_type=\"widget\" data-e-type=\"widget\" data-widget_type=\"text-editor.default\">\n\t\t\t\t<div class=\"elementor-widget-container\">\n\t\t\t\t\t\t\t\t\t<p>Nein, Windbooster erh\u00f6ht nicht die Leistung oder das Drehmoment des Motors. Windbooster wurde speziell entwickelt, um die Gasannahme Ihres Fahrzeugs zu verbessern und ihm ein Gef\u00fchl von mehr Leistung und Reaktionsf\u00e4higkeit zu geben.<\/p><p>Diese Vorrichtung funktioniert durch die Anpassung der elektronischen Signale, die zwischen dem Gaspedal und dem Motorsteuerger\u00e4t (ECU) \u00fcbertragen werden. Diese Anpassung erm\u00f6glicht es dem Fahrer, die aktuelle Leistung des Fahrzeugs schneller und m\u00fcheloser abzurufen. Durch die Minimierung der Verz\u00f6gerung zwischen dem Gaspedal und der Reaktion des Motors verbessert Windbooster das gesamte Fahrerlebnis und l\u00e4sst das Fahrzeug agiler und kraftvoller wirken.<\/p>\t\t\t\t\t\t\t\t<\/div>\n\t\t\t\t<\/div>\n\t\t\t\t<\/div>\n\t\t\t\t\t<\/details>\n\t\t\t\t\t\t<details id=\"e-n-accordion-item-9862\" class=\"e-n-accordion-item\" >\n\t\t\t\t<summary class=\"e-n-accordion-item-title\" data-accordion-index=\"3\" tabindex=\"-1\" aria-expanded=\"false\" aria-controls=\"e-n-accordion-item-9862\" >\n\t\t\t\t\t<span class='e-n-accordion-item-title-header'><h2 class=\"e-n-accordion-item-title-text\"> Funktioniert der WINDBOOSTER auch bei Schaltgetrieben? <\/h2><\/span>\n\t\t\t\t\t\t\t\t\t<\/summary>\n\t\t\t\t<div role=\"region\" aria-labelledby=\"e-n-accordion-item-9862\" class=\"elementor-element elementor-element-dfc9cdd e-con-full e-flex e-con e-child\" data-id=\"dfc9cdd\" data-element_type=\"container\" data-e-type=\"container\">\n\t\t\t\t<div class=\"elementor-element elementor-element-33ba7b1 elementor-widget elementor-widget-text-editor\" data-id=\"33ba7b1\" data-element_type=\"widget\" data-e-type=\"widget\" data-widget_type=\"text-editor.default\">\n\t\t\t\t<div class=\"elementor-widget-container\">\n\t\t\t\t\t\t\t\t\t<p>Windbooster-Drosselklappenregler verf\u00fcgen \u00fcber einen automatischen und einen manuellen Modus, die auf verschiedene Getriebetypen zugeschnitten sind, egal ob Sie ein Automatik- oder ein Schaltgetriebe fahren. Der Automatikmodus sorgt f\u00fcr einen leichten Schub bei der Gasannahme, k\u00f6nnte sich aber f\u00fcr Handschaltgetriebe oder Automatikgetriebe mit 8 oder mehr G\u00e4ngen etwas zu intensiv anf\u00fchlen. Wir empfehlen, die verschiedenen Modi auszuprobieren, um herauszufinden, welche Einstellung am besten zu Ihnen und Ihrem Auto passt.<\/p>\t\t\t\t\t\t\t\t<\/div>\n\t\t\t\t<\/div>\n\t\t\t\t<\/div>\n\t\t\t\t\t<\/details>\n\t\t\t\t\t\t<details id=\"e-n-accordion-item-9863\" class=\"e-n-accordion-item\" >\n\t\t\t\t<summary class=\"e-n-accordion-item-title\" data-accordion-index=\"4\" tabindex=\"-1\" aria-expanded=\"false\" aria-controls=\"e-n-accordion-item-9863\" >\n\t\t\t\t\t<span class='e-n-accordion-item-title-header'><h2 class=\"e-n-accordion-item-title-text\"> Ist der WINDBOOSTER mit Benzin- oder Dieselfahrzeugen kompatibel? <\/h2><\/span>\n\t\t\t\t\t\t\t\t\t<\/summary>\n\t\t\t\t<div role=\"region\" aria-labelledby=\"e-n-accordion-item-9863\" class=\"elementor-element elementor-element-2869766 e-con-full e-flex e-con e-child\" data-id=\"2869766\" data-element_type=\"container\" data-e-type=\"container\">\n\t\t\t\t<div class=\"elementor-element elementor-element-cc2b7a9 elementor-widget elementor-widget-text-editor\" data-id=\"cc2b7a9\" data-element_type=\"widget\" data-e-type=\"widget\" data-widget_type=\"text-editor.default\">\n\t\t\t\t<div class=\"elementor-widget-container\">\n\t\t\t\t\t\t\t\t\t<p>Der Windbooster Drosselklappenregler ist mit einer Vielzahl von Fahrzeugen kompatibel, darunter Fahrzeuge mit Benzin- und Dieselmotoren sowie Modelle mit Turbolader, Kompressor und Saugmotor. Er modifiziert effektiv die Drosselklappenkennlinie f\u00fcr die meisten elektronischen Drosselklappen, unabh\u00e4ngig vom Motortyp.<\/p>\t\t\t\t\t\t\t\t<\/div>\n\t\t\t\t<\/div>\n\t\t\t\t<\/div>\n\t\t\t\t\t<\/details>\n\t\t\t\t\t\t<details id=\"e-n-accordion-item-9864\" class=\"e-n-accordion-item\" >\n\t\t\t\t<summary class=\"e-n-accordion-item-title\" data-accordion-index=\"5\" tabindex=\"-1\" aria-expanded=\"false\" aria-controls=\"e-n-accordion-item-9864\" >\n\t\t\t\t\t<span class='e-n-accordion-item-title-header'><h2 class=\"e-n-accordion-item-title-text\"> Beeintr\u00e4chtigt WINDBOOSTER die Garantie meines Fahrzeugs\uff1f <\/h2><\/span>\n\t\t\t\t\t\t\t\t\t<\/summary>\n\t\t\t\t<div role=\"region\" aria-labelledby=\"e-n-accordion-item-9864\" class=\"elementor-element elementor-element-9420794 e-con-full e-flex e-con e-child\" data-id=\"9420794\" data-element_type=\"container\" data-e-type=\"container\">\n\t\t\t\t<div class=\"elementor-element elementor-element-8abf974 elementor-widget elementor-widget-text-editor\" data-id=\"8abf974\" data-element_type=\"widget\" data-e-type=\"widget\" data-widget_type=\"text-editor.default\">\n\t\t\t\t<div class=\"elementor-widget-container\">\n\t\t\t\t\t\t\t\t\t<p>Die Vorschriften f\u00fcr Modifikationen und Garantien sind von Land zu Land unterschiedlich, wobei einige Hersteller die Garantie f\u00fcr nachtr\u00e4gliche \u00c4nderungen aufheben. Viele H\u00e4ndler erkennen jedoch die Vorteile von Windbooster bei der Verbesserung der Fahrzeugleistung an und k\u00f6nnen ihn bei langsameren Fahrzeugen einbauen, um die Gasannahme zu verbessern. Windbooster wurde gr\u00fcndlich getestet, stellt ein minimales Risiko dar und kann bei Bedarf wieder in den NORMAL-Modus zur\u00fcckgesetzt werden. Windbooster kann von H\u00e4ndlern nicht zur\u00fcckverfolgt werden, da er keine digitalen \u201eFlaggen\u201c auf der ECU hinterl\u00e4sst. Um die Sicherheit zu erh\u00f6hen, ist es ratsam, das Ger\u00e4t vor einem Service- oder Reparaturbesuch zu entfernen.<\/p>\t\t\t\t\t\t\t\t<\/div>\n\t\t\t\t<\/div>\n\t\t\t\t<\/div>\n\t\t\t\t\t<\/details>\n\t\t\t\t\t\t<details id=\"e-n-accordion-item-9865\" class=\"e-n-accordion-item\" >\n\t\t\t\t<summary class=\"e-n-accordion-item-title\" data-accordion-index=\"6\" tabindex=\"-1\" aria-expanded=\"false\" aria-controls=\"e-n-accordion-item-9865\" >\n\t\t\t\t\t<span class='e-n-accordion-item-title-header'><h2 class=\"e-n-accordion-item-title-text\"> Kann man mit einem WINDBOOSTER Kraftstoff sparen? <\/h2><\/span>\n\t\t\t\t\t\t\t\t\t<\/summary>\n\t\t\t\t<div role=\"region\" aria-labelledby=\"e-n-accordion-item-9865\" class=\"elementor-element elementor-element-b16b209 e-con-full e-flex e-con e-child\" data-id=\"b16b209\" data-element_type=\"container\" data-e-type=\"container\">\n\t\t\t\t<div class=\"elementor-element elementor-element-f24ab0f elementor-widget elementor-widget-text-editor\" data-id=\"f24ab0f\" data-element_type=\"widget\" data-e-type=\"widget\" data-widget_type=\"text-editor.default\">\n\t\t\t\t<div class=\"elementor-widget-container\">\n\t\t\t\t\t\t\t\t\t<p>Im ECONOMY-Modus kann der Windbooster die Kraftstoffeffizienz durch Optimierung des Fahrverhaltens verbessern. In Modi wie iAuto, Sport, Sport+ und Race werden Sie jedoch m\u00f6glicherweise keine nennenswerte Verbesserung des Kraftstoffverbrauchs feststellen. Wenn Sie den Windbooster verwenden, werden Sie einen Unterschied in der Leistungsabgabe feststellen, aber der Kraftstoffverbrauch, der zur Erzeugung dieser Leistung erforderlich ist, bleibt gleich. Wenn Ihr Hauptaugenmerk auf der Kraftstoffeffizienz liegt, ist es ratsam, den ECONOMY-Modus zu aktivieren. Steht hingegen die Leistung im Vordergrund, k\u00f6nnen Sie mit einem \u00e4hnlichen Kraftstoffverbrauch wie bisher rechnen, w\u00e4hrend Sie eine verbesserte Leistungsentfaltung genie\u00dfen.<\/p>\t\t\t\t\t\t\t\t<\/div>\n\t\t\t\t<\/div>\n\t\t\t\t<\/div>\n\t\t\t\t\t<\/details>\n\t\t\t\t\t\t<details id=\"e-n-accordion-item-9866\" class=\"e-n-accordion-item\" >\n\t\t\t\t<summary class=\"e-n-accordion-item-title\" data-accordion-index=\"7\" tabindex=\"-1\" aria-expanded=\"false\" aria-controls=\"e-n-accordion-item-9866\" >\n\t\t\t\t\t<span class='e-n-accordion-item-title-header'><h2 class=\"e-n-accordion-item-title-text\"> Ist es schwierig, den WINDBOOSTER zu installieren? Muss ich das Auto in die Werkstatt bringen, um es zu installieren? <\/h2><\/span>\n\t\t\t\t\t\t\t\t\t<\/summary>\n\t\t\t\t<div role=\"region\" aria-labelledby=\"e-n-accordion-item-9866\" class=\"elementor-element elementor-element-8f76d2e e-con-full e-flex e-con e-child\" data-id=\"8f76d2e\" data-element_type=\"container\" data-e-type=\"container\">\n\t\t\t\t<div class=\"elementor-element elementor-element-8cae757 elementor-widget elementor-widget-text-editor\" data-id=\"8cae757\" data-element_type=\"widget\" data-e-type=\"widget\" data-widget_type=\"text-editor.default\">\n\t\t\t\t<div class=\"elementor-widget-container\">\n\t\t\t\t\t\t\t\t\t<p>F\u00fcr den Einbau eines Windboosters m\u00fcssen Sie Ihr Auto nicht in eine Werkstatt bringen. Die Installation von Windbooster ist schnell und einfach und dauert in der Regel 5 bis 10 Minuten. Wenn der Fahrzeugsensor leicht zu finden ist, dann dauert es weniger als 5 Minuten, keine Werkzeuge oder mechanische Kenntnisse erforderlich. Bei einigen Fahrzeugen, bei denen der Gaspedalsensor nicht leicht zu finden ist, wie z.B. bei BMW, BENZ und einigen anderen Luxusautos, wird Werkzeug ben\u00f6tigt, um die Gaspedaleinheit zu demontieren und den Sensor dahinter zu erreichen, bevor Windbooster installiert werden kann. Kurz gesagt, Windbooster ist ein Plug-and-Play-Ger\u00e4t, das einfach an die Originalstecker Ihres Fahrzeugs angeschlossen werden kann. Einmal installiert, funktioniert es von selbst und l\u00e4sst sich leicht am Armaturenbrett anbringen.<\/p><p>Um Probleme zu vermeiden, halten Sie sich bitte an die Anweisungen, die Ihrem Ger\u00e4t beiliegen. Auf unserer Installations-Seite finden Sie auch Videos mit Anleitungen.<\/p>\t\t\t\t\t\t\t\t<\/div>\n\t\t\t\t<\/div>\n\t\t\t\t<\/div>\n\t\t\t\t\t<\/details>\n\t\t\t\t\t\t<details id=\"e-n-accordion-item-9867\" class=\"e-n-accordion-item\" >\n\t\t\t\t<summary class=\"e-n-accordion-item-title\" data-accordion-index=\"8\" tabindex=\"-1\" aria-expanded=\"false\" aria-controls=\"e-n-accordion-item-9867\" >\n\t\t\t\t\t<span class='e-n-accordion-item-title-header'><h2 class=\"e-n-accordion-item-title-text\"> Kann ich die WINDBOOSTER-Modi w\u00e4hrend der Fahrt ausw\u00e4hlen und die Einstellungen \u00e4ndern? <\/h2><\/span>\n\t\t\t\t\t\t\t\t\t<\/summary>\n\t\t\t\t<div role=\"region\" aria-labelledby=\"e-n-accordion-item-9867\" class=\"elementor-element elementor-element-dc5d0c0 e-con-full e-flex e-con e-child\" data-id=\"dc5d0c0\" data-element_type=\"container\" data-e-type=\"container\">\n\t\t\t\t<div class=\"elementor-element elementor-element-7945b39 elementor-widget elementor-widget-text-editor\" data-id=\"7945b39\" data-element_type=\"widget\" data-e-type=\"widget\" data-widget_type=\"text-editor.default\">\n\t\t\t\t<div class=\"elementor-widget-container\">\n\t\t\t\t\t\t\t\t\t<p>Obwohl es einfach ist, Modi und Einstellungen zu \u00e4ndern, raten wir aus Sicherheitsgr\u00fcnden dringend davon ab. Wir empfehlen dringend, die Einstellungen zu \u00e4ndern, w\u00e4hrend das Fahrzeug geparkt ist, um das Risiko m\u00f6glicher Unf\u00e4lle zu verringern.<\/p>\t\t\t\t\t\t\t\t<\/div>\n\t\t\t\t<\/div>\n\t\t\t\t<\/div>\n\t\t\t\t\t<\/details>\n\t\t\t\t\t\t<details id=\"e-n-accordion-item-9868\" class=\"e-n-accordion-item\" >\n\t\t\t\t<summary class=\"e-n-accordion-item-title\" data-accordion-index=\"9\" tabindex=\"-1\" aria-expanded=\"false\" aria-controls=\"e-n-accordion-item-9868\" >\n\t\t\t\t\t<span class='e-n-accordion-item-title-header'><h2 class=\"e-n-accordion-item-title-text\"> Kann ich noch einen WINDBOOSTER installieren, wenn mein Auto andere Modifikationen, EUC remap oder perforamce? <\/h2><\/span>\n\t\t\t\t\t\t\t\t\t<\/summary>\n\t\t\t\t<div role=\"region\" aria-labelledby=\"e-n-accordion-item-9868\" class=\"elementor-element elementor-element-e83aab6 e-flex e-con-boxed e-con e-child\" data-id=\"e83aab6\" data-element_type=\"container\" data-e-type=\"container\">\n\t\t\t\t\t<div class=\"e-con-inner\">\n\t\t\t\t<div class=\"elementor-element elementor-element-7a9159b elementor-widget elementor-widget-text-editor\" data-id=\"7a9159b\" data-element_type=\"widget\" data-e-type=\"widget\" data-widget_type=\"text-editor.default\">\n\t\t\t\t<div class=\"elementor-widget-container\">\n\t\t\t\t\t\t\t\t\t<p>Bevor Sie den Einbau eines Windboosters in Ihr Fahrzeug in Erw\u00e4gung ziehen, ist es wichtig zu wissen, dass Windbooster auf der Grundlage der Originaldaten Ihres Fahrzeugs entwickelt werden. Wenn Sie Ihr Auto modifiziert haben oder ein ECU-Remap hatten, \u00e4ndert dies die Originaldaten, was zu Kompatibilit\u00e4tsproblemen f\u00fchren kann. In solchen F\u00e4llen kann der Windbooster nicht richtig funktionieren oder Fehlercodes ausl\u00f6sen. Es ist ratsam, sich vor dem Einbau eines Windboosters von einem Fachmann beraten zu lassen, um die Kompatibilit\u00e4t zu pr\u00fcfen.<\/p>\t\t\t\t\t\t\t\t<\/div>\n\t\t\t\t<\/div>\n\t\t\t\t\t<\/div>\n\t\t\t\t<\/div>\n\t\t\t\t\t<\/details>\n\t\t\t\t\t\t<details id=\"e-n-accordion-item-9869\" class=\"e-n-accordion-item\" >\n\t\t\t\t<summary class=\"e-n-accordion-item-title\" data-accordion-index=\"10\" tabindex=\"-1\" aria-expanded=\"false\" aria-controls=\"e-n-accordion-item-9869\" >\n\t\t\t\t\t<span class='e-n-accordion-item-title-header'><h2 class=\"e-n-accordion-item-title-text\">  Warum schaltet es sich nicht aus, nachdem der Motor ausgeschaltet wurde? Wird es aus meiner Autobatterie Strom verbrauchen? <\/h2><\/span>\n\t\t\t\t\t\t\t\t\t<\/summary>\n\t\t\t\t<div role=\"region\" aria-labelledby=\"e-n-accordion-item-9869\" class=\"elementor-element elementor-element-4312ba5 e-flex e-con-boxed e-con e-child\" data-id=\"4312ba5\" data-element_type=\"container\" data-e-type=\"container\">\n\t\t\t\t\t<div class=\"e-con-inner\">\n\t\t\t\t<div class=\"elementor-element elementor-element-52058b9 elementor-widget elementor-widget-text-editor\" data-id=\"52058b9\" data-element_type=\"widget\" data-e-type=\"widget\" data-widget_type=\"text-editor.default\">\n\t\t\t\t<div class=\"elementor-widget-container\">\n\t\t\t\t\t\t\t\t\t<p>Das Windbooster-Display ist so programmiert, dass es sich nach 30 Sekunden Inaktivit\u00e4t automatisch abschaltet. Diese Funktion ist Teil des Windbooster-Drosselklappensteuerungssystems, das mit einer 5-Volt-Stromversorgung arbeitet, die an das Gaspedal Ihres Fahrzeugs angeschlossen ist. In der Regel wird das Fahrzeug nach etwa 15 Minuten vollst\u00e4ndig abgeschaltet. In dieser Zeit befindet sich der Windbooster im Standby-Zustand und verbraucht keinen Strom im Standby-Modus.<\/p>\t\t\t\t\t\t\t\t<\/div>\n\t\t\t\t<\/div>\n\t\t\t\t\t<\/div>\n\t\t\t\t<\/div>\n\t\t\t\t\t<\/details>\n\t\t\t\t\t\t<details id=\"e-n-accordion-item-98610\" class=\"e-n-accordion-item\" >\n\t\t\t\t<summary class=\"e-n-accordion-item-title\" data-accordion-index=\"11\" tabindex=\"-1\" aria-expanded=\"false\" aria-controls=\"e-n-accordion-item-98610\" >\n\t\t\t\t\t<span class='e-n-accordion-item-title-header'><h2 class=\"e-n-accordion-item-title-text\"> Was ist die Garantie von WINDBOOSTER? <\/h2><\/span>\n\t\t\t\t\t\t\t\t\t<\/summary>\n\t\t\t\t<div role=\"region\" aria-labelledby=\"e-n-accordion-item-98610\" class=\"elementor-element elementor-element-03c2a0f e-flex e-con-boxed e-con e-child\" data-id=\"03c2a0f\" data-element_type=\"container\" data-e-type=\"container\">\n\t\t\t\t\t<div class=\"e-con-inner\">\n\t\t\t\t<div class=\"elementor-element elementor-element-68a612a elementor-widget elementor-widget-text-editor\" data-id=\"68a612a\" data-element_type=\"widget\" data-e-type=\"widget\" data-widget_type=\"text-editor.default\">\n\t\t\t\t<div class=\"elementor-widget-container\">\n\t\t\t\t\t\t\t\t\t<p>Windbooster provides 3 years warranty that covers performance, function, and defects in materials, applicable to the original owner. However, this warranty excludes damage occurring during installation, mistreatment affecting performance, or accidental damage. For any issues, please contact us at <a href=\"mailto:sales@windboostersales.com\"><strong>sales@windboostersales.com<\/strong><\/a>, and we will strive to resolve them promptly.<\/p>\t\t\t\t\t\t\t\t<\/div>\n\t\t\t\t<\/div>\n\t\t\t\t\t<\/div>\n\t\t\t\t<\/div>\n\t\t\t\t\t<\/details>\n\t\t\t\t\t\t<details id=\"e-n-accordion-item-98611\" class=\"e-n-accordion-item\" >\n\t\t\t\t<summary class=\"e-n-accordion-item-title\" data-accordion-index=\"12\" tabindex=\"-1\" aria-expanded=\"false\" aria-controls=\"e-n-accordion-item-98611\" >\n\t\t\t\t\t<span class='e-n-accordion-item-title-header'><h2 class=\"e-n-accordion-item-title-text\"> Wo kann ich einen WINDBOOSTER kaufen? <\/h2><\/span>\n\t\t\t\t\t\t\t\t\t<\/summary>\n\t\t\t\t<div role=\"region\" aria-labelledby=\"e-n-accordion-item-98611\" class=\"elementor-element elementor-element-e489be8 e-flex e-con-boxed e-con e-child\" data-id=\"e489be8\" data-element_type=\"container\" data-e-type=\"container\">\n\t\t\t\t\t<div class=\"e-con-inner\">\n\t\t\t\t<div class=\"elementor-element elementor-element-8dd1cf0 elementor-widget elementor-widget-text-editor\" data-id=\"8dd1cf0\" data-element_type=\"widget\" data-e-type=\"widget\" data-widget_type=\"text-editor.default\">\n\t\t\t\t<div class=\"elementor-widget-container\">\n\t\t\t\t\t\t\t\t\t<p>Sie k\u00f6nnen Windbooster \u00fcber unser H\u00e4ndlernetz oder direkt \u00fcber unsere Website windboostersales.com kaufen.<\/p>\t\t\t\t\t\t\t\t<\/div>\n\t\t\t\t<\/div>\n\t\t\t\t\t<\/div>\n\t\t\t\t<\/div>\n\t\t\t\t\t<\/details>\n\t\t\t\t\t<\/div>\n\t\t\t\t\t\t<\/div>\n\t\t\t\t<\/div>\n\t\t\t\t\t<\/div>\n\t\t\t\t<\/div>\n\t\t\t\t<\/div>","protected":false},"excerpt":{"rendered":"<p>Frequently Asked Questions | Windbooster\u00ae Thank you for order Windbooster smart throttle controller. Find FAQ about Windbooster as below. If you need further assistance, please contact us through our Contact Us page or reach out via social media. How Does The WINDBOOSTER Throttle Controller Work? Windbooster serves as a throttle response controller aimed at enhancing [&hellip;]<\/p>\n","protected":false},"author":1,"featured_media":0,"parent":0,"menu_order":0,"comment_status":"closed","ping_status":"closed","template":"","meta":{"footnotes":""},"class_list":["post-3598","page","type-page","status-publish","hentry"],"_links":{"self":[{"href":"https:\/\/windboostersales.com\/de\/wp-json\/wp\/v2\/pages\/3598","targetHints":{"allow":["GET"]}}],"collection":[{"href":"https:\/\/windboostersales.com\/de\/wp-json\/wp\/v2\/pages"}],"about":[{"href":"https:\/\/windboostersales.com\/de\/wp-json\/wp\/v2\/types\/page"}],"author":[{"embeddable":true,"href":"https:\/\/windboostersales.com\/de\/wp-json\/wp\/v2\/users\/1"}],"replies":[{"embeddable":true,"href":"https:\/\/windboostersales.com\/de\/wp-json\/wp\/v2\/comments?post=3598"}],"version-history":[{"count":0,"href":"https:\/\/windboostersales.com\/de\/wp-json\/wp\/v2\/pages\/3598\/revisions"}],"wp:attachment":[{"href":"https:\/\/windboostersales.com\/de\/wp-json\/wp\/v2\/media?parent=3598"}],"curies":[{"name":"wp","href":"https:\/\/api.w.org\/{rel}","templated":true}]}}