{"id":3,"date":"2025-05-06T02:57:38","date_gmt":"2025-05-06T02:57:38","guid":{"rendered":"https:\/\/windboostersales.com\/?page_id=3"},"modified":"2026-03-10T12:55:26","modified_gmt":"2026-03-10T12:55:26","slug":"privacy-policy","status":"publish","type":"page","link":"https:\/\/windboostersales.com\/de\/privacy-policy\/","title":{"rendered":"Datenschutzrichtlinie"},"content":{"rendered":"<div data-elementor-type=\"wp-page\" data-elementor-id=\"3\" class=\"elementor elementor-3\" data-elementor-post-type=\"page\">\n\t\t\t\t<div class=\"elementor-element elementor-element-302fb75c e-flex e-con-boxed e-con e-parent\" data-id=\"302fb75c\" data-element_type=\"container\" data-e-type=\"container\">\n\t\t\t\t\t<div class=\"e-con-inner\">\n\t\t\t\t<div class=\"elementor-element elementor-element-2a3518f elementor-widget elementor-widget-heading\" data-id=\"2a3518f\" data-element_type=\"widget\" data-e-type=\"widget\" data-widget_type=\"heading.default\">\n\t\t\t\t<div class=\"elementor-widget-container\">\n\t\t\t\t\t<h1 class=\"elementor-heading-title elementor-size-default\">Datenschutzrichtlinie<\/h1>\t\t\t\t<\/div>\n\t\t\t\t<\/div>\n\t\t\t\t<div class=\"elementor-element elementor-element-fe7484a elementor-widget elementor-widget-text-editor\" data-id=\"fe7484a\" data-element_type=\"widget\" data-e-type=\"widget\" data-widget_type=\"text-editor.default\">\n\t\t\t\t<div class=\"elementor-widget-container\">\n\t\t\t\t\t\t\t\t\t<ol><li><strong> Einf\u00fchrung<\/strong><\/li><\/ol><p>Willkommen bei Windbooster. Wir legen gro\u00dfen Wert auf den Schutz Ihrer Privatsph\u00e4re und einen verantwortungsvollen Umgang mit Ihren personenbezogenen Daten. Diese Datenschutzrichtlinie erl\u00e4utert, wie wir Ihre Daten erheben, verwenden und sch\u00fctzen, wenn Sie unsere Website besuchen und unsere Dienste nutzen.<\/p><ol start=\"2\"><li><strong> Von uns erfasste Daten<\/strong><\/li><\/ol><ul><li>Personenbezogene Daten: Wenn Sie einen Kauf t\u00e4tigen, sich f\u00fcr unseren Newsletter anmelden oder Kontakt mit uns aufnehmen, erfassen wir personenbezogene Daten wie Ihren Namen, Ihre E-Mail-Adresse, Ihre Telefonnummer und Ihre Zahlungsinformationen.<\/li><li>Nutzungsdaten: Wir erfassen automatisch Daten \u00fcber Ihre Interaktionen mit unserer Website, einschlie\u00dflich IP-Adressen, Browsertypen, verweisende Seiten sowie Datum und Uhrzeit Ihrer Besuche.<\/li><li>Cookies und Tracking-Technologien: Wir verwenden Cookies und \u00e4hnliche Technologien, um Ihr Surferlebnis zu verbessern, Ihre Pr\u00e4ferenzen zu speichern und den Website-Verkehr zu analysieren.<\/li><li>\u00a0<\/li><\/ul><ol start=\"3\"><li><strong> Wie wir Ihre Daten verwenden<\/strong><\/li><\/ol><ul><li>Auftragsabwicklung: Wir verwenden Ihre personenbezogenen Daten, um Ihre Bestellungen zu bearbeiten und auszuf\u00fchren, Zahlungen abzuwickeln und Kundensupport bereitzustellen.<\/li><li>Serviceverbesserung: Ihre Nutzungsdaten helfen uns zu verstehen, wie Sie mit unserer Website interagieren. So k\u00f6nnen wir unsere Dienste verbessern, Ihr Erlebnis anpassen und neue Funktionen entwickeln.<\/li><li>Kommunikation: Wir k\u00f6nnen Ihre Kontaktdaten verwenden, um Ihnen Updates zu Ihren Bestellungen zu senden, auf Ihre Anfragen zu antworten und Ihnen Werbematerialien zu senden, wenn Sie sich f\u00fcr den Erhalt dieser Materialien entschieden haben.<\/li><li>\u00a0<\/li><\/ul><ol start=\"4\"><li><strong> Weitergabe Ihrer Informationen<\/strong><\/li><\/ol><ul><li>Mit Dienstleistern: Wir k\u00f6nnen Ihre Daten an vertrauensw\u00fcrdige Drittanbieter weitergeben, die uns beim Betrieb unserer Website, der Zahlungsabwicklung oder der Durchf\u00fchrung von Gesch\u00e4ftsaktivit\u00e4ten unterst\u00fctzen. Diese Parteien sind verpflichtet, Ihre Daten vertraulich und sicher zu behandeln.<\/li><li>Gesetzliche Anforderungen: Wir k\u00f6nnen Ihre Daten offenlegen, wenn wir gesetzlich dazu verpflichtet sind, als Reaktion auf Rechtsverfahren oder um unsere Rechte, Privatsph\u00e4re, Sicherheit oder unser Eigentum bzw. die Rechte, Privatsph\u00e4re, Sicherheit oder das Eigentum unserer Benutzer zu sch\u00fctzen.<\/li><li>\u00a0<\/li><\/ul><ol start=\"5\"><li><strong> Datensicherheit<\/strong><\/li><\/ol><p>Wir setzen branchen\u00fcbliche Sicherheitsma\u00dfnahmen ein, um Ihre personenbezogenen Daten vor unbefugtem Zugriff, Ver\u00e4nderung, Weitergabe oder Zerst\u00f6rung zu sch\u00fctzen. Bitte beachten Sie jedoch, dass keine Methode der Internet\u00fcbertragung oder elektronischen Speicherung absolut sicher ist.<\/p><ol start=\"6\"><li><strong> Ihre Rechte und Wahlm\u00f6glichkeiten<\/strong><\/li><\/ol><ul><li>Zugriff und Korrektur: Sie haben das Recht, auf Ihre pers\u00f6nlichen Daten zuzugreifen, diese zu korrigieren oder zu aktualisieren. Sie k\u00f6nnen dies tun, indem Sie uns direkt kontaktieren.<\/li><li>Datenl\u00f6schung: Sie k\u00f6nnen die L\u00f6schung Ihrer personenbezogenen Daten verlangen, vorbehaltlich etwaiger gesetzlicher oder vertraglicher Verpflichtungen.<\/li><li>Abmeldung vom Marketing: Sie k\u00f6nnen den Erhalt von Marketing-Mitteilungen von uns ablehnen, indem Sie den in jeder E-Mail enthaltenen Anweisungen zum Abbestellen folgen oder indem Sie uns direkt kontaktieren.<\/li><li>\u00a0<\/li><\/ul><ol start=\"7\"><li><strong> \u00c4nderungen dieser Datenschutzrichtlinie<\/strong><\/li><\/ol><p>Wir behalten uns das Recht vor, diese Datenschutzrichtlinie gelegentlich zu aktualisieren, um \u00c4nderungen unserer Praktiken oder gesetzlichen Anforderungen Rechnung zu tragen. Wesentliche \u00c4nderungen werden auf unserer Website ver\u00f6ffentlicht, und wir benachrichtigen Sie gegebenenfalls. Ihre fortgesetzte Nutzung unserer Dienste nach solchen \u00c4nderungen gilt als Zustimmung zur aktualisierten Richtlinie.<\/p><ol start=\"8\"><li><strong> Kontakt<\/strong><\/li><\/ol><p>Wenn Sie Fragen oder Bedenken zu dieser Datenschutzrichtlinie oder unseren Datenschutzpraktiken haben, kontaktieren Sie uns bitte unter: sales@windboostersales.com<\/p>\t\t\t\t\t\t\t\t<\/div>\n\t\t\t\t<\/div>\n\t\t\t\t\t<\/div>\n\t\t\t\t<\/div>\n\t\t\t\t<\/div>","protected":false},"excerpt":{"rendered":"<p>Privacy Policy Introduction Welcome to Windbooster. We are dedicated to safeguarding your privacy and ensuring that your personal information is handled responsibly. This Privacy Policy explains how we collect, use, and protect your data when you visit our website and use our services. Information We Collect Personal Information: When you make a purchase, sign up [&hellip;]<\/p>\n","protected":false},"author":1,"featured_media":0,"parent":0,"menu_order":0,"comment_status":"closed","ping_status":"open","template":"","meta":{"footnotes":""},"class_list":["post-3","page","type-page","status-publish","hentry"],"_links":{"self":[{"href":"https:\/\/windboostersales.com\/de\/wp-json\/wp\/v2\/pages\/3","targetHints":{"allow":["GET"]}}],"collection":[{"href":"https:\/\/windboostersales.com\/de\/wp-json\/wp\/v2\/pages"}],"about":[{"href":"https:\/\/windboostersales.com\/de\/wp-json\/wp\/v2\/types\/page"}],"author":[{"embeddable":true,"href":"https:\/\/windboostersales.com\/de\/wp-json\/wp\/v2\/users\/1"}],"replies":[{"embeddable":true,"href":"https:\/\/windboostersales.com\/de\/wp-json\/wp\/v2\/comments?post=3"}],"version-history":[{"count":0,"href":"https:\/\/windboostersales.com\/de\/wp-json\/wp\/v2\/pages\/3\/revisions"}],"wp:attachment":[{"href":"https:\/\/windboostersales.com\/de\/wp-json\/wp\/v2\/media?parent=3"}],"curies":[{"name":"wp","href":"https:\/\/api.w.org\/{rel}","templated":true}]}}